{"id":1098,"date":"2016-11-24T16:34:01","date_gmt":"2016-11-24T16:34:01","guid":{"rendered":"https:\/\/biathlonnmnm.yashicadev.cz\/de\/fuer-besucher\/doprava\/"},"modified":"2020-02-18T11:01:40","modified_gmt":"2020-02-18T11:01:40","slug":"shuttle","status":"publish","type":"page","link":"https:\/\/biathlonnmnm.yashicadev.cz\/de\/besucher\/shuttle\/","title":{"rendered":"Shuttle-Service"},"content":{"rendered":"<h3>PENDELVERKEHR<\/h3>\n<h5>Fahrpl\u00e4ne des Pendelverkehrs\u00a0<\/h5>\n\n\n<figure class=\"wp-block-image size-large\"><img decoding=\"async\" src=\"https:\/\/biathlonnmnm.yashicadev.cz\/wp-content\/uploads\/2020\/02\/shuttle2020-01-697x1024.png\" alt=\"\" class=\"wp-image-2955\"\/><\/figure>\n\n\n\n<p><strong>Netzplan des Pendelverkehrs<\/strong><\/p>\n\n\n\n<figure class=\"wp-block-image size-large\"><img decoding=\"async\" src=\"https:\/\/biathlonnmnm.yashicadev.cz\/wp-content\/uploads\/2020\/02\/shuttle2020-02-1024x933.png\" alt=\"\" class=\"wp-image-2952\"\/><\/figure>\n\n\n\n<p>Kompletter Fahrplan mit Landkarten und Programm des Events k\u00f6nnen Sie <a href=\"https:\/\/biathlonnmnm.yashicadev.cz\/wp-content\/uploads\/2020\/02\/NMNM-WC-2020-odjezdy-kyvadlova\u0301-doprava.pdf\" target=\"_blank\" rel=\"noreferrer noopener\" aria-label=\" (otev\u0159e se na nov\u00e9 z\u00e1lo\u017ece)\"><strong>hier herunterladen.<\/strong><\/a><\/p>\n","protected":false},"excerpt":{"rendered":"<p>PENDELVERKEHR Fahrpl\u00e4ne des Pendelverkehrs\u00a0 Netzplan des Pendelverkehrs Kompletter Fahrplan mit Landkarten und Programm des Events k\u00f6nnen Sie hier herunterladen.<\/p>\n","protected":false},"author":4,"featured_media":0,"parent":1261,"menu_order":4,"comment_status":"closed","ping_status":"closed","template":"","meta":[],"yst_prominent_words":[],"yoast_head":"<!-- This site is optimized with the Yoast SEO Premium plugin v14.1 - https:\/\/yoast.com\/wordpress\/plugins\/seo\/ -->\n<meta name=\"robots\" content=\"noindex, follow\" \/>\n<meta property=\"og:locale\" content=\"de_DE\" \/>\n<meta property=\"og:type\" content=\"article\" \/>\n<meta property=\"og:title\" content=\"Shuttle-Service - Biathlon Nov\u00e9 M\u011bsto na Morav\u011b\" \/>\n<meta property=\"og:description\" content=\"PENDELVERKEHR Fahrpl\u00e4ne des Pendelverkehrs\u00a0 Netzplan des Pendelverkehrs Kompletter Fahrplan mit Landkarten und Programm des Events k\u00f6nnen Sie hier herunterladen.\" \/>\n<meta property=\"og:url\" content=\"https:\/\/biathlonnmnm.yashicadev.cz\/de\/besucher\/shuttle\/\" \/>\n<meta property=\"og:site_name\" content=\"Biathlon Nov\u00e9 M\u011bsto na Morav\u011b\" \/>\n<meta property=\"article:modified_time\" content=\"2020-02-18T11:01:40+00:00\" \/>\n<meta property=\"og:image\" content=\"https:\/\/biathlonnmnm.yashicadev.cz\/wp-content\/uploads\/2020\/02\/shuttle2020-01-697x1024.png\" \/>\n<meta name=\"twitter:card\" content=\"summary_large_image\" \/>\n<script type=\"application\/ld+json\" class=\"yoast-schema-graph\">{\"@context\":\"https:\/\/schema.org\",\"@graph\":[{\"@type\":\"WebSite\",\"@id\":\"https:\/\/biathlonnmnm.yashicadev.cz\/de\/#website\",\"url\":\"https:\/\/biathlonnmnm.yashicadev.cz\/de\/\",\"name\":\"Biathlon Nov\\u00e9 M\\u011bsto na Morav\\u011b\",\"description\":\"Biathlon Nov\\u00e9 M\\u011bsto na Morav\\u011b - Biatlon NMNM\",\"potentialAction\":[{\"@type\":\"SearchAction\",\"target\":\"https:\/\/biathlonnmnm.yashicadev.cz\/de\/?s={search_term_string}\",\"query-input\":\"required name=search_term_string\"}],\"inLanguage\":\"de-DE\"},{\"@type\":\"ImageObject\",\"@id\":\"https:\/\/biathlonnmnm.yashicadev.cz\/de\/besucher\/shuttle\/#primaryimage\",\"inLanguage\":\"de-DE\",\"url\":\"https:\/\/biathlonnmnm.yashicadev.cz\/wp-content\/uploads\/2020\/02\/shuttle2020-01-697x1024.png\"},{\"@type\":\"WebPage\",\"@id\":\"https:\/\/biathlonnmnm.yashicadev.cz\/de\/besucher\/shuttle\/#webpage\",\"url\":\"https:\/\/biathlonnmnm.yashicadev.cz\/de\/besucher\/shuttle\/\",\"name\":\"Shuttle-Service - Biathlon Nov\\u00e9 M\\u011bsto na Morav\\u011b\",\"isPartOf\":{\"@id\":\"https:\/\/biathlonnmnm.yashicadev.cz\/de\/#website\"},\"primaryImageOfPage\":{\"@id\":\"https:\/\/biathlonnmnm.yashicadev.cz\/de\/besucher\/shuttle\/#primaryimage\"},\"datePublished\":\"2016-11-24T16:34:01+00:00\",\"dateModified\":\"2020-02-18T11:01:40+00:00\",\"inLanguage\":\"de-DE\",\"potentialAction\":[{\"@type\":\"ReadAction\",\"target\":[\"https:\/\/biathlonnmnm.yashicadev.cz\/de\/besucher\/shuttle\/\"]}]}]}<\/script>\n<!-- \/ Yoast SEO Premium plugin. -->","_links":{"self":[{"href":"https:\/\/biathlonnmnm.yashicadev.cz\/de\/wp-json\/wp\/v2\/pages\/1098"}],"collection":[{"href":"https:\/\/biathlonnmnm.yashicadev.cz\/de\/wp-json\/wp\/v2\/pages"}],"about":[{"href":"https:\/\/biathlonnmnm.yashicadev.cz\/de\/wp-json\/wp\/v2\/types\/page"}],"author":[{"embeddable":true,"href":"https:\/\/biathlonnmnm.yashicadev.cz\/de\/wp-json\/wp\/v2\/users\/4"}],"replies":[{"embeddable":true,"href":"https:\/\/biathlonnmnm.yashicadev.cz\/de\/wp-json\/wp\/v2\/comments?post=1098"}],"version-history":[{"count":8,"href":"https:\/\/biathlonnmnm.yashicadev.cz\/de\/wp-json\/wp\/v2\/pages\/1098\/revisions"}],"predecessor-version":[{"id":2282,"href":"https:\/\/biathlonnmnm.yashicadev.cz\/de\/wp-json\/wp\/v2\/pages\/1098\/revisions\/2282"}],"up":[{"embeddable":true,"href":"https:\/\/biathlonnmnm.yashicadev.cz\/de\/wp-json\/wp\/v2\/pages\/1261"}],"wp:attachment":[{"href":"https:\/\/biathlonnmnm.yashicadev.cz\/de\/wp-json\/wp\/v2\/media?parent=1098"}],"wp:term":[{"taxonomy":"yst_prominent_words","embeddable":true,"href":"https:\/\/biathlonnmnm.yashicadev.cz\/de\/wp-json\/wp\/v2\/yst_prominent_words?post=1098"}],"curies":[{"name":"wp","href":"https:\/\/api.w.org\/{rel}","templated":true}]}}