{"id":1110,"date":"2016-11-29T13:19:40","date_gmt":"2016-11-29T13:19:40","guid":{"rendered":"https:\/\/biathlonnmnm.yashicadev.cz\/de\/?page_id=1110"},"modified":"2024-01-08T18:41:25","modified_gmt":"2024-01-08T18:41:25","slug":"wohnmobile","status":"publish","type":"page","link":"https:\/\/biathlonnmnm.yashicadev.cz\/de\/besucher\/wohnmobile\/","title":{"rendered":"Wohnmobile\/ Wohnwagen"},"content":{"rendered":"<p>Der Stellplatz f\u00fcr Wohnmobile (P12) befindet sich im Dorf Mar\u0161ovice (ca 1,5 Km von Vyso\u010dina Ar\u00e9na entfernt). <span style=\"color: #808080;\"><a href=\"#mapka\">Siehe auch Karte am Ende dieses Artikels.<\/a><\/span><\/p>\n<p><strong>Vom 16. bis 18. Februar sind alle verf\u00fcgbaren Pl\u00e4tze bereits belegt.<\/strong><\/p>\n<p>Ausstattung des Platzes:<\/p>\n<ul>\n<li>70 Stellpl\u00e4tze, elektrische Steckdosen f\u00fcr 70 Wohnmobile\/Wohnwagen (jede f\u00fcr 10A)<\/li>\n<li>Lebensmittelgesch\u00e4ft &#8222;Coop&#8220;, zwei Restaurants \u201eMar\u0161ovsk\u00e1 Rychta\u201c und \u201eRomantika\u201c<\/li>\n<li>Dusche und WC in unmittelbare N\u00e4he<\/li>\n<li>Gasverkauf (muss extra bezahlt werden)<\/li>\n<\/ul>\n<p>Preis:<\/p>\n<ul>\n<li><span style=\"font-size: revert;\">Wohnmobil 14 EUR Tag\/Nacht<\/span><\/li>\n<li><span style=\"font-size: revert;\">Erwachsene ab 16 Jahre 10 EUR Tag\/Nacht<\/span><\/li>\n<li><span style=\"font-size: revert;\">Kinder von 3 J. bis 15 Jahren 4 EUR Tag\/Nacht<\/span><\/li>\n<li><span style=\"font-size: revert;\">Kinder unter 3 Jahren KOSTENLOS<\/span><\/li>\n<li><span style=\"font-size: revert;\">Stromanschluss 10 EUR Tag\/Nacht<\/span><\/li>\n<li><span style=\"font-size: revert;\">Tiere 4 EUR Tag\/Nacht<\/span><\/li>\n<li><span style=\"font-size: revert;\">Hochgeschwindigkeits-WLAN KOSTENLOS<\/span><\/li>\n<li><span style=\"font-size: revert;\">WC und Dursche KOSTENLOSDer Preis ist inbegriffen:<\/span><\/li>\n<\/ul>\n<p>Der Gesamtpreis ist bei Anreise bar oder mit Kreditkarte zu bezahlen.<\/p>\n<p>Falls Sie sich einen Stellplatz reservieren m\u00f6chten, rufen Sie <a href=\"tel:+420 778 447 970\">+420 778 447 970<\/a> oder schicken Sie uns eine schriftliche Reservierung auf Email auf <a href=\"mailto:janicka.jesterka@gmail.com\">janicka.jesterka@gmail.com<\/a><\/p>\n<p>F\u00fcr Ihre Reservierung schicken Sie, bitte, folgende Informationen:<\/p>\n<ul>\n<li>Wann Sie ankommen und wann Sie abreisen<\/li>\n<li>Gr\u00f6\u00dfe und Gewicht des Wohnmobiles<\/li>\n<li>Personenanzahl<\/li>\n<li>evtl. Ihre weitere W\u00fcnsche oder Anforderungen<\/li>\n<\/ul>\n","protected":false},"excerpt":{"rendered":"<p>Der Stellplatz f\u00fcr Wohnmobile (P12) befindet sich im Dorf Mar\u0161ovice (ca 1,5 Km von Vyso\u010dina Ar\u00e9na entfernt). Siehe auch Karte am Ende dieses Artikels. Vom 16. bis 18. Februar sind alle verf\u00fcgbaren Pl\u00e4tze bereits belegt. Ausstattung des Platzes: 70 Stellpl\u00e4tze, elektrische Steckdosen f\u00fcr 70 Wohnmobile\/Wohnwagen (jede f\u00fcr 10A) Lebensmittelgesch\u00e4ft &#8222;Coop&#8220;, zwei Restaurants \u201eMar\u0161ovsk\u00e1 Rychta\u201c und [&hellip;]<\/p>\n","protected":false},"author":4,"featured_media":0,"parent":1261,"menu_order":1,"comment_status":"closed","ping_status":"closed","template":"","meta":[],"yst_prominent_words":[],"yoast_head":"<!-- This site is optimized with the Yoast SEO Premium plugin v14.1 - https:\/\/yoast.com\/wordpress\/plugins\/seo\/ -->\n<meta name=\"robots\" content=\"noindex, follow\" \/>\n<meta property=\"og:locale\" content=\"de_DE\" \/>\n<meta property=\"og:type\" content=\"article\" \/>\n<meta property=\"og:title\" content=\"Wohnmobile\/ Wohnwagen - Biathlon Nov\u00e9 M\u011bsto na Morav\u011b\" \/>\n<meta property=\"og:description\" content=\"Der Stellplatz f\u00fcr Wohnmobile (P12) befindet sich im Dorf Mar\u0161ovice (ca 1,5 Km von Vyso\u010dina Ar\u00e9na entfernt). Siehe auch Karte am Ende dieses Artikels. Vom 16. bis 18. Februar sind alle verf\u00fcgbaren Pl\u00e4tze bereits belegt. Ausstattung des Platzes: 70 Stellpl\u00e4tze, elektrische Steckdosen f\u00fcr 70 Wohnmobile\/Wohnwagen (jede f\u00fcr 10A) Lebensmittelgesch\u00e4ft &#8222;Coop&#8220;, zwei Restaurants \u201eMar\u0161ovsk\u00e1 Rychta\u201c und [&hellip;]\" \/>\n<meta property=\"og:url\" content=\"https:\/\/biathlonnmnm.yashicadev.cz\/de\/besucher\/wohnmobile\/\" \/>\n<meta property=\"og:site_name\" content=\"Biathlon Nov\u00e9 M\u011bsto na Morav\u011b\" \/>\n<meta property=\"article:modified_time\" content=\"2024-01-08T18:41:25+00:00\" \/>\n<meta name=\"twitter:card\" content=\"summary_large_image\" \/>\n<script type=\"application\/ld+json\" class=\"yoast-schema-graph\">{\"@context\":\"https:\/\/schema.org\",\"@graph\":[{\"@type\":\"WebSite\",\"@id\":\"https:\/\/biathlonnmnm.yashicadev.cz\/de\/#website\",\"url\":\"https:\/\/biathlonnmnm.yashicadev.cz\/de\/\",\"name\":\"Biathlon Nov\\u00e9 M\\u011bsto na Morav\\u011b\",\"description\":\"Biathlon Nov\\u00e9 M\\u011bsto na Morav\\u011b - Biatlon NMNM\",\"potentialAction\":[{\"@type\":\"SearchAction\",\"target\":\"https:\/\/biathlonnmnm.yashicadev.cz\/de\/?s={search_term_string}\",\"query-input\":\"required name=search_term_string\"}],\"inLanguage\":\"de-DE\"},{\"@type\":\"WebPage\",\"@id\":\"https:\/\/biathlonnmnm.yashicadev.cz\/de\/besucher\/wohnmobile\/#webpage\",\"url\":\"https:\/\/biathlonnmnm.yashicadev.cz\/de\/besucher\/wohnmobile\/\",\"name\":\"Wohnmobile\/ Wohnwagen - Biathlon Nov\\u00e9 M\\u011bsto na Morav\\u011b\",\"isPartOf\":{\"@id\":\"https:\/\/biathlonnmnm.yashicadev.cz\/de\/#website\"},\"datePublished\":\"2016-11-29T13:19:40+00:00\",\"dateModified\":\"2024-01-08T18:41:25+00:00\",\"inLanguage\":\"de-DE\",\"potentialAction\":[{\"@type\":\"ReadAction\",\"target\":[\"https:\/\/biathlonnmnm.yashicadev.cz\/de\/besucher\/wohnmobile\/\"]}]}]}<\/script>\n<!-- \/ Yoast SEO Premium plugin. -->","_links":{"self":[{"href":"https:\/\/biathlonnmnm.yashicadev.cz\/de\/wp-json\/wp\/v2\/pages\/1110"}],"collection":[{"href":"https:\/\/biathlonnmnm.yashicadev.cz\/de\/wp-json\/wp\/v2\/pages"}],"about":[{"href":"https:\/\/biathlonnmnm.yashicadev.cz\/de\/wp-json\/wp\/v2\/types\/page"}],"author":[{"embeddable":true,"href":"https:\/\/biathlonnmnm.yashicadev.cz\/de\/wp-json\/wp\/v2\/users\/4"}],"replies":[{"embeddable":true,"href":"https:\/\/biathlonnmnm.yashicadev.cz\/de\/wp-json\/wp\/v2\/comments?post=1110"}],"version-history":[{"count":17,"href":"https:\/\/biathlonnmnm.yashicadev.cz\/de\/wp-json\/wp\/v2\/pages\/1110\/revisions"}],"predecessor-version":[{"id":7763,"href":"https:\/\/biathlonnmnm.yashicadev.cz\/de\/wp-json\/wp\/v2\/pages\/1110\/revisions\/7763"}],"up":[{"embeddable":true,"href":"https:\/\/biathlonnmnm.yashicadev.cz\/de\/wp-json\/wp\/v2\/pages\/1261"}],"wp:attachment":[{"href":"https:\/\/biathlonnmnm.yashicadev.cz\/de\/wp-json\/wp\/v2\/media?parent=1110"}],"wp:term":[{"taxonomy":"yst_prominent_words","embeddable":true,"href":"https:\/\/biathlonnmnm.yashicadev.cz\/de\/wp-json\/wp\/v2\/yst_prominent_words?post=1110"}],"curies":[{"name":"wp","href":"https:\/\/api.w.org\/{rel}","templated":true}]}}