{"id":1129,"date":"2016-11-30T14:36:38","date_gmt":"2016-11-30T14:36:38","guid":{"rendered":"https:\/\/biathlonnmnm.yashicadev.cz\/de\/?page_id=1129"},"modified":"2022-11-24T11:06:12","modified_gmt":"2022-11-24T11:06:12","slug":"weltcup-programm","status":"publish","type":"page","link":"https:\/\/biathlonnmnm.yashicadev.cz\/de\/programm\/weltcup-programm\/","title":{"rendered":"Programm"},"content":{"rendered":"<h5>BMW IBU Weltcup Biathlon<\/h5>\n<p>Vyso\u010dina Arena, Nov\u00e9 M\u011bsto na Morav\u011b | 27. 2. &#8211; 5. 3. 2023<\/p>\n<div style=\"overflow-x: auto;\">\n<table style=\"width: 650px;\">\n<tbody>\n<tr style=\"background-color: #023850;\">\n<th style=\"color: white; text-align: left; width: 112px;\">Tag<\/th>\n<th style=\"color: white; width: 89px;\"><\/th>\n<th style=\"color: white; text-align: center; width: 54px;\">Start<\/th>\n<th style=\"color: white; text-align: center; width: 156px;\">Arena &#8211;\u00a0Er\u00f6ffnung<\/th>\n<th style=\"color: white; width: 225px; text-align: left;\">Disziplin<\/th>\n<\/tr>\n<tr>\n<td style=\"text-align: left; width: 112px;\">Donnerstag<\/td>\n<td style=\"width: 89px;\">2. 3. 2023<\/td>\n<td style=\"text-align: center; width: 54px;\">16:10<\/td>\n<td style=\"text-align: center; width: 156px;\"><\/td>\n<td style=\"width: 225px; text-align: left;\">Sprint M\u00e4nner<\/td>\n<\/tr>\n<tr>\n<td style=\"text-align: left; width: 112px;\">Freitag<\/td>\n<td style=\"width: 89px;\">3. 3. 2023<\/td>\n<td style=\"text-align: center; width: 54px;\">16:10<\/td>\n<td style=\"text-align: center; width: 156px;\"><\/td>\n<td style=\"width: 225px; text-align: left;\">Sprint Frauen<\/td>\n<\/tr>\n<tr>\n<td style=\"text-align: left; width: 112px;\">Samstag<\/td>\n<td style=\"width: 89px;\">4. 3. 2023<\/td>\n<td style=\"text-align: center; width: 54px;\">13:50<\/td>\n<td style=\"text-align: center; width: 156px;\"><\/td>\n<td style=\"width: 225px; text-align: left;\">Verfolgung M\u00e4nner<\/td>\n<\/tr>\n<tr>\n<td style=\"text-align: left; width: 112px;\"><\/td>\n<td style=\"width: 89px;\"><\/td>\n<td style=\"text-align: center; width: 54px;\">15:45<\/td>\n<td style=\"text-align: center; width: 156px;\"><\/td>\n<td style=\"width: 225px; text-align: left;\">Verfolgung\u00a0Frauen<\/td>\n<\/tr>\n<tr>\n<td style=\"text-align: left; width: 112px;\">Sonntag<\/td>\n<td style=\"width: 89px;\">5. 3. 2023<\/td>\n<td style=\"text-align: center; width: 54px;\">11:30<\/td>\n<td style=\"text-align: center; width: 156px;\"><\/td>\n<td style=\"width: 225px; text-align: left;\">Mixed Staffel (F+M)<\/td>\n<\/tr>\n<tr>\n<td style=\"text-align: left; width: 112px;\"><\/td>\n<td style=\"width: 89px;\"><\/td>\n<td style=\"text-align: center; width: 54px;\">15:15<\/td>\n<td style=\"text-align: center; width: 156px;\"><\/td>\n<td style=\"width: 225px; text-align: left;\">Single Mixed Staffel (F+M)<\/td>\n<\/tr>\n<\/tbody>\n<\/table>\n<\/div>\n<div style=\"overflow-x: auto;\"><\/div>\n","protected":false},"excerpt":{"rendered":"<p>BMW IBU Weltcup Biathlon Vyso\u010dina Arena, Nov\u00e9 M\u011bsto na Morav\u011b | 27. 2. &#8211; 5. 3. 2023 Tag Start Arena &#8211;\u00a0Er\u00f6ffnung Disziplin Donnerstag 2. 3. 2023 16:10 Sprint M\u00e4nner Freitag 3. 3. 2023 16:10 Sprint Frauen Samstag 4. 3. 2023 13:50 Verfolgung M\u00e4nner 15:45 Verfolgung\u00a0Frauen Sonntag 5. 3. 2023 11:30 Mixed Staffel (F+M) 15:15 Single [&hellip;]<\/p>\n","protected":false},"author":4,"featured_media":0,"parent":294,"menu_order":1,"comment_status":"closed","ping_status":"closed","template":"","meta":[],"yst_prominent_words":[],"yoast_head":"<!-- This site is optimized with the Yoast SEO Premium plugin v14.1 - https:\/\/yoast.com\/wordpress\/plugins\/seo\/ -->\n<meta name=\"robots\" content=\"noindex, follow\" \/>\n<meta property=\"og:locale\" content=\"de_DE\" \/>\n<meta property=\"og:type\" content=\"article\" \/>\n<meta property=\"og:title\" content=\"Programm - Biathlon Nov\u00e9 M\u011bsto na Morav\u011b\" \/>\n<meta property=\"og:description\" content=\"BMW IBU Weltcup Biathlon Vyso\u010dina Arena, Nov\u00e9 M\u011bsto na Morav\u011b | 27. 2. &#8211; 5. 3. 2023 Tag Start Arena &#8211;\u00a0Er\u00f6ffnung Disziplin Donnerstag 2. 3. 2023 16:10 Sprint M\u00e4nner Freitag 3. 3. 2023 16:10 Sprint Frauen Samstag 4. 3. 2023 13:50 Verfolgung M\u00e4nner 15:45 Verfolgung\u00a0Frauen Sonntag 5. 3. 2023 11:30 Mixed Staffel (F+M) 15:15 Single [&hellip;]\" \/>\n<meta property=\"og:url\" content=\"https:\/\/biathlonnmnm.yashicadev.cz\/de\/programm\/weltcup-programm\/\" \/>\n<meta property=\"og:site_name\" content=\"Biathlon Nov\u00e9 M\u011bsto na Morav\u011b\" \/>\n<meta property=\"article:modified_time\" content=\"2022-11-24T11:06:12+00:00\" \/>\n<meta name=\"twitter:card\" content=\"summary_large_image\" \/>\n<script type=\"application\/ld+json\" class=\"yoast-schema-graph\">{\"@context\":\"https:\/\/schema.org\",\"@graph\":[{\"@type\":\"WebSite\",\"@id\":\"https:\/\/biathlonnmnm.yashicadev.cz\/de\/#website\",\"url\":\"https:\/\/biathlonnmnm.yashicadev.cz\/de\/\",\"name\":\"Biathlon Nov\\u00e9 M\\u011bsto na Morav\\u011b\",\"description\":\"Biathlon Nov\\u00e9 M\\u011bsto na Morav\\u011b - Biatlon NMNM\",\"potentialAction\":[{\"@type\":\"SearchAction\",\"target\":\"https:\/\/biathlonnmnm.yashicadev.cz\/de\/?s={search_term_string}\",\"query-input\":\"required name=search_term_string\"}],\"inLanguage\":\"de-DE\"},{\"@type\":\"WebPage\",\"@id\":\"https:\/\/biathlonnmnm.yashicadev.cz\/de\/programm\/weltcup-programm\/#webpage\",\"url\":\"https:\/\/biathlonnmnm.yashicadev.cz\/de\/programm\/weltcup-programm\/\",\"name\":\"Programm - Biathlon Nov\\u00e9 M\\u011bsto na Morav\\u011b\",\"isPartOf\":{\"@id\":\"https:\/\/biathlonnmnm.yashicadev.cz\/de\/#website\"},\"datePublished\":\"2016-11-30T14:36:38+00:00\",\"dateModified\":\"2022-11-24T11:06:12+00:00\",\"inLanguage\":\"de-DE\",\"potentialAction\":[{\"@type\":\"ReadAction\",\"target\":[\"https:\/\/biathlonnmnm.yashicadev.cz\/de\/programm\/weltcup-programm\/\"]}]}]}<\/script>\n<!-- \/ Yoast SEO Premium plugin. -->","_links":{"self":[{"href":"https:\/\/biathlonnmnm.yashicadev.cz\/de\/wp-json\/wp\/v2\/pages\/1129"}],"collection":[{"href":"https:\/\/biathlonnmnm.yashicadev.cz\/de\/wp-json\/wp\/v2\/pages"}],"about":[{"href":"https:\/\/biathlonnmnm.yashicadev.cz\/de\/wp-json\/wp\/v2\/types\/page"}],"author":[{"embeddable":true,"href":"https:\/\/biathlonnmnm.yashicadev.cz\/de\/wp-json\/wp\/v2\/users\/4"}],"replies":[{"embeddable":true,"href":"https:\/\/biathlonnmnm.yashicadev.cz\/de\/wp-json\/wp\/v2\/comments?post=1129"}],"version-history":[{"count":25,"href":"https:\/\/biathlonnmnm.yashicadev.cz\/de\/wp-json\/wp\/v2\/pages\/1129\/revisions"}],"predecessor-version":[{"id":7388,"href":"https:\/\/biathlonnmnm.yashicadev.cz\/de\/wp-json\/wp\/v2\/pages\/1129\/revisions\/7388"}],"up":[{"embeddable":true,"href":"https:\/\/biathlonnmnm.yashicadev.cz\/de\/wp-json\/wp\/v2\/pages\/294"}],"wp:attachment":[{"href":"https:\/\/biathlonnmnm.yashicadev.cz\/de\/wp-json\/wp\/v2\/media?parent=1129"}],"wp:term":[{"taxonomy":"yst_prominent_words","embeddable":true,"href":"https:\/\/biathlonnmnm.yashicadev.cz\/de\/wp-json\/wp\/v2\/yst_prominent_words?post=1129"}],"curies":[{"name":"wp","href":"https:\/\/api.w.org\/{rel}","templated":true}]}}