{"id":1261,"date":"2016-12-02T15:30:44","date_gmt":"2016-12-02T15:30:44","guid":{"rendered":"https:\/\/biathlonnmnm.yashicadev.cz\/de\/?page_id=1261"},"modified":"2016-12-15T11:36:01","modified_gmt":"2016-12-15T11:36:01","slug":"besucher","status":"publish","type":"page","link":"https:\/\/biathlonnmnm.yashicadev.cz\/de\/besucher\/","title":{"rendered":"Tipps"},"content":{"rendered":"","protected":false},"excerpt":{"rendered":"","protected":false},"author":8,"featured_media":0,"parent":0,"menu_order":21,"comment_status":"closed","ping_status":"closed","template":"","meta":[],"yst_prominent_words":[],"yoast_head":"<!-- This site is optimized with the Yoast SEO Premium plugin v14.1 - https:\/\/yoast.com\/wordpress\/plugins\/seo\/ -->\n<meta name=\"robots\" content=\"noindex, follow\" \/>\n<meta property=\"og:locale\" content=\"de_DE\" \/>\n<meta property=\"og:type\" content=\"article\" \/>\n<meta property=\"og:title\" content=\"Tipps - Biathlon Nov\u00e9 M\u011bsto na Morav\u011b\" \/>\n<meta property=\"og:url\" content=\"https:\/\/biathlonnmnm.yashicadev.cz\/de\/besucher\/\" \/>\n<meta property=\"og:site_name\" content=\"Biathlon Nov\u00e9 M\u011bsto na Morav\u011b\" \/>\n<meta property=\"article:modified_time\" content=\"2016-12-15T11:36:01+00:00\" \/>\n<meta name=\"twitter:card\" content=\"summary_large_image\" \/>\n<script type=\"application\/ld+json\" class=\"yoast-schema-graph\">{\"@context\":\"https:\/\/schema.org\",\"@graph\":[{\"@type\":\"WebSite\",\"@id\":\"https:\/\/biathlonnmnm.yashicadev.cz\/de\/#website\",\"url\":\"https:\/\/biathlonnmnm.yashicadev.cz\/de\/\",\"name\":\"Biathlon Nov\\u00e9 M\\u011bsto na Morav\\u011b\",\"description\":\"Biathlon Nov\\u00e9 M\\u011bsto na Morav\\u011b - Biatlon NMNM\",\"potentialAction\":[{\"@type\":\"SearchAction\",\"target\":\"https:\/\/biathlonnmnm.yashicadev.cz\/de\/?s={search_term_string}\",\"query-input\":\"required name=search_term_string\"}],\"inLanguage\":\"de-DE\"},{\"@type\":\"WebPage\",\"@id\":\"https:\/\/biathlonnmnm.yashicadev.cz\/de\/besucher\/#webpage\",\"url\":\"https:\/\/biathlonnmnm.yashicadev.cz\/de\/besucher\/\",\"name\":\"Tipps - Biathlon Nov\\u00e9 M\\u011bsto na Morav\\u011b\",\"isPartOf\":{\"@id\":\"https:\/\/biathlonnmnm.yashicadev.cz\/de\/#website\"},\"datePublished\":\"2016-12-02T15:30:44+00:00\",\"dateModified\":\"2016-12-15T11:36:01+00:00\",\"inLanguage\":\"de-DE\",\"potentialAction\":[{\"@type\":\"ReadAction\",\"target\":[\"https:\/\/biathlonnmnm.yashicadev.cz\/de\/besucher\/\"]}]}]}<\/script>\n<!-- \/ Yoast SEO Premium plugin. -->","_links":{"self":[{"href":"https:\/\/biathlonnmnm.yashicadev.cz\/de\/wp-json\/wp\/v2\/pages\/1261"}],"collection":[{"href":"https:\/\/biathlonnmnm.yashicadev.cz\/de\/wp-json\/wp\/v2\/pages"}],"about":[{"href":"https:\/\/biathlonnmnm.yashicadev.cz\/de\/wp-json\/wp\/v2\/types\/page"}],"author":[{"embeddable":true,"href":"https:\/\/biathlonnmnm.yashicadev.cz\/de\/wp-json\/wp\/v2\/users\/8"}],"replies":[{"embeddable":true,"href":"https:\/\/biathlonnmnm.yashicadev.cz\/de\/wp-json\/wp\/v2\/comments?post=1261"}],"version-history":[{"count":3,"href":"https:\/\/biathlonnmnm.yashicadev.cz\/de\/wp-json\/wp\/v2\/pages\/1261\/revisions"}],"predecessor-version":[{"id":1376,"href":"https:\/\/biathlonnmnm.yashicadev.cz\/de\/wp-json\/wp\/v2\/pages\/1261\/revisions\/1376"}],"wp:attachment":[{"href":"https:\/\/biathlonnmnm.yashicadev.cz\/de\/wp-json\/wp\/v2\/media?parent=1261"}],"wp:term":[{"taxonomy":"yst_prominent_words","embeddable":true,"href":"https:\/\/biathlonnmnm.yashicadev.cz\/de\/wp-json\/wp\/v2\/yst_prominent_words?post=1261"}],"curies":[{"name":"wp","href":"https:\/\/api.w.org\/{rel}","templated":true}]}}