{"id":1644,"date":"2016-12-12T15:47:55","date_gmt":"2016-12-12T15:47:55","guid":{"rendered":"https:\/\/biathlonnmnm.yashicadev.cz\/de\/besucher\/parkovani-2\/"},"modified":"2018-12-23T07:06:08","modified_gmt":"2018-12-23T07:06:08","slug":"parken-aktuell","status":"publish","type":"page","link":"https:\/\/biathlonnmnm.yashicadev.cz\/de\/besucher\/parken-aktuell\/","title":{"rendered":"Parken aktuell"},"content":{"rendered":"<p><strong><\/p>\n<p style=\"color:red;\">23.12.<br \/> \u2013 geschlossener Parkplatz im Krankenhaus (P7)<br \/>\u2013 begrenzte Parkm\u00f6glichkeiten im Nordwesten der Stadt (P15)<\/p>\n<p><\/strong><\/p>\n<p>Damit wir das Parken f\u00fcr Sie vereinfachen, haben wir diese Seite vorbereitet, wo Sie sich \u00fcber aktuelle Parksituation informieren k\u00f6nnen. Sie k\u00f6nnen einfach die Seite aktualisieren und Sie sehen sofort, wo es noch freie Parkpl\u00e4tze gibt und wie viele.\u00a0\u00dcber aktuelle Verkehrsituation k\u00f6nnen Sie sich <a href=\"https:\/\/www.waze.com\/cs\/livemap?lat=49.56303&amp;lon=16.06514&amp;zoom=14\" target=\"_blank\" rel=\"noopener\">hier<\/a> informieren.<\/p>\n<p>Wir empfehlen Ihnen, diese Seite vor Ihrem Ankunft zu aktualisieren, damit Sie gleich auf eine freie Parkfl\u00e4che ankommen und nicht lange einen freien Parkplatz suchen m\u00fcssen.<\/p>\n<p><em>Anm. Die Karte hat rein informatischen Charakter. In der unmittlerbarer N\u00e4he des Gel\u00e4ndes beachten Sie die Verkehrzeichen und die Informationen der Veranstalter und Polizei.<\/em><\/p>\n<p style=\"text-align: center;\"><strong><a href=\"https:\/\/biathlonnmnm.yashicadev.cz\/parking\/\" target=\"_blank\" rel=\"noopener\">Vyso\u010dina arena &#8211; Karte der Parkpl\u00e4tze (Karte in voller Aufl\u00f6sung anzeigen)<\/a><\/strong><a href=\"https:\/\/biathlonnmnm.yashicadev.cz\/parking\/\" target=\"_blank\" rel=\"noopener\"><\/a><\/p>\n<p><iframe style=\"width: 100%; height: 650px;\" src=\"https:\/\/biathlonnmnm.yashicadev.cz\/parking\/\"><\/iframe><\/p>\n","protected":false},"excerpt":{"rendered":"<p>23.12. \u2013 geschlossener Parkplatz im Krankenhaus (P7)\u2013 begrenzte Parkm\u00f6glichkeiten im Nordwesten der Stadt (P15) Damit wir das Parken f\u00fcr Sie vereinfachen, haben wir diese Seite vorbereitet, wo Sie sich \u00fcber aktuelle Parksituation informieren k\u00f6nnen. Sie k\u00f6nnen einfach die Seite aktualisieren und Sie sehen sofort, wo es noch freie Parkpl\u00e4tze gibt und wie viele.\u00a0\u00dcber aktuelle Verkehrsituation [&hellip;]<\/p>\n","protected":false},"author":1,"featured_media":0,"parent":1261,"menu_order":3,"comment_status":"closed","ping_status":"closed","template":"","meta":[],"yst_prominent_words":[],"yoast_head":"<!-- This site is optimized with the Yoast SEO Premium plugin v14.1 - https:\/\/yoast.com\/wordpress\/plugins\/seo\/ -->\n<meta name=\"robots\" content=\"noindex, follow\" \/>\n<meta property=\"og:locale\" content=\"de_DE\" \/>\n<meta property=\"og:type\" content=\"article\" \/>\n<meta property=\"og:title\" content=\"Parken aktuell - Biathlon Nov\u00e9 M\u011bsto na Morav\u011b\" \/>\n<meta property=\"og:description\" content=\"23.12. \u2013 geschlossener Parkplatz im Krankenhaus (P7)\u2013 begrenzte Parkm\u00f6glichkeiten im Nordwesten der Stadt (P15) Damit wir das Parken f\u00fcr Sie vereinfachen, haben wir diese Seite vorbereitet, wo Sie sich \u00fcber aktuelle Parksituation informieren k\u00f6nnen. Sie k\u00f6nnen einfach die Seite aktualisieren und Sie sehen sofort, wo es noch freie Parkpl\u00e4tze gibt und wie viele.\u00a0\u00dcber aktuelle Verkehrsituation [&hellip;]\" \/>\n<meta property=\"og:url\" content=\"https:\/\/biathlonnmnm.yashicadev.cz\/de\/besucher\/parken-aktuell\/\" \/>\n<meta property=\"og:site_name\" content=\"Biathlon Nov\u00e9 M\u011bsto na Morav\u011b\" \/>\n<meta property=\"article:modified_time\" content=\"2018-12-23T07:06:08+00:00\" \/>\n<meta name=\"twitter:card\" content=\"summary_large_image\" \/>\n<script type=\"application\/ld+json\" class=\"yoast-schema-graph\">{\"@context\":\"https:\/\/schema.org\",\"@graph\":[{\"@type\":\"WebSite\",\"@id\":\"https:\/\/biathlonnmnm.yashicadev.cz\/de\/#website\",\"url\":\"https:\/\/biathlonnmnm.yashicadev.cz\/de\/\",\"name\":\"Biathlon Nov\\u00e9 M\\u011bsto na Morav\\u011b\",\"description\":\"Biathlon Nov\\u00e9 M\\u011bsto na Morav\\u011b - Biatlon NMNM\",\"potentialAction\":[{\"@type\":\"SearchAction\",\"target\":\"https:\/\/biathlonnmnm.yashicadev.cz\/de\/?s={search_term_string}\",\"query-input\":\"required name=search_term_string\"}],\"inLanguage\":\"de-DE\"},{\"@type\":\"WebPage\",\"@id\":\"https:\/\/biathlonnmnm.yashicadev.cz\/de\/besucher\/parken-aktuell\/#webpage\",\"url\":\"https:\/\/biathlonnmnm.yashicadev.cz\/de\/besucher\/parken-aktuell\/\",\"name\":\"Parken aktuell - Biathlon Nov\\u00e9 M\\u011bsto na Morav\\u011b\",\"isPartOf\":{\"@id\":\"https:\/\/biathlonnmnm.yashicadev.cz\/de\/#website\"},\"datePublished\":\"2016-12-12T15:47:55+00:00\",\"dateModified\":\"2018-12-23T07:06:08+00:00\",\"inLanguage\":\"de-DE\",\"potentialAction\":[{\"@type\":\"ReadAction\",\"target\":[\"https:\/\/biathlonnmnm.yashicadev.cz\/de\/besucher\/parken-aktuell\/\"]}]}]}<\/script>\n<!-- \/ Yoast SEO Premium plugin. -->","_links":{"self":[{"href":"https:\/\/biathlonnmnm.yashicadev.cz\/de\/wp-json\/wp\/v2\/pages\/1644"}],"collection":[{"href":"https:\/\/biathlonnmnm.yashicadev.cz\/de\/wp-json\/wp\/v2\/pages"}],"about":[{"href":"https:\/\/biathlonnmnm.yashicadev.cz\/de\/wp-json\/wp\/v2\/types\/page"}],"author":[{"embeddable":true,"href":"https:\/\/biathlonnmnm.yashicadev.cz\/de\/wp-json\/wp\/v2\/users\/1"}],"replies":[{"embeddable":true,"href":"https:\/\/biathlonnmnm.yashicadev.cz\/de\/wp-json\/wp\/v2\/comments?post=1644"}],"version-history":[{"count":8,"href":"https:\/\/biathlonnmnm.yashicadev.cz\/de\/wp-json\/wp\/v2\/pages\/1644\/revisions"}],"predecessor-version":[{"id":2648,"href":"https:\/\/biathlonnmnm.yashicadev.cz\/de\/wp-json\/wp\/v2\/pages\/1644\/revisions\/2648"}],"up":[{"embeddable":true,"href":"https:\/\/biathlonnmnm.yashicadev.cz\/de\/wp-json\/wp\/v2\/pages\/1261"}],"wp:attachment":[{"href":"https:\/\/biathlonnmnm.yashicadev.cz\/de\/wp-json\/wp\/v2\/media?parent=1644"}],"wp:term":[{"taxonomy":"yst_prominent_words","embeddable":true,"href":"https:\/\/biathlonnmnm.yashicadev.cz\/de\/wp-json\/wp\/v2\/yst_prominent_words?post=1644"}],"curies":[{"name":"wp","href":"https:\/\/api.w.org\/{rel}","templated":true}]}}