{"id":2460,"date":"2018-12-18T07:27:04","date_gmt":"2018-12-18T07:27:04","guid":{"rendered":"https:\/\/biathlonnmnm.yashicadev.cz\/?page_id=2460"},"modified":"2023-02-03T11:53:37","modified_gmt":"2023-02-03T11:53:37","slug":"interaktive-karte","status":"publish","type":"page","link":"https:\/\/biathlonnmnm.yashicadev.cz\/de\/interaktive-karte\/","title":{"rendered":"Interaktive Karte"},"content":{"rendered":"<p style=\"text-align: center;\"><a href=\"https:\/\/biathlonnmnm.yashicadev.cz\/map\/\" target=\"_blank\" rel=\"noopener\"><strong>Vyso\u010dina Arena<\/strong> <strong>\u2013 <span class=\"tlid-translation translation\"><span class=\"\" title=\"\">Karte in voller Aufl\u00f6sung anzeigen<\/span><\/span><\/strong><\/a><\/p>\n<p><iframe style=\"width: 100%; height: 800px;\" src=\"https:\/\/biathlonnmnm.yashicadev.cz\/map\/\"><\/iframe><\/p>\n","protected":false},"excerpt":{"rendered":"<p>Vyso\u010dina Arena \u2013 Karte in voller Aufl\u00f6sung anzeigen<\/p>\n","protected":false},"author":8,"featured_media":0,"parent":0,"menu_order":23,"comment_status":"closed","ping_status":"closed","template":"","meta":[],"yst_prominent_words":[],"yoast_head":"<!-- This site is optimized with the Yoast SEO Premium plugin v14.1 - https:\/\/yoast.com\/wordpress\/plugins\/seo\/ -->\n<meta name=\"robots\" content=\"noindex, follow\" \/>\n<meta property=\"og:locale\" content=\"de_DE\" \/>\n<meta property=\"og:type\" content=\"article\" \/>\n<meta property=\"og:title\" content=\"Interaktive Karte - Biathlon Nov\u00e9 M\u011bsto na Morav\u011b\" \/>\n<meta property=\"og:description\" content=\"Vyso\u010dina Arena \u2013 Karte in voller Aufl\u00f6sung anzeigen\" \/>\n<meta property=\"og:url\" content=\"https:\/\/biathlonnmnm.yashicadev.cz\/arena\/\" \/>\n<meta property=\"og:site_name\" content=\"Biathlon Nov\u00e9 M\u011bsto na Morav\u011b\" \/>\n<meta property=\"article:modified_time\" content=\"2023-02-03T11:53:37+00:00\" \/>\n<meta name=\"twitter:card\" content=\"summary_large_image\" \/>\n<script type=\"application\/ld+json\" class=\"yoast-schema-graph\">{\"@context\":\"https:\/\/schema.org\",\"@graph\":[{\"@type\":\"WebSite\",\"@id\":\"https:\/\/biathlonnmnm.yashicadev.cz\/de\/#website\",\"url\":\"https:\/\/biathlonnmnm.yashicadev.cz\/de\/\",\"name\":\"Biathlon Nov\\u00e9 M\\u011bsto na Morav\\u011b\",\"description\":\"Biathlon Nov\\u00e9 M\\u011bsto na Morav\\u011b - Biatlon NMNM\",\"potentialAction\":[{\"@type\":\"SearchAction\",\"target\":\"https:\/\/biathlonnmnm.yashicadev.cz\/de\/?s={search_term_string}\",\"query-input\":\"required name=search_term_string\"}],\"inLanguage\":\"de-DE\"},{\"@type\":\"WebPage\",\"@id\":\"https:\/\/biathlonnmnm.yashicadev.cz\/arena\/#webpage\",\"url\":\"https:\/\/biathlonnmnm.yashicadev.cz\/arena\/\",\"name\":\"Interaktive Karte - Biathlon Nov\\u00e9 M\\u011bsto na Morav\\u011b\",\"isPartOf\":{\"@id\":\"https:\/\/biathlonnmnm.yashicadev.cz\/de\/#website\"},\"datePublished\":\"2018-12-18T07:27:04+00:00\",\"dateModified\":\"2023-02-03T11:53:37+00:00\",\"inLanguage\":\"de-DE\",\"potentialAction\":[{\"@type\":\"ReadAction\",\"target\":[\"https:\/\/biathlonnmnm.yashicadev.cz\/arena\/\"]}]}]}<\/script>\n<!-- \/ Yoast SEO Premium plugin. -->","_links":{"self":[{"href":"https:\/\/biathlonnmnm.yashicadev.cz\/de\/wp-json\/wp\/v2\/pages\/2460"}],"collection":[{"href":"https:\/\/biathlonnmnm.yashicadev.cz\/de\/wp-json\/wp\/v2\/pages"}],"about":[{"href":"https:\/\/biathlonnmnm.yashicadev.cz\/de\/wp-json\/wp\/v2\/types\/page"}],"author":[{"embeddable":true,"href":"https:\/\/biathlonnmnm.yashicadev.cz\/de\/wp-json\/wp\/v2\/users\/8"}],"replies":[{"embeddable":true,"href":"https:\/\/biathlonnmnm.yashicadev.cz\/de\/wp-json\/wp\/v2\/comments?post=2460"}],"version-history":[{"count":2,"href":"https:\/\/biathlonnmnm.yashicadev.cz\/de\/wp-json\/wp\/v2\/pages\/2460\/revisions"}],"predecessor-version":[{"id":2484,"href":"https:\/\/biathlonnmnm.yashicadev.cz\/de\/wp-json\/wp\/v2\/pages\/2460\/revisions\/2484"}],"wp:attachment":[{"href":"https:\/\/biathlonnmnm.yashicadev.cz\/de\/wp-json\/wp\/v2\/media?parent=2460"}],"wp:term":[{"taxonomy":"yst_prominent_words","embeddable":true,"href":"https:\/\/biathlonnmnm.yashicadev.cz\/de\/wp-json\/wp\/v2\/yst_prominent_words?post=2460"}],"curies":[{"name":"wp","href":"https:\/\/api.w.org\/{rel}","templated":true}]}}