{"id":294,"date":"2016-11-15T15:52:58","date_gmt":"2016-11-15T15:52:58","guid":{"rendered":"https:\/\/biathlonnmnm.yashicadev.cz\/de\/?page_id=294"},"modified":"2023-05-10T17:29:08","modified_gmt":"2023-05-10T17:29:08","slug":"programm","status":"publish","type":"page","link":"https:\/\/biathlonnmnm.yashicadev.cz\/de\/programm\/","title":{"rendered":"Programm"},"content":{"rendered":"\n<h5><\/h5>\n\n\n\n<h2>BMW IBU BIATHLON-WELTMEISTERSCHAFTEN 2024<\/h2>\n\n\n\n<h4>Mittwoch, 7. Februar<\/h4>\n\n\n\n<p><strong>17:20<\/strong>\u00a0\u2013 Mixed-Staffel<\/p>\n\n\n\n<h4>Freitag 9. Februar<\/h4>\n\n\n\n<p><strong>17:20<\/strong>\u00a0\u2013 Sprint Frauen<\/p>\n\n\n\n<h4>Samstag 10. Februar<\/h4>\n\n\n\n<p><strong>17:05<\/strong>\u00a0\u2013 Sprint M\u00e4nner<\/p>\n\n\n\n<h4>Sonntag 11. Februar<\/h4>\n\n\n\n<p><strong>14:30<\/strong>\u00a0\u2013 Verfolgung Frauen<br><strong>17:05<\/strong>\u00a0\u2013 Verfolgung M\u00e4nner<\/p>\n\n\n\n<h4>Dienstag 13. Februar<\/h4>\n\n\n\n<p><strong>17:10<\/strong>\u00a0\u2013 Einzelwettkampf Frauen<\/p>\n\n\n\n<h4>Mittwoch 14. Februar<\/h4>\n\n\n\n<p><strong>17:20<\/strong>\u00a0\u2013 Einzelwettkampf M\u00e4nner<\/p>\n\n\n\n<h4>Donnerstag 15. Februar<\/h4>\n\n\n\n<p><strong>18:00<\/strong>\u00a0\u2013 Single-Mixed-Staffel<\/p>\n\n\n\n<h4>Samstag 17. Februar<\/h4>\n\n\n\n<p><strong>13:45<\/strong>\u00a0\u2013 Staffel Frauen<br><strong>16:30<\/strong>\u00a0\u2013 Staffel M\u00e4nner<\/p>\n\n\n\n<h4>Sonntag 18. Februar<\/h4>\n\n\n\n<p><strong>14:15<\/strong>\u00a0\u2013 Massenstart Frauen<br><strong>16:30<\/strong>\u00a0\u2013 Massenstart M\u00e4nner<\/p>\n","protected":false},"excerpt":{"rendered":"<p>BMW IBU BIATHLON-WELTMEISTERSCHAFTEN 2024 Mittwoch, 7. Februar 17:20\u00a0\u2013 Mixed-Staffel Freitag 9. Februar 17:20\u00a0\u2013 Sprint Frauen Samstag 10. Februar 17:05\u00a0\u2013 Sprint M\u00e4nner Sonntag 11. Februar 14:30\u00a0\u2013 Verfolgung Frauen17:05\u00a0\u2013 Verfolgung M\u00e4nner Dienstag 13. Februar 17:10\u00a0\u2013 Einzelwettkampf Frauen Mittwoch 14. Februar 17:20\u00a0\u2013 Einzelwettkampf M\u00e4nner Donnerstag 15. Februar 18:00\u00a0\u2013 Single-Mixed-Staffel Samstag 17. Februar 13:45\u00a0\u2013 Staffel Frauen16:30\u00a0\u2013 Staffel M\u00e4nner Sonntag [&hellip;]<\/p>\n","protected":false},"author":8,"featured_media":0,"parent":0,"menu_order":23,"comment_status":"closed","ping_status":"closed","template":"","meta":[],"yst_prominent_words":[],"yoast_head":"<!-- This site is optimized with the Yoast SEO Premium plugin v14.1 - https:\/\/yoast.com\/wordpress\/plugins\/seo\/ -->\n<meta name=\"robots\" content=\"noindex, follow\" \/>\n<meta property=\"og:locale\" content=\"de_DE\" \/>\n<meta property=\"og:type\" content=\"article\" \/>\n<meta property=\"og:title\" content=\"Programm - Biathlon Nov\u00e9 M\u011bsto na Morav\u011b\" \/>\n<meta property=\"og:description\" content=\"BMW IBU BIATHLON-WELTMEISTERSCHAFTEN 2024 Mittwoch, 7. Februar 17:20\u00a0\u2013 Mixed-Staffel Freitag 9. Februar 17:20\u00a0\u2013 Sprint Frauen Samstag 10. Februar 17:05\u00a0\u2013 Sprint M\u00e4nner Sonntag 11. Februar 14:30\u00a0\u2013 Verfolgung Frauen17:05\u00a0\u2013 Verfolgung M\u00e4nner Dienstag 13. Februar 17:10\u00a0\u2013 Einzelwettkampf Frauen Mittwoch 14. Februar 17:20\u00a0\u2013 Einzelwettkampf M\u00e4nner Donnerstag 15. Februar 18:00\u00a0\u2013 Single-Mixed-Staffel Samstag 17. Februar 13:45\u00a0\u2013 Staffel Frauen16:30\u00a0\u2013 Staffel M\u00e4nner Sonntag [&hellip;]\" \/>\n<meta property=\"og:url\" content=\"https:\/\/biathlonnmnm.yashicadev.cz\/de\/programm\/\" \/>\n<meta property=\"og:site_name\" content=\"Biathlon Nov\u00e9 M\u011bsto na Morav\u011b\" \/>\n<meta property=\"article:modified_time\" content=\"2023-05-10T17:29:08+00:00\" \/>\n<meta name=\"twitter:card\" content=\"summary_large_image\" \/>\n<script type=\"application\/ld+json\" class=\"yoast-schema-graph\">{\"@context\":\"https:\/\/schema.org\",\"@graph\":[{\"@type\":\"WebSite\",\"@id\":\"https:\/\/biathlonnmnm.yashicadev.cz\/de\/#website\",\"url\":\"https:\/\/biathlonnmnm.yashicadev.cz\/de\/\",\"name\":\"Biathlon Nov\\u00e9 M\\u011bsto na Morav\\u011b\",\"description\":\"Biathlon Nov\\u00e9 M\\u011bsto na Morav\\u011b - Biatlon NMNM\",\"potentialAction\":[{\"@type\":\"SearchAction\",\"target\":\"https:\/\/biathlonnmnm.yashicadev.cz\/de\/?s={search_term_string}\",\"query-input\":\"required name=search_term_string\"}],\"inLanguage\":\"de-DE\"},{\"@type\":\"WebPage\",\"@id\":\"https:\/\/biathlonnmnm.yashicadev.cz\/de\/programm\/#webpage\",\"url\":\"https:\/\/biathlonnmnm.yashicadev.cz\/de\/programm\/\",\"name\":\"Programm - Biathlon Nov\\u00e9 M\\u011bsto na Morav\\u011b\",\"isPartOf\":{\"@id\":\"https:\/\/biathlonnmnm.yashicadev.cz\/de\/#website\"},\"datePublished\":\"2016-11-15T15:52:58+00:00\",\"dateModified\":\"2023-05-10T17:29:08+00:00\",\"inLanguage\":\"de-DE\",\"potentialAction\":[{\"@type\":\"ReadAction\",\"target\":[\"https:\/\/biathlonnmnm.yashicadev.cz\/de\/programm\/\"]}]}]}<\/script>\n<!-- \/ Yoast SEO Premium plugin. -->","_links":{"self":[{"href":"https:\/\/biathlonnmnm.yashicadev.cz\/de\/wp-json\/wp\/v2\/pages\/294"}],"collection":[{"href":"https:\/\/biathlonnmnm.yashicadev.cz\/de\/wp-json\/wp\/v2\/pages"}],"about":[{"href":"https:\/\/biathlonnmnm.yashicadev.cz\/de\/wp-json\/wp\/v2\/types\/page"}],"author":[{"embeddable":true,"href":"https:\/\/biathlonnmnm.yashicadev.cz\/de\/wp-json\/wp\/v2\/users\/8"}],"replies":[{"embeddable":true,"href":"https:\/\/biathlonnmnm.yashicadev.cz\/de\/wp-json\/wp\/v2\/comments?post=294"}],"version-history":[{"count":3,"href":"https:\/\/biathlonnmnm.yashicadev.cz\/de\/wp-json\/wp\/v2\/pages\/294\/revisions"}],"predecessor-version":[{"id":7420,"href":"https:\/\/biathlonnmnm.yashicadev.cz\/de\/wp-json\/wp\/v2\/pages\/294\/revisions\/7420"}],"wp:attachment":[{"href":"https:\/\/biathlonnmnm.yashicadev.cz\/de\/wp-json\/wp\/v2\/media?parent=294"}],"wp:term":[{"taxonomy":"yst_prominent_words","embeddable":true,"href":"https:\/\/biathlonnmnm.yashicadev.cz\/de\/wp-json\/wp\/v2\/yst_prominent_words?post=294"}],"curies":[{"name":"wp","href":"https:\/\/api.w.org\/{rel}","templated":true}]}}