{"id":298,"date":"2016-11-15T15:55:30","date_gmt":"2016-11-15T15:55:30","guid":{"rendered":"https:\/\/biathlonnmnm.yashicadev.cz\/de\/?page_id=298"},"modified":"2023-02-03T11:53:39","modified_gmt":"2023-02-03T11:53:39","slug":"kontakt","status":"publish","type":"page","link":"https:\/\/biathlonnmnm.yashicadev.cz\/de\/kontakt\/","title":{"rendered":"Kontakt"},"content":{"rendered":"<h4>KONTAKT ORGANISATIONSKOMITEE<\/h4>\n<h5>Organisationskomitee BMW IBU Weltcup Biathlon 2023 NMNM<\/h5>\n<p>Vlachovick\u00e1 1200<br \/>\n592 31 Nov\u00e9 M\u011bsto na Morav\u011b<br \/>\n\u010cesk\u00e1 republika<br \/>\nE-mail: <a href=\"mailto:info.nmnm@biatlon.cz\">info.nmnm@biatlon.cz<\/a><\/p>\n<h5>Vorsitzende des Organisationskomitees<\/h5>\n<p>Ji\u0159\u00ed Hamza<br \/>\nE-mail: <a href=\"mailto:hamza@biatlon.cz\">hamza@biatlon.cz<\/a><\/p>\n<h5>Renndirektor<\/h5>\n<p>Vlastimil Jake\u0161<br \/>\nE-mail: <a href=\"mailto:jakes@biatlon.cz\">jakes@biatlon.cz<\/a><\/p>\n<h5>B\u00fcro des Organisationskomitees<\/h5>\n<p>Jan Sk\u0159i\u010dka<br \/>\nE-mail: <a href=\"mailto:skricka@biatlon.cz\">skricka@biatlon.cz<\/a><\/p>\n<p>Michal Zich\u00e1\u010dek<br \/>\nE-mail: <a href=\"mailto:m.zichacek@biatlon.cz\">m.zichacek@biatlon.cz<\/a><\/p>\n<h5>Marketing<\/h5>\n<p>Ota Binder<br \/>\nE-mail: <a href=\"mailto:binder@biatlon.cz\">binder@biatlon.cz<\/a><\/p>\n<h5>Medien<\/h5>\n<p>Tom\u00e1\u0161 Hermann<br \/>\nE-mail: <a href=\"hermann@biatlon.cz\">hermann@biatlon.cz<\/a><\/p>\n<h5>TV und Fernsehservice<\/h5>\n<p>Jan Sk\u0159i\u010dka<br \/>\nE-mail: <a href=\"mailto:skricka@biatlon.cz\">skricka@biatlon.cz<\/a><\/p>\n","protected":false},"excerpt":{"rendered":"<p>KONTAKT ORGANISATIONSKOMITEE Organisationskomitee BMW IBU Weltcup Biathlon 2023 NMNM Vlachovick\u00e1 1200 592 31 Nov\u00e9 M\u011bsto na Morav\u011b \u010cesk\u00e1 republika E-mail: info.nmnm@biatlon.cz Vorsitzende des Organisationskomitees Ji\u0159\u00ed Hamza E-mail: hamza@biatlon.cz Renndirektor Vlastimil Jake\u0161 E-mail: jakes@biatlon.cz B\u00fcro des Organisationskomitees Jan Sk\u0159i\u010dka E-mail: skricka@biatlon.cz Michal Zich\u00e1\u010dek E-mail: m.zichacek@biatlon.cz Marketing Ota Binder E-mail: binder@biatlon.cz Medien Tom\u00e1\u0161 Hermann E-mail: hermann@biatlon.cz TV [&hellip;]<\/p>\n","protected":false},"author":8,"featured_media":0,"parent":0,"menu_order":38,"comment_status":"closed","ping_status":"closed","template":"","meta":[],"yst_prominent_words":[],"yoast_head":"<!-- This site is optimized with the Yoast SEO Premium plugin v14.1 - https:\/\/yoast.com\/wordpress\/plugins\/seo\/ -->\n<meta name=\"robots\" content=\"noindex, follow\" \/>\n<meta property=\"og:locale\" content=\"de_DE\" \/>\n<meta property=\"og:type\" content=\"article\" \/>\n<meta property=\"og:title\" content=\"Kontakt - Biathlon Nov\u00e9 M\u011bsto na Morav\u011b\" \/>\n<meta property=\"og:description\" content=\"KONTAKT ORGANISATIONSKOMITEE Organisationskomitee BMW IBU Weltcup Biathlon 2023 NMNM Vlachovick\u00e1 1200 592 31 Nov\u00e9 M\u011bsto na Morav\u011b \u010cesk\u00e1 republika E-mail: info.nmnm@biatlon.cz Vorsitzende des Organisationskomitees Ji\u0159\u00ed Hamza E-mail: hamza@biatlon.cz Renndirektor Vlastimil Jake\u0161 E-mail: jakes@biatlon.cz B\u00fcro des Organisationskomitees Jan Sk\u0159i\u010dka E-mail: skricka@biatlon.cz Michal Zich\u00e1\u010dek E-mail: m.zichacek@biatlon.cz Marketing Ota Binder E-mail: binder@biatlon.cz Medien Tom\u00e1\u0161 Hermann E-mail: hermann@biatlon.cz TV [&hellip;]\" \/>\n<meta property=\"og:url\" content=\"https:\/\/biathlonnmnm.yashicadev.cz\/kontakt\/\" \/>\n<meta property=\"og:site_name\" content=\"Biathlon Nov\u00e9 M\u011bsto na Morav\u011b\" \/>\n<meta property=\"article:modified_time\" content=\"2023-02-03T11:53:39+00:00\" \/>\n<meta name=\"twitter:card\" content=\"summary_large_image\" \/>\n<script type=\"application\/ld+json\" class=\"yoast-schema-graph\">{\"@context\":\"https:\/\/schema.org\",\"@graph\":[{\"@type\":\"WebSite\",\"@id\":\"https:\/\/biathlonnmnm.yashicadev.cz\/de\/#website\",\"url\":\"https:\/\/biathlonnmnm.yashicadev.cz\/de\/\",\"name\":\"Biathlon Nov\\u00e9 M\\u011bsto na Morav\\u011b\",\"description\":\"Biathlon Nov\\u00e9 M\\u011bsto na Morav\\u011b - Biatlon NMNM\",\"potentialAction\":[{\"@type\":\"SearchAction\",\"target\":\"https:\/\/biathlonnmnm.yashicadev.cz\/de\/?s={search_term_string}\",\"query-input\":\"required name=search_term_string\"}],\"inLanguage\":\"de-DE\"},{\"@type\":\"WebPage\",\"@id\":\"https:\/\/biathlonnmnm.yashicadev.cz\/kontakt\/#webpage\",\"url\":\"https:\/\/biathlonnmnm.yashicadev.cz\/kontakt\/\",\"name\":\"Kontakt - Biathlon Nov\\u00e9 M\\u011bsto na Morav\\u011b\",\"isPartOf\":{\"@id\":\"https:\/\/biathlonnmnm.yashicadev.cz\/de\/#website\"},\"datePublished\":\"2016-11-15T15:55:30+00:00\",\"dateModified\":\"2023-02-03T11:53:39+00:00\",\"inLanguage\":\"de-DE\",\"potentialAction\":[{\"@type\":\"ReadAction\",\"target\":[\"https:\/\/biathlonnmnm.yashicadev.cz\/kontakt\/\"]}]}]}<\/script>\n<!-- \/ Yoast SEO Premium plugin. -->","_links":{"self":[{"href":"https:\/\/biathlonnmnm.yashicadev.cz\/de\/wp-json\/wp\/v2\/pages\/298"}],"collection":[{"href":"https:\/\/biathlonnmnm.yashicadev.cz\/de\/wp-json\/wp\/v2\/pages"}],"about":[{"href":"https:\/\/biathlonnmnm.yashicadev.cz\/de\/wp-json\/wp\/v2\/types\/page"}],"author":[{"embeddable":true,"href":"https:\/\/biathlonnmnm.yashicadev.cz\/de\/wp-json\/wp\/v2\/users\/8"}],"replies":[{"embeddable":true,"href":"https:\/\/biathlonnmnm.yashicadev.cz\/de\/wp-json\/wp\/v2\/comments?post=298"}],"version-history":[{"count":8,"href":"https:\/\/biathlonnmnm.yashicadev.cz\/de\/wp-json\/wp\/v2\/pages\/298\/revisions"}],"predecessor-version":[{"id":6328,"href":"https:\/\/biathlonnmnm.yashicadev.cz\/de\/wp-json\/wp\/v2\/pages\/298\/revisions\/6328"}],"wp:attachment":[{"href":"https:\/\/biathlonnmnm.yashicadev.cz\/de\/wp-json\/wp\/v2\/media?parent=298"}],"wp:term":[{"taxonomy":"yst_prominent_words","embeddable":true,"href":"https:\/\/biathlonnmnm.yashicadev.cz\/de\/wp-json\/wp\/v2\/yst_prominent_words?post=298"}],"curies":[{"name":"wp","href":"https:\/\/api.w.org\/{rel}","templated":true}]}}