{"id":300,"date":"2016-11-15T15:56:39","date_gmt":"2016-11-15T15:56:39","guid":{"rendered":"https:\/\/biathlonnmnm.yashicadev.cz\/de\/?page_id=300"},"modified":"2017-12-14T16:45:50","modified_gmt":"2017-12-14T16:45:50","slug":"besucherordnung","status":"publish","type":"page","link":"https:\/\/biathlonnmnm.yashicadev.cz\/de\/besucher\/besucherordnung\/","title":{"rendered":"BESUCHERORDNUNG"},"content":{"rendered":"<h4>BESUCHERORDNUNG<\/h4>\n<h5>Besucherordnung von BMW IBU World Cup Biathlon 2018 NMNM &#8211; Vyso\u010dina Arena<\/h5>\n<p>Die Besucherordnung gilt auf dem s\u00e4mtlichen gez\u00e4unten Veranstaltungsgel\u00e4nde von Vyso\u010dina Arena in Nov\u00e9 M\u011bsto na Morav\u011b, einschlie\u00dflich den Ein- und Ausgangbereichen, Parkfl\u00e4chen und allen zusammenh\u00e4ngenden Pl\u00e4tzen, die von den Veranstaltern genutzt werden.<\/p>\n<p><strong>Beim Erwerb der Eintrittskarte akzeptiert jeder Besucher die Besucherordnung und ist verpflichtet, w\u00e4hrend der ganzen Veranstaltung diese Regel einzuhalten. Beim Versto\u00df gegen die Besucherordnung ist der Veranstalter berechtigt, den Eintritt zu verweigern oder den Aufenthalt w\u00e4hren der Veranstaltung ohne jegliche Erstattung zu beenden.<\/strong><\/p>\n<p>Der Besucher ist damit einverstanden, dass das Veranstaltungsgel\u00e4nde video\u00fcberwacht werden kann.<\/p>\n<p>Der Inhaber der Eintrittskarte willigt ohne Verg\u00fctung durch den Veranstalter darin ein, im Rahmen der Veranstaltung Bildaufnahmen des Inhabers zu erstellen, zu vervielf\u00e4ltigen und f\u00fcr audiovisuelle Medien zu benutzen. Diese Einwilligung erfolgt zeitlich und r\u00e4umlich unbegrenzt.<\/p>\n<h4>VERANSTALTUNS REGEL<\/h4>\n<h5>Eingang und Ausgang aus dem Veranstaltungsgel\u00e4nde<\/h5>\n<p>Der Einlass von Person ab dem 12. Lebensjahr ist unbeschr\u00e4nkt. Personen unter 12. Lebensjahr nur mit einer erwachsenen Begleitperson.<\/p>\n<p>Der Eintritt ist nach dem Vorlegen einer g\u00fcltigen Eintrittskarte\/Vouchers\/Event Accreditation erlaubt.<\/p>\n<p>Die Eintrittskarte muss gleich beim Eingang vorgelegt werden. Die Eintrittskarte berechtigt den Besucher den Wettkampf nur aus dem Bereich zu verfolgen, der auf der Eintrittskarte markiert ist!<\/p>\n<p>Der Besucher ist verpflichtet, die Eintrittskarte w\u00e4hrend des ganzen Events bei sich zu haben und sie jederzeit zur Kontrolle vorzuzeigen.<\/p>\n<p>Beim Verlassen des Veranstaltungsgel\u00e4ndes ist der Besucher verpflichtet, die Eintrittskarte\/Vouchers\/Event Accreditation am Ausgang durch Einscannen deaktivieren lassen.<\/p>\n<h5>Sicherheit<\/h5>\n<p>Jeder Besucher ist verpflichtet, sich einer Sicherheitskontrolle unterziehen (pers\u00f6nliche Kontrolle; Kontrolle von Rucks\u00e4cken,Handtaschen usw. \u2013 damit sie keine verbotene Gegenst\u00e4nde beinhalten).<br \/>\nDie Kontrolle kann von einer befugten Person (Sicherheitsdienst), mittels eines Detektors (oder anderer technischer Hilfsmittel) durchgef\u00fchrt werden.<\/p>\n<h5>Es ist streng verboten folgende Gegenst\u00e4nde mitzunehmen:<\/h5>\n<ul>\n<li>alkoholische Getr\u00e4nke oder Drogen jeglicher Art<\/li>\n<li>gef\u00e4hrliche Gegenst\u00e4nde, Regenschirm, St\u00f6cke (l\u00e4nge \u00fcber 1 Meter), Laserpointer, die als Waffen oder Projektile benutzt werden k\u00f6nnen und damit einer dritten dritten Person K\u00f6rper- und Verm\u00f6gensschaden zuf\u00fcgen k\u00f6nnen<\/li>\n<li>Glasflaschen, Glasbeh\u00e4lter, Dosen, Flaschen, Tassen, Kr\u00fcge, die zerbrechen und zersplittern k\u00f6nnen oder \u00e4hnliche insb. scharfe oder spitzige Gegenst\u00e4nde<\/li>\n<li>Spr\u00fchdosen, Filzstiften, Chemikalien, Farbsubstanzen<\/li>\n<li>s\u00e4mtliche Pyrotechnik, Waffen jeder Art, Fackeln, leicht entflammbare Gegenst\u00e4nde<\/li>\n<li>sperrige Gegenst\u00e4nde, wie z.B. Klappst\u00fchle, Kinderw\u00e4gen, gro\u00dfe Regenschirme, Schlitten, Ski, Fahrr\u00e4der usw.<\/li>\n<li>alle Tiere, besonders Hunde<\/li>\n<li>alle Ger\u00e4te, die Alarm ausl\u00f6sen k\u00f6nnen<\/li>\n<li>s\u00e4mtliche Gegenst\u00e4nde (Kleidung, Fahnen, Banner usw.) mit beleidigendem oder politischen, sowie rassistischem, xenophobem, fremdenfeindlichem oder Gewalt verherrlichendem Inhalt<\/li>\n<li>Transparente mit vulg\u00e4ren oder schimpflichen Spr\u00fcchen oder Slogans<\/li>\n<li>Werbeartikel und Werbebanner ohne vorherige Vertragsbewilligung des Organisationskomitees. Der Veranstalter ist berechtigt, solche oder \u00e4hnliche Gegenst\u00e4nde ohne Schadenersatz sofort wegzunehmen und Personen, die dieses Verbot missachteten den Eintritt zu verweigern oder sie aus dem Veranstaltungsgel\u00e4nde auszuweisen.<\/li>\n<\/ul>\n<h5>Im Veranstaltungsgel\u00e4nde ist verboten:<\/h5>\n<ul>\n<li>Betreten von Bereichen, die nicht f\u00fcr Besucher abgegrenzt sind<\/li>\n<li>Betreten von Bereichen mit klarem Zeichen \u201eZutritt f\u00fcr Unbefugte verboten\u201c<\/li>\n<li>Zerst\u00f6ren und Kaputtmachen von Einrichtungen und Ausstattungen des Veranstaltungsgel\u00e4ndes<\/li>\n<li>Bemalen und Bespr\u00fchen von Geb\u00e4uden, Ausstattungen, Informationstafeln oder Wegen<\/li>\n<li>Feuer machen, s\u00e4mtliche Pyrotechnik anzuz\u00fcnden<\/li>\n<li>Klettern auf D\u00e4cher, B\u00e4ume, Leuchtt\u00fcrme, Kamerast\u00e4nder, S\u00e4ulen<\/li>\n<li>Klettern \u00fcber Geb\u00e4ude, Z\u00e4une, W\u00e4nde, Streckenabsperrungen, Barrieren<\/li>\n<li>Werfen von Gegenst\u00e4nden und Fl\u00fcssigkeiten auf die Rennstrecke oder im Besucherbereich<\/li>\n<li>die vorbereitete Rennstrecke und Trainingskorridoren irgendwie zu \u00e4ndern<\/li>\n<li>mit Flaggen oder anderen Transparenten die Werbungsbanner oder andere Einrichtungen zu verdecken<\/li>\n<li>Gesichter zu verdecken (Gesichtsmaske tragenusw.)<\/li>\n<\/ul>\n<h5>Verkauf und Werbung<\/h5>\n<p>S\u00e4mtliches Unternehmen, wie z. B. Betreiben von Imbiss, Verkauf oder Leihen von Sportbedarf, Verteilen oder Verkaufen von Zeitungen, Zeitschriften oder Prospekten so wie auch Lagern von Gegenst\u00e4nden im Veranstaltungsgel\u00e4nde ist nur mit schriftlicher Genehmigung des Veranstalters m\u00f6glich.<\/p>\n<p>Des Gleichen ist es untersagt, Foto-, Film-, oder Tonbandaufnahmen zum Zwecke der gewerblichen Nutzung zu machen oder diese Aufnahmen zu verwerten.<\/p>\n<p>Jeder Besucher der Veranstaltung hat sich auf dem Veranstaltungsgel\u00e4nde so zu verhalten, dass andere Personen oder fremde Sachwerte nicht gesch\u00e4digt, gef\u00e4hrdet oder andere Personen \u2013 sofern nicht nach den Umst\u00e4nden unvermeidbar \u2013 behindert oder bel\u00e4stigt werden.<br \/>\nIm Interesse der Sicherheit und eines geordneten und reibungslosen Ablaufs der Veranstaltung ist jeder Besucher verpflichtet, den hierzu erforderlichen Anweisungen des Veranstalters, der Polizei, der Feuerwehr oder der f\u00fcr den Veranstalter t\u00e4tigen Ordnungskr\u00e4ften Folge zu leisten.<\/p>\n<h5>Funkger\u00e4te<\/h5>\n<p>Es ist verboten alle Funkger\u00e4te (mit Ausnahme von Handys) auf dem ganzen Veranstaltungsgel\u00e4nde zu benutzen. Der Versto\u00df gegen diese Regel wird mit Hausverbot bestraft.<\/p>\n<h5>Rollstuhlfahrerpl\u00e4tze<\/h5>\n<p>Aus Sicherheitsgr\u00fcnden ist die Anzahl von Rollstuhlfahrerpl\u00e4tzen in Vyso\u010dina Ar\u00e9na nur begrenzt.<\/p>\n<h5>Individualrecht und Verm\u00f6gensrecht, Anweisungen und Folgepflicht<\/h5>\n<p>Jeder Besucher ist verpflichtet, alle Anweisungen der Stadionverwalter, Sicherheitskr\u00e4ften, Stadtpolizei Nov\u00e9 M\u011bsto na Morav\u011b, Bundespolizei, Feuerwehr oder anderen Nachrichtenmedien zu folgen.<\/p>\n<p>Der Veranstalter oder die hierzu von diesem befugte Personen k\u00f6nnen soweit dies zum Schutz von Sachwerten, des Lebens, K\u00f6rpers oder der Gesundheit anderer Personen erforderlich ist, Personen, die offensichtlich unter Alkohol- oder Drogeneinfluss stehen oder Personen, die sich gewaltt\u00e4tig verhalten, bzw. den konkreten Verdacht eines solchen Verhaltens begr\u00fcnden ohne Erstattung des Eintrittspreises den Zutritt zum Veranstaltungsgel\u00e4nde verweigern oder des Veranstaltungsgel\u00e4ndes verweisen.<\/p>\n<p>Besucher des Veranstaltungsgel\u00e4ndes sind verpflichtet alle g\u00fcltige Gesetze und Vorschriften der Tschechischen Republik, allgemeine Regeln des Anstands (insbesondere H\u00f6flichkeit und Toleranz) einzuhalten. Gleichzeitig sind alle Besucher verpflichtet alle Ausdr\u00fccke der religi\u00f6sen, politischen, ethnischen und zwischenmenschlichen Intoleranz zu vermeiden.<br \/>\nBeim Versto\u00df gegen diese Regel ist der Veranstalter berechtigt, den Besucher aus Vyso\u010dina Ar\u00e9na auszuweisen oder den Aufenthalt w\u00e4hren der Veranstaltung ohne jegliche Erstattung zu beenden.<\/p>\n<p>Aufgrund der schlechten Wetterbedingungen ist der Veranstalter berechtigt das Programm zu \u00e4ndern.<\/p>\n<p>Organiz\u00e1tor si vyhrazuje pr\u00e1vo zm\u011bnit program zejm\u00e9na z d\u016fvodu \u0161patn\u00fdch klimatick\u00fdch podm\u00ednek<\/p>\n<h5>Verhalten von Nichtsportlern im Stadion, auf den Trib\u00fcnen, am Schie\u00dfstand<\/h5>\n<p>Allen Personen ist verboten, den Athleten auf der Strecke akustische und visuelle Ratschl\u00e4ge oder Informationen mitzuteilen. Es ist verboten den Athleten Informationen \u00fcber Funkger\u00e4te zu vermitteln (im Bereich der Schie\u00dfanlage und 10 Meter vor und 10 Meter hinter der Schie\u00dfanlage). Dieses Verbot gilt nicht f\u00fcr allgemeines Anfeuern oder Ausdr\u00fccke der Entt\u00e4uschung der Zuschauer.<br \/>\nBeim Versto\u00df gegen diese Regel kann der Besucher aus dem Veranstaltungsgel\u00e4nde ausgewiesen werden.<br \/>\nEs ist verboten, die Rennstrecke zu \u00fcberqueren, die Athleten anzufassen oder ihnen irgendwie zu helfen oder ihre Sportleistung zu erschweren.<\/p>\n<h5>Schadenshaftung<\/h5>\n<p>Jeder Besucher ist freiwillig ein Teilnehmer der Veranstaltung und haftet f\u00fcr alle Sch\u00e4den, die er mit seinem Tun angerichtet hat.<\/p>\n<p>Der Veranstalter haftet nicht f\u00fcr gesundheitliche und materielle Sch\u00e4den der Teilnehmer, die nicht (im direkten Zusammenhang mit Regelversto\u00df) von Veranstaltern verursacht waren.<\/p>\n","protected":false},"excerpt":{"rendered":"<p>BESUCHERORDNUNG Besucherordnung von BMW IBU World Cup Biathlon 2018 NMNM &#8211; Vyso\u010dina Arena Die Besucherordnung gilt auf dem s\u00e4mtlichen gez\u00e4unten Veranstaltungsgel\u00e4nde von Vyso\u010dina Arena in Nov\u00e9 M\u011bsto na Morav\u011b, einschlie\u00dflich den Ein- und Ausgangbereichen, Parkfl\u00e4chen und allen zusammenh\u00e4ngenden Pl\u00e4tzen, die von den Veranstaltern genutzt werden. Beim Erwerb der Eintrittskarte akzeptiert jeder Besucher die Besucherordnung und [&hellip;]<\/p>\n","protected":false},"author":8,"featured_media":0,"parent":1261,"menu_order":6,"comment_status":"closed","ping_status":"closed","template":"","meta":[],"yst_prominent_words":[],"yoast_head":"<!-- This site is optimized with the Yoast SEO Premium plugin v14.1 - https:\/\/yoast.com\/wordpress\/plugins\/seo\/ -->\n<meta name=\"robots\" content=\"noindex, follow\" \/>\n<meta property=\"og:locale\" content=\"de_DE\" \/>\n<meta property=\"og:type\" content=\"article\" \/>\n<meta property=\"og:title\" content=\"BESUCHERORDNUNG - Biathlon Nov\u00e9 M\u011bsto na Morav\u011b\" \/>\n<meta property=\"og:description\" content=\"BESUCHERORDNUNG Besucherordnung von BMW IBU World Cup Biathlon 2018 NMNM &#8211; Vyso\u010dina Arena Die Besucherordnung gilt auf dem s\u00e4mtlichen gez\u00e4unten Veranstaltungsgel\u00e4nde von Vyso\u010dina Arena in Nov\u00e9 M\u011bsto na Morav\u011b, einschlie\u00dflich den Ein- und Ausgangbereichen, Parkfl\u00e4chen und allen zusammenh\u00e4ngenden Pl\u00e4tzen, die von den Veranstaltern genutzt werden. Beim Erwerb der Eintrittskarte akzeptiert jeder Besucher die Besucherordnung und [&hellip;]\" \/>\n<meta property=\"og:url\" content=\"https:\/\/biathlonnmnm.yashicadev.cz\/de\/besucher\/besucherordnung\/\" \/>\n<meta property=\"og:site_name\" content=\"Biathlon Nov\u00e9 M\u011bsto na Morav\u011b\" \/>\n<meta property=\"article:modified_time\" content=\"2017-12-14T16:45:50+00:00\" \/>\n<meta name=\"twitter:card\" content=\"summary_large_image\" \/>\n<script type=\"application\/ld+json\" class=\"yoast-schema-graph\">{\"@context\":\"https:\/\/schema.org\",\"@graph\":[{\"@type\":\"WebSite\",\"@id\":\"https:\/\/biathlonnmnm.yashicadev.cz\/de\/#website\",\"url\":\"https:\/\/biathlonnmnm.yashicadev.cz\/de\/\",\"name\":\"Biathlon Nov\\u00e9 M\\u011bsto na Morav\\u011b\",\"description\":\"Biathlon Nov\\u00e9 M\\u011bsto na Morav\\u011b - Biatlon NMNM\",\"potentialAction\":[{\"@type\":\"SearchAction\",\"target\":\"https:\/\/biathlonnmnm.yashicadev.cz\/de\/?s={search_term_string}\",\"query-input\":\"required name=search_term_string\"}],\"inLanguage\":\"de-DE\"},{\"@type\":\"WebPage\",\"@id\":\"https:\/\/biathlonnmnm.yashicadev.cz\/de\/besucher\/besucherordnung\/#webpage\",\"url\":\"https:\/\/biathlonnmnm.yashicadev.cz\/de\/besucher\/besucherordnung\/\",\"name\":\"BESUCHERORDNUNG - Biathlon Nov\\u00e9 M\\u011bsto na Morav\\u011b\",\"isPartOf\":{\"@id\":\"https:\/\/biathlonnmnm.yashicadev.cz\/de\/#website\"},\"datePublished\":\"2016-11-15T15:56:39+00:00\",\"dateModified\":\"2017-12-14T16:45:50+00:00\",\"inLanguage\":\"de-DE\",\"potentialAction\":[{\"@type\":\"ReadAction\",\"target\":[\"https:\/\/biathlonnmnm.yashicadev.cz\/de\/besucher\/besucherordnung\/\"]}]}]}<\/script>\n<!-- \/ Yoast SEO Premium plugin. -->","_links":{"self":[{"href":"https:\/\/biathlonnmnm.yashicadev.cz\/de\/wp-json\/wp\/v2\/pages\/300"}],"collection":[{"href":"https:\/\/biathlonnmnm.yashicadev.cz\/de\/wp-json\/wp\/v2\/pages"}],"about":[{"href":"https:\/\/biathlonnmnm.yashicadev.cz\/de\/wp-json\/wp\/v2\/types\/page"}],"author":[{"embeddable":true,"href":"https:\/\/biathlonnmnm.yashicadev.cz\/de\/wp-json\/wp\/v2\/users\/8"}],"replies":[{"embeddable":true,"href":"https:\/\/biathlonnmnm.yashicadev.cz\/de\/wp-json\/wp\/v2\/comments?post=300"}],"version-history":[{"count":11,"href":"https:\/\/biathlonnmnm.yashicadev.cz\/de\/wp-json\/wp\/v2\/pages\/300\/revisions"}],"predecessor-version":[{"id":7793,"href":"https:\/\/biathlonnmnm.yashicadev.cz\/de\/wp-json\/wp\/v2\/pages\/300\/revisions\/7793"}],"up":[{"embeddable":true,"href":"https:\/\/biathlonnmnm.yashicadev.cz\/de\/wp-json\/wp\/v2\/pages\/1261"}],"wp:attachment":[{"href":"https:\/\/biathlonnmnm.yashicadev.cz\/de\/wp-json\/wp\/v2\/media?parent=300"}],"wp:term":[{"taxonomy":"yst_prominent_words","embeddable":true,"href":"https:\/\/biathlonnmnm.yashicadev.cz\/de\/wp-json\/wp\/v2\/yst_prominent_words?post=300"}],"curies":[{"name":"wp","href":"https:\/\/api.w.org\/{rel}","templated":true}]}}