{"id":308,"date":"2016-11-15T16:05:40","date_gmt":"2016-11-15T16:05:40","guid":{"rendered":"https:\/\/biathlonnmnm.yashicadev.cz\/de\/?page_id=308"},"modified":"2017-12-13T09:20:17","modified_gmt":"2017-12-13T09:20:17","slug":"schwerbehinderte-rollstuhlfahrer","status":"publish","type":"page","link":"https:\/\/biathlonnmnm.yashicadev.cz\/de\/besucher\/schwerbehinderte-rollstuhlfahrer\/","title":{"rendered":"SCHWERBEHINDERTE ROLLSTUHLFAHRER"},"content":{"rendered":"<h4>EINTRITT F\u00dcR SCHWERBEHINDERTE UND ROLLSTUHLFAHRER<\/h4>\n<p>Das Organisationskomittee des Biathlon World Cups 2016 in Nov\u00e9 M\u011bsto na Morav\u011b setzt sich f\u00fcr h\u00f6chstm\u00f6gliche Zug\u00e4nglichkeit der Veranstaltung f\u00fcr Rollstuhlfahrer und Schwerbehinderte ein.<\/p>\n<p>Eine wichtige Unterst\u00fctzung ist dabei ein kostenfreier Eintritt in Vyso\u010dina Ar\u00e9na f\u00fcr alle Besitzer des Schwerbehindertenausweises und alle Rollstuhlfahrer. Selbstverst\u00e4ndlich sind barrierefreie Toiletten und Erfrischung.<br \/>\nIm unteren Bereich der Trib\u00fcne \u201eD\u201c ist eine Rampe f\u00fcr Rollstuhlfahrer vorbehaltet. Allerdings ist die Anzahl der Rollstuhlfahrerpl\u00e4tze aus Sicherheitsgr\u00fcnden begrenzt und wir bitten um rechtzeitige Voranmeldung.<br \/>\nDirekt in Vyso\u010dina Ar\u00e9na sind in begrenzter Anzahl auch Behindertenparkpl\u00e4tze reserviert, die nach Voranmeldung zur Verf\u00fcgung gestellt werden k\u00f6nnen. Auf Rollstuhlpl\u00e4tze und Behindertenparkpl\u00e4tze entsteht kein rechtlicher Anspruch.<\/p>\n<h5>Verlauf beim Eintritt in Vyso\u010dina Ar\u00e9na<\/h5>\n<p>F\u00fcr behinderte Zuschauer (ohne Rollstuhl) reicht es, beim Eintritt in Vyso\u010dina Ar\u00e9na Ihren g\u00fcltigen Behindertenausweis vorzulegen.<\/p>\n<h5>Verlauf bei der Einfahrt mit dem Pkw in Vyso\u010dina Ar\u00e9na<\/h5>\n<p>Die Veranstalter haben nur eine begrenzte Anzahl an Behindertenparkpl\u00e4tzen zur Verf\u00fcgung. Diese Parkpl\u00e4tze k\u00f6nnen nur an einen Besitzer eines g\u00fcltigen \u201eParkausweises f\u00fcr Behinderte\u201c zugeteilt werden.<\/p>\n<p><strong>F\u00fcr die Einfahrt und das Parken in diesem Bereich ist eine Genehmigung notwendig. Diese Genehmigung beantragen Sie schriftlich auf <a href=\"mailto:office@biathlonnmnm.cz\">office@biathlonnmnm.cz . <\/a>Bitte, warten Sie eine schriftliche Antwort ab, in der Ihnen die Einfahrt und Parken genehmigt wird.<\/strong><\/p>\n<p>Ihr Antrag soll folgende Informationen umfassen:<\/p>\n<ul>\n<li>alle Namen und genaue Personenanzahl<\/li>\n<li>ausgew\u00e4hlte Renntage, an denen Sie Vyso\u010dina Ar\u00e9na besuchen m\u00f6chten<\/li>\n<li>im Anhang schicken Sie eine Kopie oder ein Scan Ihres Behindertenausweises und Parkausweises f\u00fcr Behinderte<\/li>\n<\/ul>\n<p>Sobald wir Ihren Antrag bearbeitet haben, schicken wir Ihnen eine Verst\u00e4ndigung.<br \/>\nOhne eine schriftliche Zustimmung des Veranstalters wird Ihnen keine Einfahrt und Parken in Vyso\u010dina Ar\u00e9na gew\u00e4hrleistet.<\/p>\n<p>Ihre Antr\u00e4ge schicken sie auf Emailadresse <a href=\"mailto:office@biathlonnmnm.cz\" target=\"_blank\">office@biathlonnmnm.cz<\/a> bis sp\u00e4testens 16. September 2016.<\/p>\n<h5>Behindertenpl\u00e4tze<\/h5>\n<p>Die Personen, die einen g\u00fcltigen Behindertenausweis besitzen, d\u00fcrfen einen beliebigen Platz im Trib\u00fcnen- oder Streckenbereich nehmen.<\/p>\n<p>Im unteren Bereich der Trib\u00fcne \u201eD\u201c befinden sich 15 Rollstuhlfahrerpl\u00e4tze (30m2), die nach Voranmeldung reserviert werden k\u00f6nnen.<\/p>\n<p><strong>Falls Sie einen Rollstuhlfahrerplatz beantragen m\u00f6chten, schicken Sie uns eine Email auf <a href=\"mailto:office@biathlonnmnm.cz\">office@biathlonnmnm.cz<\/a> sp\u00e4testens bis 16. September 2016.<\/strong><\/p>\n<p>Die Anzahl dieser Pl\u00e4tze ist begrenzt und die Antr\u00e4ge werden nach Versanddatum bearbeitet.<\/p>\n<p><a class=\"nofancybox\" href=\"https:\/\/biathlonnmnm.yashicadev.cz\/wp-content\/uploads\/2016\/11\/NMNM-WC-2018-Vysocina-Arena-CZ-EN-ZTP.jpg\" target=\"_blank\"><img decoding=\"async\" loading=\"lazy\" src=\"https:\/\/biathlonnmnm.yashicadev.cz\/wp-content\/uploads\/2016\/11\/NMNM-WC-2018-Vysocina-Arena-CZ-EN-ZTP.jpg\" alt=\"Tribuna s ZTP\" width=\"100%\" height=\"auto\" \/><\/a><\/p>\n<p><a class=\"nofancybox\" href=\"https:\/\/biathlonnmnm.yashicadev.cz\/wp-content\/uploads\/2016\/11\/NMNM-WCup-2015-ZTP-tribuna-01.jpg\" target=\"_blank\"><img decoding=\"async\" loading=\"lazy\" src=\"https:\/\/biathlonnmnm.yashicadev.cz\/wp-content\/uploads\/2016\/11\/NMNM-WCup-2015-ZTP-tribuna-01.jpg\" alt=\"Tribuna s ZTP\" width=\"100%\" height=\"auto\" \/><\/a><\/p>\n","protected":false},"excerpt":{"rendered":"<p>EINTRITT F\u00dcR SCHWERBEHINDERTE UND ROLLSTUHLFAHRER Das Organisationskomittee des Biathlon World Cups 2016 in Nov\u00e9 M\u011bsto na Morav\u011b setzt sich f\u00fcr h\u00f6chstm\u00f6gliche Zug\u00e4nglichkeit der Veranstaltung f\u00fcr Rollstuhlfahrer und Schwerbehinderte ein. Eine wichtige Unterst\u00fctzung ist dabei ein kostenfreier Eintritt in Vyso\u010dina Ar\u00e9na f\u00fcr alle Besitzer des Schwerbehindertenausweises und alle Rollstuhlfahrer. Selbstverst\u00e4ndlich sind barrierefreie Toiletten und Erfrischung. Im [&hellip;]<\/p>\n","protected":false},"author":8,"featured_media":0,"parent":1261,"menu_order":5,"comment_status":"closed","ping_status":"closed","template":"","meta":[],"yst_prominent_words":[],"yoast_head":"<!-- This site is optimized with the Yoast SEO Premium plugin v14.1 - https:\/\/yoast.com\/wordpress\/plugins\/seo\/ -->\n<meta name=\"robots\" content=\"noindex, follow\" \/>\n<meta property=\"og:locale\" content=\"de_DE\" \/>\n<meta property=\"og:type\" content=\"article\" \/>\n<meta property=\"og:title\" content=\"SCHWERBEHINDERTE ROLLSTUHLFAHRER - Biathlon Nov\u00e9 M\u011bsto na Morav\u011b\" \/>\n<meta property=\"og:description\" content=\"EINTRITT F\u00dcR SCHWERBEHINDERTE UND ROLLSTUHLFAHRER Das Organisationskomittee des Biathlon World Cups 2016 in Nov\u00e9 M\u011bsto na Morav\u011b setzt sich f\u00fcr h\u00f6chstm\u00f6gliche Zug\u00e4nglichkeit der Veranstaltung f\u00fcr Rollstuhlfahrer und Schwerbehinderte ein. Eine wichtige Unterst\u00fctzung ist dabei ein kostenfreier Eintritt in Vyso\u010dina Ar\u00e9na f\u00fcr alle Besitzer des Schwerbehindertenausweises und alle Rollstuhlfahrer. Selbstverst\u00e4ndlich sind barrierefreie Toiletten und Erfrischung. Im [&hellip;]\" \/>\n<meta property=\"og:url\" content=\"https:\/\/biathlonnmnm.yashicadev.cz\/de\/besucher\/schwerbehinderte-rollstuhlfahrer\/\" \/>\n<meta property=\"og:site_name\" content=\"Biathlon Nov\u00e9 M\u011bsto na Morav\u011b\" \/>\n<meta property=\"article:modified_time\" content=\"2017-12-13T09:20:17+00:00\" \/>\n<meta property=\"og:image\" content=\"https:\/\/biathlonnmnm.yashicadev.cz\/wp-content\/uploads\/2016\/11\/NMNM-WC-2018-Vysocina-Arena-CZ-EN-ZTP.jpg\" \/>\n<meta name=\"twitter:card\" content=\"summary_large_image\" \/>\n<script type=\"application\/ld+json\" class=\"yoast-schema-graph\">{\"@context\":\"https:\/\/schema.org\",\"@graph\":[{\"@type\":\"WebSite\",\"@id\":\"https:\/\/biathlonnmnm.yashicadev.cz\/de\/#website\",\"url\":\"https:\/\/biathlonnmnm.yashicadev.cz\/de\/\",\"name\":\"Biathlon Nov\\u00e9 M\\u011bsto na Morav\\u011b\",\"description\":\"Biathlon Nov\\u00e9 M\\u011bsto na Morav\\u011b - Biatlon NMNM\",\"potentialAction\":[{\"@type\":\"SearchAction\",\"target\":\"https:\/\/biathlonnmnm.yashicadev.cz\/de\/?s={search_term_string}\",\"query-input\":\"required name=search_term_string\"}],\"inLanguage\":\"de-DE\"},{\"@type\":\"ImageObject\",\"@id\":\"https:\/\/biathlonnmnm.yashicadev.cz\/de\/besucher\/schwerbehinderte-rollstuhlfahrer\/#primaryimage\",\"inLanguage\":\"de-DE\",\"url\":\"https:\/\/biathlonnmnm.yashicadev.cz\/wp-content\/uploads\/2016\/11\/NMNM-WC-2018-Vysocina-Arena-CZ-EN-ZTP.jpg\"},{\"@type\":\"WebPage\",\"@id\":\"https:\/\/biathlonnmnm.yashicadev.cz\/de\/besucher\/schwerbehinderte-rollstuhlfahrer\/#webpage\",\"url\":\"https:\/\/biathlonnmnm.yashicadev.cz\/de\/besucher\/schwerbehinderte-rollstuhlfahrer\/\",\"name\":\"SCHWERBEHINDERTE ROLLSTUHLFAHRER - Biathlon Nov\\u00e9 M\\u011bsto na Morav\\u011b\",\"isPartOf\":{\"@id\":\"https:\/\/biathlonnmnm.yashicadev.cz\/de\/#website\"},\"primaryImageOfPage\":{\"@id\":\"https:\/\/biathlonnmnm.yashicadev.cz\/de\/besucher\/schwerbehinderte-rollstuhlfahrer\/#primaryimage\"},\"datePublished\":\"2016-11-15T16:05:40+00:00\",\"dateModified\":\"2017-12-13T09:20:17+00:00\",\"inLanguage\":\"de-DE\",\"potentialAction\":[{\"@type\":\"ReadAction\",\"target\":[\"https:\/\/biathlonnmnm.yashicadev.cz\/de\/besucher\/schwerbehinderte-rollstuhlfahrer\/\"]}]}]}<\/script>\n<!-- \/ Yoast SEO Premium plugin. -->","_links":{"self":[{"href":"https:\/\/biathlonnmnm.yashicadev.cz\/de\/wp-json\/wp\/v2\/pages\/308"}],"collection":[{"href":"https:\/\/biathlonnmnm.yashicadev.cz\/de\/wp-json\/wp\/v2\/pages"}],"about":[{"href":"https:\/\/biathlonnmnm.yashicadev.cz\/de\/wp-json\/wp\/v2\/types\/page"}],"author":[{"embeddable":true,"href":"https:\/\/biathlonnmnm.yashicadev.cz\/de\/wp-json\/wp\/v2\/users\/8"}],"replies":[{"embeddable":true,"href":"https:\/\/biathlonnmnm.yashicadev.cz\/de\/wp-json\/wp\/v2\/comments?post=308"}],"version-history":[{"count":8,"href":"https:\/\/biathlonnmnm.yashicadev.cz\/de\/wp-json\/wp\/v2\/pages\/308\/revisions"}],"predecessor-version":[{"id":1852,"href":"https:\/\/biathlonnmnm.yashicadev.cz\/de\/wp-json\/wp\/v2\/pages\/308\/revisions\/1852"}],"up":[{"embeddable":true,"href":"https:\/\/biathlonnmnm.yashicadev.cz\/de\/wp-json\/wp\/v2\/pages\/1261"}],"wp:attachment":[{"href":"https:\/\/biathlonnmnm.yashicadev.cz\/de\/wp-json\/wp\/v2\/media?parent=308"}],"wp:term":[{"taxonomy":"yst_prominent_words","embeddable":true,"href":"https:\/\/biathlonnmnm.yashicadev.cz\/de\/wp-json\/wp\/v2\/yst_prominent_words?post=308"}],"curies":[{"name":"wp","href":"https:\/\/api.w.org\/{rel}","templated":true}]}}