{"id":310,"date":"2016-11-15T16:06:35","date_gmt":"2016-11-15T16:06:35","guid":{"rendered":"https:\/\/biathlonnmnm.yashicadev.cz\/de\/?page_id=310"},"modified":"2020-02-24T17:33:07","modified_gmt":"2020-02-24T17:33:07","slug":"parkplaetze","status":"publish","type":"page","link":"https:\/\/biathlonnmnm.yashicadev.cz\/de\/besucher\/parkplaetze\/","title":{"rendered":"Parken"},"content":{"rendered":"<h3>Parken<\/h3>\n<p>Alle Besucher, die rechtzeitig in Vyso\u010dina Ar\u00e9na ankommen wollen, empfehlen wir, dass Sie mit einer gro\u00dfen Zeitreserve rechnen! Die enorme Anzahl der kommenden Besucher beeinflusst enorm alle Zufahrtstra\u00dfen und Kommunikationen und es ist notwendig mit m\u00f6glichen Verkehrshinderungen zu rechnen. Gleichzeitig werden die Zufahrtstra\u00dfen von den Shuttle Bussen, Fan-Bussen, Teams, Journalisten, Lieferanten und G\u00e4sten genutzt. Genau aus diesen Gr\u00fcnden k\u00f6nnen Staus und Versp\u00e4tungen nicht ausgeschlossen werden. Bitte, kommen Sie also mit einem ausreichenden Vorsprung an, sodass Sie die Biathlonrennen vollst\u00e4ndig und stressfrei genie\u00dfen k\u00f6nnen.<\/p>\n<h4>Anfahrt mit dem PKW<\/h4>\n<p>F\u00fcr Besucher sind folgende Parkfl\u00e4chen bereit:<\/p>\n<ul>\n<li>Nov\u00e9 M\u011bsto na Morav\u011b (P6 bis P9 und P11)<\/li>\n<li>Mar\u0161ovice (P13 bis P15)<\/li>\n<li>\u017d\u010f\u00e1r nad S\u00e1zavou (P-ZR 1, P-ZR 2, P-ZR 3)<\/li>\n<\/ul>\n<p>Alle Parkpl\u00e4tze in Nov\u00e9 M\u011bsto sind nur wenige Gehminuten vom WC-Stadion (Vyso\u010dina Arena) entfernt.<\/p>\n<p>Parkpl\u00e4tze in \u017d\u010f\u00e1r nad S\u00e1zavou sind vom Shuttleservice zu Fu\u00df erreichbar.<\/p>\n<h5>Anfahrt mit einem FanBuss<\/h5>\n<p>Falls Sie mit einem Reiseb\u00fcro oder mit einer Gruppe angereist sind, steht f\u00fcr Sie ein Parkplatz \u201eFAN BUS zur Verf\u00fcgung. Er befindet sich in \u201eNezvalova Stra\u00dfe\u201c(am Bahnhof) in Nov\u00e9 M\u011bsto na Morav\u011b.<\/p>\n<h5>Anfahrt f\u00fcr G\u00e4ste<\/h5>\n<p>Falls Sie eine Einladung von den Organisatoren erhalten haben, m\u00fcssen Sie zuerst das Akkreditierung-B\u00fcro besuchen. Das Akkreditierung-B\u00fcro befindet sich im Kulturhaus in Nov\u00e9 M\u011bsto na Morav\u011b. Erst hier erhalten Sie Ihre Akkreditierung und eine Parkkarte, mit der Sie auf bestimmten Parkfl\u00e4chen (Vlachovick\u00e1 Stra\u00dfe) in der N\u00e4he von Vyso\u010dina Ar\u00e9na parken k\u00f6nnen.<\/p>\n<h5>Parken auf der gefrorenen Wiese (bei guten Witterungsbedingungen)<\/h5>\n<p>Bei guten Witterungsbedingungen k\u00f6nnen Sie auch eine gefrorenen Wiese als eine Parkm\u00f6glichkeit nutzen, die sich in der N\u00e4he des Krankenhauses (in Nov\u00e9 M\u011bsto na Morav\u011b, \u017d\u010f\u00e1rsk\u00e1 Stra\u00dfe)) befindet. \u00dcber die Verf\u00fcgbarkeit dieser Parkfl\u00e4che informieren Sie mobile Verkehrsanzeiger und Organisatoren vor Ort. Diese Parkm\u00f6glichkeit steht allerdings noch offen und wird erst dann best\u00e4tigt, wenn die Wettervorhersage unmittelbar vor dem World Cup bekannt ist.<\/p>\n<p style=\"text-align: center;\"><a href=\"https:\/\/biathlonnmnm.yashicadev.cz\/parking\/\" target=\"_blank\" rel=\"noopener noreferrer\"><strong>Vyso\u010dina arena &#8211; <\/strong><span class=\"tlid-translation translation\"><span class=\"\" title=\"\"><strong>Karte der Parkpl\u00e4tze<\/strong> (Karte in voller Aufl\u00f6sung anzeigen)<\/span><\/span><\/a><\/p>\n\n\n<figure class=\"wp-block-image size-large\"><img decoding=\"async\" src=\"https:\/\/biathlonnmnm.yashicadev.cz\/wp-content\/uploads\/2020\/02\/NMNM_WC2020_parking_entry_plan-842x1024.png\" alt=\"\" class=\"wp-image-2994\"\/><figcaption> <strong>Parkplatz in Nov\u00e9 M\u011bsto na Morav\u011b<\/strong> <\/figcaption><\/figure>\n\n\n\n<figure class=\"wp-block-image size-large\"><img decoding=\"async\" src=\"https:\/\/biathlonnmnm.yashicadev.cz\/wp-content\/uploads\/2020\/02\/ZR_WC2020_public_shuttle_plan-1018x1024.png\" alt=\"\" class=\"wp-image-2999\"\/><figcaption><strong>  Parkplatz in \u017d\u010f\u00e1r nad S\u00e1zavou mit Anschluss an Shuttle-service<\/strong><\/figcaption><\/figure>\n","protected":false},"excerpt":{"rendered":"<p>Parken Alle Besucher, die rechtzeitig in Vyso\u010dina Ar\u00e9na ankommen wollen, empfehlen wir, dass Sie mit einer gro\u00dfen Zeitreserve rechnen! Die enorme Anzahl der kommenden Besucher beeinflusst enorm alle Zufahrtstra\u00dfen und Kommunikationen und es ist notwendig mit m\u00f6glichen Verkehrshinderungen zu rechnen. Gleichzeitig werden die Zufahrtstra\u00dfen von den Shuttle Bussen, Fan-Bussen, Teams, Journalisten, Lieferanten und G\u00e4sten genutzt. [&hellip;]<\/p>\n","protected":false},"author":8,"featured_media":0,"parent":1261,"menu_order":2,"comment_status":"closed","ping_status":"closed","template":"","meta":[],"yst_prominent_words":[],"yoast_head":"<!-- This site is optimized with the Yoast SEO Premium plugin v14.1 - https:\/\/yoast.com\/wordpress\/plugins\/seo\/ -->\n<meta name=\"robots\" content=\"noindex, follow\" \/>\n<meta property=\"og:locale\" content=\"de_DE\" \/>\n<meta property=\"og:type\" content=\"article\" \/>\n<meta property=\"og:title\" content=\"Parken - Biathlon Nov\u00e9 M\u011bsto na Morav\u011b\" \/>\n<meta property=\"og:description\" content=\"Parken Alle Besucher, die rechtzeitig in Vyso\u010dina Ar\u00e9na ankommen wollen, empfehlen wir, dass Sie mit einer gro\u00dfen Zeitreserve rechnen! Die enorme Anzahl der kommenden Besucher beeinflusst enorm alle Zufahrtstra\u00dfen und Kommunikationen und es ist notwendig mit m\u00f6glichen Verkehrshinderungen zu rechnen. Gleichzeitig werden die Zufahrtstra\u00dfen von den Shuttle Bussen, Fan-Bussen, Teams, Journalisten, Lieferanten und G\u00e4sten genutzt. [&hellip;]\" \/>\n<meta property=\"og:url\" content=\"https:\/\/biathlonnmnm.yashicadev.cz\/de\/besucher\/parkplaetze\/\" \/>\n<meta property=\"og:site_name\" content=\"Biathlon Nov\u00e9 M\u011bsto na Morav\u011b\" \/>\n<meta property=\"article:modified_time\" content=\"2020-02-24T17:33:07+00:00\" \/>\n<meta property=\"og:image\" content=\"https:\/\/biathlonnmnm.yashicadev.cz\/wp-content\/uploads\/2020\/02\/NMNM_WC2020_parking_entry_plan-842x1024.png\" \/>\n<meta name=\"twitter:card\" content=\"summary_large_image\" \/>\n<script type=\"application\/ld+json\" class=\"yoast-schema-graph\">{\"@context\":\"https:\/\/schema.org\",\"@graph\":[{\"@type\":\"WebSite\",\"@id\":\"https:\/\/biathlonnmnm.yashicadev.cz\/de\/#website\",\"url\":\"https:\/\/biathlonnmnm.yashicadev.cz\/de\/\",\"name\":\"Biathlon Nov\\u00e9 M\\u011bsto na Morav\\u011b\",\"description\":\"Biathlon Nov\\u00e9 M\\u011bsto na Morav\\u011b - Biatlon NMNM\",\"potentialAction\":[{\"@type\":\"SearchAction\",\"target\":\"https:\/\/biathlonnmnm.yashicadev.cz\/de\/?s={search_term_string}\",\"query-input\":\"required name=search_term_string\"}],\"inLanguage\":\"de-DE\"},{\"@type\":\"ImageObject\",\"@id\":\"https:\/\/biathlonnmnm.yashicadev.cz\/de\/besucher\/parkplaetze\/#primaryimage\",\"inLanguage\":\"de-DE\",\"url\":\"https:\/\/biathlonnmnm.yashicadev.cz\/wp-content\/uploads\/2020\/02\/NMNM_WC2020_parking_entry_plan-842x1024.png\"},{\"@type\":\"WebPage\",\"@id\":\"https:\/\/biathlonnmnm.yashicadev.cz\/de\/besucher\/parkplaetze\/#webpage\",\"url\":\"https:\/\/biathlonnmnm.yashicadev.cz\/de\/besucher\/parkplaetze\/\",\"name\":\"Parken - Biathlon Nov\\u00e9 M\\u011bsto na Morav\\u011b\",\"isPartOf\":{\"@id\":\"https:\/\/biathlonnmnm.yashicadev.cz\/de\/#website\"},\"primaryImageOfPage\":{\"@id\":\"https:\/\/biathlonnmnm.yashicadev.cz\/de\/besucher\/parkplaetze\/#primaryimage\"},\"datePublished\":\"2016-11-15T16:06:35+00:00\",\"dateModified\":\"2020-02-24T17:33:07+00:00\",\"inLanguage\":\"de-DE\",\"potentialAction\":[{\"@type\":\"ReadAction\",\"target\":[\"https:\/\/biathlonnmnm.yashicadev.cz\/de\/besucher\/parkplaetze\/\"]}]}]}<\/script>\n<!-- \/ Yoast SEO Premium plugin. -->","_links":{"self":[{"href":"https:\/\/biathlonnmnm.yashicadev.cz\/de\/wp-json\/wp\/v2\/pages\/310"}],"collection":[{"href":"https:\/\/biathlonnmnm.yashicadev.cz\/de\/wp-json\/wp\/v2\/pages"}],"about":[{"href":"https:\/\/biathlonnmnm.yashicadev.cz\/de\/wp-json\/wp\/v2\/types\/page"}],"author":[{"embeddable":true,"href":"https:\/\/biathlonnmnm.yashicadev.cz\/de\/wp-json\/wp\/v2\/users\/8"}],"replies":[{"embeddable":true,"href":"https:\/\/biathlonnmnm.yashicadev.cz\/de\/wp-json\/wp\/v2\/comments?post=310"}],"version-history":[{"count":7,"href":"https:\/\/biathlonnmnm.yashicadev.cz\/de\/wp-json\/wp\/v2\/pages\/310\/revisions"}],"predecessor-version":[{"id":2485,"href":"https:\/\/biathlonnmnm.yashicadev.cz\/de\/wp-json\/wp\/v2\/pages\/310\/revisions\/2485"}],"up":[{"embeddable":true,"href":"https:\/\/biathlonnmnm.yashicadev.cz\/de\/wp-json\/wp\/v2\/pages\/1261"}],"wp:attachment":[{"href":"https:\/\/biathlonnmnm.yashicadev.cz\/de\/wp-json\/wp\/v2\/media?parent=310"}],"wp:term":[{"taxonomy":"yst_prominent_words","embeddable":true,"href":"https:\/\/biathlonnmnm.yashicadev.cz\/de\/wp-json\/wp\/v2\/yst_prominent_words?post=310"}],"curies":[{"name":"wp","href":"https:\/\/api.w.org\/{rel}","templated":true}]}}