{"id":314,"date":"2016-11-15T16:07:55","date_gmt":"2016-11-15T16:07:55","guid":{"rendered":"https:\/\/biathlonnmnm.yashicadev.cz\/de\/?page_id=314"},"modified":"2023-09-01T20:42:35","modified_gmt":"2023-09-01T20:42:35","slug":"tickets","status":"publish","type":"page","link":"https:\/\/biathlonnmnm.yashicadev.cz\/de\/tickets\/","title":{"rendered":"Tickets"},"content":{"rendered":"\n<p>Zwischen 7.2.-18.2.2024 gastiert wieder Nov\u00e9 M\u011bsto na Morav\u011b die Biathlon Weltmeisterschaft. Sichern<br>Sie rechtzeitig Ihre Tickets und sind Sie dabei!<\/p>\n\n\n\n<h2>Tickets<\/h2>\n\n\n\n<ul>\n<li><strong><a rel=\"noreferrer noopener\" href=\"https:\/\/biathlonnmnm.enigoo.cz\/app\/msbiathlon2024nmnmpass\" data-type=\"URL\" data-id=\"https:\/\/biathlonnmnm.enigoo.cz\/app\/msbiathlon2024nmnmpass\" target=\"_blank\">Dauerticket<\/a>:<\/strong> F\u00fcr die wahre Biathlon-Fans! Eintrittskarte f\u00fcr alle neun Renntage der WM.<\/li>\n\n\n\n<li><strong><a rel=\"noreferrer noopener\" href=\"https:\/\/biathlonnmnm.enigoo.cz\/app\/msbiathlon2024nmnmpackage\" data-type=\"URL\" data-id=\"https:\/\/biathlonnmnm.enigoo.cz\/app\/msbiathlon2024nmnmpackage\" target=\"_blank\">Ticket-Paket<\/a>:<\/strong> F\u00fcr alle, die das Biathlonwochenende oder Biathlonwoche genie\u00dfen wollen.<\/li>\n\n\n\n<li><strong><a rel=\"noreferrer noopener\" href=\"https:\/\/biathlonnmnm.enigoo.cz\/app\/msbiathlon2024nmnmsingl\" data-type=\"URL\" data-id=\"https:\/\/biathlonnmnm.enigoo.cz\/app\/msbiathlon2024nmnmsingl\" target=\"_blank\">Tagesticket<\/a>:<\/strong> F\u00fcr alle, die ein bestimmtes Rennen sehen m\u00f6chten. Die meisten Tagestickets sind bereits im Verkauf, der Rest wird je nach Anzahl der verkauften Ticket-Pakete zu einem sp\u00e4teren Zeitpunkt freigegeben.<br><\/li>\n<\/ul>\n\n\n\n<div class=\"is-layout-flex wp-block-buttons\">\n<div class=\"wp-block-button has-custom-font-size has-small-font-size\"><a class=\"wp-block-button__link has-text-color has-background wp-element-button\" href=\"https:\/\/biathlonnmnm.enigoo.cz\/app\/msbiathlon2024nmnmpackage\" style=\"border-radius:0px;color:#d1a34c;background-color:#023850\" target=\"_blank\" rel=\"noreferrer noopener\"><strong>TICKET-PAKET<\/strong><\/a><\/div>\n\n\n\n<div class=\"wp-block-button has-custom-font-size has-small-font-size\"><a class=\"wp-block-button__link has-text-color has-background wp-element-button\" href=\"https:\/\/biathlonnmnm.enigoo.cz\/app\/msbiathlon2024nmnmpass\" style=\"border-radius:0px;color:#d1a34c;background-color:#023850\" target=\"_blank\" rel=\"noreferrer noopener\"><strong>DAUERTICKET<\/strong><\/a><\/div>\n\n\n\n<div class=\"wp-block-button has-custom-font-size has-small-font-size\"><a class=\"wp-block-button__link has-text-color has-background wp-element-button\" href=\"https:\/\/biathlonnmnm.enigoo.cz\/app\/msbiathlon2024nmnmsingl\" style=\"border-radius:0px;color:#d1a34c;background-color:#023850\" target=\"_blank\" rel=\"noreferrer noopener\"><strong>TAGESTICKET<\/strong><\/a><\/div>\n\n\n\n<div class=\"wp-block-button has-custom-font-size has-small-font-size\"><a class=\"wp-block-button__link has-text-color has-background wp-element-button\" href=\"https:\/\/biathlonnmnm.enigoo.cz\/app\/msbiathlon2024nmnmvip\" style=\"border-radius:0px;color:#d1a34c;background-color:#023850\" target=\"_blank\" rel=\"noreferrer noopener\"><strong>VIP<\/strong><\/a><\/div>\n<\/div>\n\n\n\n<p><\/p>\n\n\n\n<h2>Welche Trib\u00fcne ausw\u00e4hlen?<\/h2>\n\n\n\n<ul>\n<li><strong>Trib\u00fcne B, C und D:<\/strong> die perfekte Aussicht auf die Zielgerade, Start und Schie\u00dfstand. Genie\u00dfen<br>Sie die gro\u00dfartige Atmosph\u00e4re in der Vyso\u010dina Ar\u00e9na.<\/li>\n\n\n\n<li><strong>Trib\u00fcne E1 und E2:<\/strong> auch hier sind Sie mitten in der Vyso\u010dina Ar\u00e9na. Sie haben eine tolle Aussicht<br>auf Biathleten und das Schie\u00dfen verfolgen Sie auf der Videoleiwand.<br>Die Trib\u00fcne E1 wird neu gebaut und somit bietet sie auch mehr Komfort f\u00fcr die Zuschauer.<\/li>\n\n\n\n<li><strong>Trib\u00fcne F1, F2 und G:<\/strong> hier brauchen die Biathleten Ihre Unterst\u00fctzung!<br>Der steile Anstieg unter hinter den Unterf\u00fchrungen (G) und \u00fcber den Unterf\u00fchrungen (F1 und<br>F2).<\/li>\n\n\n\n<li><strong>Trib\u00fcne H:<\/strong> im letzten Anstieg k\u00f6nnen Sie ganz nah den Medaillenk\u00e4mpfen dran sein<br>Vor allen Trib\u00fcnen befinden sich gro\u00dfe Videoleiw\u00e4nde, damit Sie das komplette Renngeschehen<br>genie\u00dfen k\u00f6nnen.<\/li>\n<\/ul>\n\n\n\n<p><em>Vor der WM haben wir die Trib\u00fcnenbeschreibung alphabethisch angepasst: die urspr\u00fcngliche Trib\u00fcne A hei\u00dft neu C die urspr\u00fcngliche Trib\u00fcne C hei\u00dft neu A (VIP)<\/em><\/p>\n\n\n\n<figure class=\"wp-block-image size-large\"><img decoding=\"async\" loading=\"lazy\" width=\"1024\" height=\"576\" src=\"http:\/\/biathlonnmnm.yashicadev.cz\/wp-content\/uploads\/2023\/05\/plan_tribuny_2023-1024x576.jpg\" alt=\"\" class=\"wp-image-7409\" srcset=\"https:\/\/biathlonnmnm.yashicadev.cz\/wp-content\/uploads\/2023\/05\/plan_tribuny_2023-1024x576.jpg 1024w, https:\/\/biathlonnmnm.yashicadev.cz\/wp-content\/uploads\/2023\/05\/plan_tribuny_2023-300x169.jpg 300w, https:\/\/biathlonnmnm.yashicadev.cz\/wp-content\/uploads\/2023\/05\/plan_tribuny_2023-768x432.jpg 768w, https:\/\/biathlonnmnm.yashicadev.cz\/wp-content\/uploads\/2023\/05\/plan_tribuny_2023-1536x864.jpg 1536w, https:\/\/biathlonnmnm.yashicadev.cz\/wp-content\/uploads\/2023\/05\/plan_tribuny_2023-85x48.jpg 85w, https:\/\/biathlonnmnm.yashicadev.cz\/wp-content\/uploads\/2023\/05\/plan_tribuny_2023-1700x956.jpg 1700w, https:\/\/biathlonnmnm.yashicadev.cz\/wp-content\/uploads\/2023\/05\/plan_tribuny_2023.jpg 1920w\" sizes=\"(max-width: 1024px) 100vw, 1024px\" \/><\/figure>\n\n\n\n<h2>Sondertickets<\/h2>\n\n\n\n<ul>\n<li><strong>Kinder bis 120cm<\/strong> bezahlen 1 CZK. Dies gilt f\u00fcr alle Trib\u00fcnen \u2013 mit Ausnahme von VIP.<br>Beim Einkauf online reicht daf\u00fcr nur den \u201eNormalpreis\u201c auf \u201eKind bis 120cm\u201c umstellen.<\/li>\n\n\n\n<li><strong>Schwerbehinderte<\/strong> bezahlen Normalpreis und eine Begleitperson von Schwerbehinderten hat<br>den Eintritt gratis. Hinweis: f\u00fcr Rollstuhlfahrer ist die barrierefreie Trib\u00fcne D bestimmt. In der Verkaufsapp sind diese Pl\u00e4tze mit entsprechendem Zeichen markiert. Beachten Sie bitte, dass es nur eine begrenzte Anzahl gibt<\/li>\n<\/ul>\n\n\n\n<h2>VIP Tickets<\/h2>\n\n\n\n<ul>\n<li>Ein der gr\u00f6\u00dften Sportevents in Tschechien bietet eine einzigartige Gelegenheit f\u00fcr ein Treffen<br>mit Ihren Freunden sowie Gesch\u00e4ftspartnern.<\/li>\n\n\n\n<li>Die ganze Zeit haben Sie Zugang in den beheizten VIP-Zelt (Catering und freie Wahl von Alkohol<br>sowie von alkoholfreien Getr\u00e4nken)<\/li>\n\n\n\n<li>Die Wettk\u00e4mpfe k\u00f6nnen Sie direkt aus der Trib\u00fcne A verfolgen, die die perfekte Aussicht auf das<br>ganze Stadion anbietet.<\/li>\n\n\n\n<li>Kinder bis 3 Jahre (inkl.) haben kostenlosen Eintritt \u2013 ohne Sitzplatz.<\/li>\n\n\n\n<li>VIP-Tickets sind als <a href=\"https:\/\/biathlonnmnm.enigoo.cz\/app\/msbiathlon2024nmnmvip\" target=\"_blank\" rel=\"noreferrer noopener\">Dauer-und Tagestickets<\/a> sowie <a href=\"https:\/\/biathlonnmnm.enigoo.cz\/app\/msbiathlon2024nmnmvip\" target=\"_blank\" rel=\"noreferrer noopener\">Ticket-Packet erh\u00e4ltlich<\/a>.<\/li>\n<\/ul>\n\n\n\n<h2>Informationen zu Tickets<\/h2>\n\n\n\n<ul>\n<li>Tickets werden neu mit der Zusammenarbeit mit der Firma Enigoo verkauft.<br>Bitte kaufen Sie Ihre Tickets nur im offiziellem Ticketshop f\u00fcr die Biathlon WM 2024 in Nov\u00e9<br>M\u011bsto na Morav\u011b: biathlonnmnm.cz<\/li>\n\n\n\n<li>Bei R\u00fcckfragen wenden Sie sich bitte per Email auf infonigoo.cz oder telefonisch auf den<br>Kundendienst von Enigoo +420&nbsp;461&nbsp;049&nbsp;232.<\/li>\n\n\n\n<li>Falls das Event kurzfristig am Renntag wegen schlechten Wetterbedingungen (Nebel, starker<br>Wind usw.) ausf\u00e4llt, wird das Eintrittsgeld von dem Veranstalter nicht zur\u00fcckerstattet.<\/li>\n\n\n\n<li>Das Eintrittsgeld wird nur dann vom Veranstalter zur\u00fcckerstattet, falls das Event lange vor dem<br>geplanten Termin wegen schlechten Wetterbedingungen abgesagt wird (z.B. wegen<br>Schneemangel).<\/li>\n<\/ul>\n","protected":false},"excerpt":{"rendered":"<p>Zwischen 7.2.-18.2.2024 gastiert wieder Nov\u00e9 M\u011bsto na Morav\u011b die Biathlon Weltmeisterschaft. SichernSie rechtzeitig Ihre Tickets und sind Sie dabei! Tickets Welche Trib\u00fcne ausw\u00e4hlen? Vor der WM haben wir die Trib\u00fcnenbeschreibung alphabethisch angepasst: die urspr\u00fcngliche Trib\u00fcne A hei\u00dft neu C die urspr\u00fcngliche Trib\u00fcne C hei\u00dft neu A (VIP) Sondertickets VIP Tickets Informationen zu Tickets<\/p>\n","protected":false},"author":8,"featured_media":0,"parent":0,"menu_order":36,"comment_status":"closed","ping_status":"closed","template":"","meta":[],"yst_prominent_words":[],"yoast_head":"<!-- This site is optimized with the Yoast SEO Premium plugin v14.1 - https:\/\/yoast.com\/wordpress\/plugins\/seo\/ -->\n<meta name=\"robots\" content=\"noindex, follow\" \/>\n<meta property=\"og:locale\" content=\"de_DE\" \/>\n<meta property=\"og:type\" content=\"article\" \/>\n<meta property=\"og:title\" content=\"Tickets - Biathlon Nov\u00e9 M\u011bsto na Morav\u011b\" \/>\n<meta property=\"og:description\" content=\"Zwischen 7.2.-18.2.2024 gastiert wieder Nov\u00e9 M\u011bsto na Morav\u011b die Biathlon Weltmeisterschaft. SichernSie rechtzeitig Ihre Tickets und sind Sie dabei! Tickets Welche Trib\u00fcne ausw\u00e4hlen? Vor der WM haben wir die Trib\u00fcnenbeschreibung alphabethisch angepasst: die urspr\u00fcngliche Trib\u00fcne A hei\u00dft neu C die urspr\u00fcngliche Trib\u00fcne C hei\u00dft neu A (VIP) Sondertickets VIP Tickets Informationen zu Tickets\" \/>\n<meta property=\"og:url\" content=\"https:\/\/biathlonnmnm.yashicadev.cz\/de\/tickets\/\" \/>\n<meta property=\"og:site_name\" content=\"Biathlon Nov\u00e9 M\u011bsto na Morav\u011b\" \/>\n<meta property=\"article:modified_time\" content=\"2023-09-01T20:42:35+00:00\" \/>\n<meta property=\"og:image\" content=\"http:\/\/biathlonnmnm.yashicadev.cz\/wp-content\/uploads\/2023\/05\/plan_tribuny_2023-1024x576.jpg\" \/>\n<meta name=\"twitter:card\" content=\"summary_large_image\" \/>\n<script type=\"application\/ld+json\" class=\"yoast-schema-graph\">{\"@context\":\"https:\/\/schema.org\",\"@graph\":[{\"@type\":\"WebSite\",\"@id\":\"https:\/\/biathlonnmnm.yashicadev.cz\/de\/#website\",\"url\":\"https:\/\/biathlonnmnm.yashicadev.cz\/de\/\",\"name\":\"Biathlon Nov\\u00e9 M\\u011bsto na Morav\\u011b\",\"description\":\"Biathlon Nov\\u00e9 M\\u011bsto na Morav\\u011b - Biatlon NMNM\",\"potentialAction\":[{\"@type\":\"SearchAction\",\"target\":\"https:\/\/biathlonnmnm.yashicadev.cz\/de\/?s={search_term_string}\",\"query-input\":\"required name=search_term_string\"}],\"inLanguage\":\"de-DE\"},{\"@type\":\"ImageObject\",\"@id\":\"https:\/\/biathlonnmnm.yashicadev.cz\/de\/tickets\/#primaryimage\",\"inLanguage\":\"de-DE\",\"url\":\"http:\/\/biathlonnmnm.yashicadev.cz\/wp-content\/uploads\/2023\/05\/plan_tribuny_2023-1024x576.jpg\"},{\"@type\":\"WebPage\",\"@id\":\"https:\/\/biathlonnmnm.yashicadev.cz\/de\/tickets\/#webpage\",\"url\":\"https:\/\/biathlonnmnm.yashicadev.cz\/de\/tickets\/\",\"name\":\"Tickets - Biathlon Nov\\u00e9 M\\u011bsto na Morav\\u011b\",\"isPartOf\":{\"@id\":\"https:\/\/biathlonnmnm.yashicadev.cz\/de\/#website\"},\"primaryImageOfPage\":{\"@id\":\"https:\/\/biathlonnmnm.yashicadev.cz\/de\/tickets\/#primaryimage\"},\"datePublished\":\"2016-11-15T16:07:55+00:00\",\"dateModified\":\"2023-09-01T20:42:35+00:00\",\"inLanguage\":\"de-DE\",\"potentialAction\":[{\"@type\":\"ReadAction\",\"target\":[\"https:\/\/biathlonnmnm.yashicadev.cz\/de\/tickets\/\"]}]}]}<\/script>\n<!-- \/ Yoast SEO Premium plugin. -->","_links":{"self":[{"href":"https:\/\/biathlonnmnm.yashicadev.cz\/de\/wp-json\/wp\/v2\/pages\/314"}],"collection":[{"href":"https:\/\/biathlonnmnm.yashicadev.cz\/de\/wp-json\/wp\/v2\/pages"}],"about":[{"href":"https:\/\/biathlonnmnm.yashicadev.cz\/de\/wp-json\/wp\/v2\/types\/page"}],"author":[{"embeddable":true,"href":"https:\/\/biathlonnmnm.yashicadev.cz\/de\/wp-json\/wp\/v2\/users\/8"}],"replies":[{"embeddable":true,"href":"https:\/\/biathlonnmnm.yashicadev.cz\/de\/wp-json\/wp\/v2\/comments?post=314"}],"version-history":[{"count":7,"href":"https:\/\/biathlonnmnm.yashicadev.cz\/de\/wp-json\/wp\/v2\/pages\/314\/revisions"}],"predecessor-version":[{"id":7572,"href":"https:\/\/biathlonnmnm.yashicadev.cz\/de\/wp-json\/wp\/v2\/pages\/314\/revisions\/7572"}],"wp:attachment":[{"href":"https:\/\/biathlonnmnm.yashicadev.cz\/de\/wp-json\/wp\/v2\/media?parent=314"}],"wp:term":[{"taxonomy":"yst_prominent_words","embeddable":true,"href":"https:\/\/biathlonnmnm.yashicadev.cz\/de\/wp-json\/wp\/v2\/yst_prominent_words?post=314"}],"curies":[{"name":"wp","href":"https:\/\/api.w.org\/{rel}","templated":true}]}}