{"id":316,"date":"2016-11-15T16:10:03","date_gmt":"2016-11-15T16:10:03","guid":{"rendered":"https:\/\/biathlonnmnm.yashicadev.cz\/de\/?page_id=316"},"modified":"2022-09-02T15:32:25","modified_gmt":"2022-09-02T15:32:25","slug":"stadion","status":"publish","type":"page","link":"https:\/\/biathlonnmnm.yashicadev.cz\/de\/tickets\/stadion\/","title":{"rendered":"Tickets &#8211; Stadion"},"content":{"rendered":"<p><strong>Wir bedanken uns ganz herzlich f\u00fcr Ihr Interesse an BMW IBU Welt Cup Biathlon Nov\u00e9 M\u011bsto na Morav\u011b. Zur Verf\u00fcgung stehen Ihnen verschiedene Eintrittskarten f\u00fcr Trib\u00fcnenbereich in unterschiedlichen Preisklassen.<\/strong><\/p>\n<table>\n<tbody>\n<tr style=\"background-color: #023850;\">\n<th style=\"color: white; height: 21px; width: 176px; text-align: center;\">Dauerkarte<\/th>\n<th style=\"color: white; width: 90px; text-align: center; height: 21px;\">A, B<\/th>\n<th style=\"color: white; width: 90px; text-align: center; height: 21px;\">D<\/th>\n<th style=\"color: white; height: 21px; width: 90px; text-align: center;\">E1<\/th>\n<th style=\"color: white; height: 21px; width: 89px; text-align: center;\">Sektor E2<\/th>\n<\/tr>\n<tr style=\"height: 21px;\">\n<td style=\"height: 21px; width: 176px;\">2. \u2013 5. 3. 2023<\/td>\n<td style=\"width: 90px; text-align: center; height: 21px;\">2 400 CZK<\/td>\n<td style=\"width: 90px; text-align: center; height: 21px;\">2 100 CZK<\/td>\n<td style=\"height: 21px; width: 90px; text-align: center;\">1 500 CZK<\/td>\n<td style=\"height: 21px; width: 89px; text-align: center;\">1 200 CZK<\/td>\n<\/tr>\n<\/tbody>\n<\/table>\n<div style=\"overflow-x: auto;\"><\/div>\n<div><\/div>\n<table style=\"height: 201px;\" width=\"577\">\n<tbody>\n<tr style=\"background-color: #023850;\">\n<th style=\"color: white; height: 25px; width: 128px;\">Tageskarte<\/th>\n<th style=\"color: white; width: 81px; text-align: center; height: 25px;\">A, B<\/th>\n<th style=\"color: white; width: 81px; text-align: center; height: 25px;\">D<\/th>\n<th style=\"color: white; height: 25px; width: 89px; text-align: center;\">E1<\/th>\n<th style=\"color: white; height: 25px; width: 81px; text-align: center;\">E2<\/th>\n<th style=\"color: white; height: 25px; width: 105px; text-align: center;\">VIP (C)<\/th>\n<\/tr>\n<tr style=\"height: 24px;\">\n<td style=\"height: 24px; width: 128px;\">2. 3. 2023<br \/>\n(Donnerstag)<\/td>\n<td style=\"width: 81px; text-align: center; height: 24px;\">500 CZK<\/td>\n<td style=\"width: 81px; text-align: center; height: 24px;\">400 CZK<\/td>\n<td style=\"height: 24px; width: 89px; text-align: center;\">300 CZK<\/td>\n<td style=\"height: 24px; width: 81px; text-align: center;\">250 CZK<\/td>\n<td style=\"height: 24px; width: 105px; text-align: center;\">3000 CZK<\/td>\n<\/tr>\n<tr style=\"height: 24px;\">\n<td style=\"height: 24px; width: 128px;\">3. 3. 2023<br \/>\n(Freitag)<\/td>\n<td style=\"width: 81px; text-align: center; height: 24px;\">500 CZK<\/td>\n<td style=\"width: 81px; text-align: center; height: 24px;\">400 CZK<\/td>\n<td style=\"height: 24px; width: 89px; text-align: center;\">300 CZK<\/td>\n<td style=\"height: 24px; width: 81px; text-align: center;\">250 CZK<\/td>\n<td style=\"height: 24px; width: 105px; text-align: center;\">3000 CZK<\/td>\n<\/tr>\n<tr style=\"height: 24px;\">\n<td style=\"height: 24px; width: 128px;\">4. 3. 2023<br \/>\n(Samstag)<\/td>\n<td style=\"width: 81px; text-align: center; height: 24px;\">800 CZK<\/td>\n<td style=\"width: 81px; text-align: center; height: 24px;\">750 CZK<\/td>\n<td style=\"height: 24px; width: 89px; text-align: center;\">550 CZK<\/td>\n<td style=\"height: 24px; width: 81px; text-align: center;\">450 CZK<\/td>\n<td style=\"height: 24px; width: 105px; text-align: center;\">5000 CZK<\/td>\n<\/tr>\n<tr style=\"height: 24px;\">\n<td style=\"height: 24px; width: 128px;\">5. 3. 2023<br \/>\n(Sonntag)<\/td>\n<td style=\"width: 81px; text-align: center; height: 24px;\">800 CZK<\/td>\n<td style=\"width: 81px; text-align: center; height: 24px;\">750 CZK<\/td>\n<td style=\"height: 24px; width: 89px; text-align: center;\">550 CZK<\/td>\n<td style=\"height: 24px; width: 81px; text-align: center;\">450 CZK<\/td>\n<td style=\"height: 24px; width: 105px; text-align: center;\">5000 CZK<\/td>\n<\/tr>\n<\/tbody>\n<\/table>\n<table style=\"height: 32px; width: 450px; border-collapse: collapse; background-color: #023850;\" border=\"0\">\n<tbody>\n<tr style=\"height: 32px;\">\n<td style=\"width: 42.9835%; height: 32px;\">\n<h4><span style=\"color: #ffffff;\"><a style=\"color: #ffffff;\" href=\"https:\/\/www.ticketlive.cz\/cs\/event\/biatlon-2023\" target=\"_blank\" rel=\"noopener noreferrer\">Ticket online kaufen\u00a0<\/a><\/span><\/h4>\n<\/td>\n<td style=\"width: 23.0012%; height: 32px;\"><a href=\"https:\/\/www.ticketlive.cz\/cs\/event\/biatlon-2023\" target=\"_blank\" rel=\"noopener noreferrer\"><img decoding=\"async\" loading=\"lazy\" class=\"alignnone wp-image-2027 size-full\" src=\"https:\/\/biathlonnmnm.yashicadev.cz\/wp-content\/uploads\/2018\/10\/logo_ticketlive-e1540466269191.png\" alt=\"\" width=\"163\" height=\"31\" \/><\/a><\/td>\n<\/tr>\n<\/tbody>\n<\/table>\n<p>Die Eintrittskarte gilt nur in dem Bereich, f\u00fcr den sie gekauft wurde!<\/p>\n<p>Genaue Startzeiten von allen Rennen finden Sie im <a href=\"https:\/\/biathlonnmnm.yashicadev.cz\/de\/programm\/weltcup-programm\/\" target=\"_blank\" rel=\"noopener noreferrer\">Programm<\/a>. Programm\u00e4nderungen vorbehalten.<\/p>\n<p><strong>Falls das Rennen wegen extremen Wetterbedingugnen (dichter Nebel, starker Wind usw.) unmittelbar am Renntag abgesagt wird, gibt es keinen Anspruch auf Schadenersatz. Das Eintrittsgeld wird vom Veranstalter nicht zur\u00fcckerstattet.<\/strong><\/p>\n<p><strong>Das Eintrittsgeld wird von Veranstalter nur dann zur\u00fcckerstattet, wenn die Rennen langfristig vor dem geplanten Termin abgesagt werden m\u00fcssen (angesichts der schlechten Wetterbedingungen, z.B. Schneemangel).<br \/>\n<\/strong><\/p>\n<p>Jeder Kartenbesitzer ist verpflichtet, die <a href=\"https:\/\/biathlonnmnm.yashicadev.cz\/de\/besucher\/besucherordnung\/\" target=\"_blank\" rel=\"noopener noreferrer\">Besucherordnung<\/a> zu akzeptieren und ist verpflichtet, w\u00e4hrend der ganzen Veranstaltung diese Regel einzuhalten.<\/p>\n<p>Eintritt f\u00fcr Kinder bis 120 cm ist 0,1 EUR.\u00a0 Die einzige Bedingung ist die Eintrittskarte f\u00fcr Erwachsene. Jeder Erwachsene kann ein Kind mitnehmen.<\/p>\n<p>Gro\u00dffl\u00e4chige Videoleiw\u00e4nde werden im Stadion und entlang der Strecke so installiert, dass jeder Zuschauer die bestm\u00f6gliche Sicht und einen guten \u00dcberblick \u00fcber das Renngeschehen hat.<\/p>\n<h5>Trib\u00fcnenbereich<\/h5>\n<p><a class=\"nofancybox\" href=\"https:\/\/biathlonnmnm.yashicadev.cz\/wp-content\/uploads\/2016\/11\/arena_sektory_vizualizace.jpg\" target=\"_blank\" rel=\"noopener noreferrer\"><img decoding=\"async\" loading=\"lazy\" class=\"alignleft wp-image-286\" src=\"https:\/\/biathlonnmnm.yashicadev.cz\/wp-content\/uploads\/2016\/11\/arena_sektory_vizualizace.jpg\" width=\"100%\" height=\"auto\" \/><\/a><\/p>\n","protected":false},"excerpt":{"rendered":"<p>Wir bedanken uns ganz herzlich f\u00fcr Ihr Interesse an BMW IBU Welt Cup Biathlon Nov\u00e9 M\u011bsto na Morav\u011b. Zur Verf\u00fcgung stehen Ihnen verschiedene Eintrittskarten f\u00fcr Trib\u00fcnenbereich in unterschiedlichen Preisklassen. Dauerkarte A, B D E1 Sektor E2 2. \u2013 5. 3. 2023 2 400 CZK 2 100 CZK 1 500 CZK 1 200 CZK Tageskarte A, [&hellip;]<\/p>\n","protected":false},"author":8,"featured_media":0,"parent":314,"menu_order":1,"comment_status":"closed","ping_status":"closed","template":"","meta":[],"yst_prominent_words":[],"yoast_head":"<!-- This site is optimized with the Yoast SEO Premium plugin v14.1 - https:\/\/yoast.com\/wordpress\/plugins\/seo\/ -->\n<meta name=\"robots\" content=\"noindex, follow\" \/>\n<meta property=\"og:locale\" content=\"de_DE\" \/>\n<meta property=\"og:type\" content=\"article\" \/>\n<meta property=\"og:title\" content=\"Tickets - Stadion - Biathlon Nov\u00e9 M\u011bsto na Morav\u011b\" \/>\n<meta property=\"og:description\" content=\"Wir bedanken uns ganz herzlich f\u00fcr Ihr Interesse an BMW IBU Welt Cup Biathlon Nov\u00e9 M\u011bsto na Morav\u011b. Zur Verf\u00fcgung stehen Ihnen verschiedene Eintrittskarten f\u00fcr Trib\u00fcnenbereich in unterschiedlichen Preisklassen. Dauerkarte A, B D E1 Sektor E2 2. \u2013 5. 3. 2023 2 400 CZK 2 100 CZK 1 500 CZK 1 200 CZK Tageskarte A, [&hellip;]\" \/>\n<meta property=\"og:url\" content=\"https:\/\/biathlonnmnm.yashicadev.cz\/de\/eintrittskarten\/stadion\/\" \/>\n<meta property=\"og:site_name\" content=\"Biathlon Nov\u00e9 M\u011bsto na Morav\u011b\" \/>\n<meta property=\"article:modified_time\" content=\"2022-09-02T15:32:25+00:00\" \/>\n<meta property=\"og:image\" content=\"https:\/\/biathlonnmnm.yashicadev.cz\/wp-content\/uploads\/2018\/10\/logo_ticketlive-e1540466269191.png\" \/>\n<meta name=\"twitter:card\" content=\"summary_large_image\" \/>\n<script type=\"application\/ld+json\" class=\"yoast-schema-graph\">{\"@context\":\"https:\/\/schema.org\",\"@graph\":[{\"@type\":\"WebSite\",\"@id\":\"https:\/\/biathlonnmnm.yashicadev.cz\/de\/#website\",\"url\":\"https:\/\/biathlonnmnm.yashicadev.cz\/de\/\",\"name\":\"Biathlon Nov\\u00e9 M\\u011bsto na Morav\\u011b\",\"description\":\"Biathlon Nov\\u00e9 M\\u011bsto na Morav\\u011b - Biatlon NMNM\",\"potentialAction\":[{\"@type\":\"SearchAction\",\"target\":\"https:\/\/biathlonnmnm.yashicadev.cz\/de\/?s={search_term_string}\",\"query-input\":\"required name=search_term_string\"}],\"inLanguage\":\"de-DE\"},{\"@type\":\"ImageObject\",\"@id\":\"https:\/\/biathlonnmnm.yashicadev.cz\/de\/eintrittskarten\/stadion\/#primaryimage\",\"inLanguage\":\"de-DE\",\"url\":\"https:\/\/biathlonnmnm.yashicadev.cz\/wp-content\/uploads\/2018\/10\/logo_ticketlive-e1540466269191.png\"},{\"@type\":\"WebPage\",\"@id\":\"https:\/\/biathlonnmnm.yashicadev.cz\/de\/eintrittskarten\/stadion\/#webpage\",\"url\":\"https:\/\/biathlonnmnm.yashicadev.cz\/de\/eintrittskarten\/stadion\/\",\"name\":\"Tickets - Stadion - Biathlon Nov\\u00e9 M\\u011bsto na Morav\\u011b\",\"isPartOf\":{\"@id\":\"https:\/\/biathlonnmnm.yashicadev.cz\/de\/#website\"},\"primaryImageOfPage\":{\"@id\":\"https:\/\/biathlonnmnm.yashicadev.cz\/de\/eintrittskarten\/stadion\/#primaryimage\"},\"datePublished\":\"2016-11-15T16:10:03+00:00\",\"dateModified\":\"2022-09-02T15:32:25+00:00\",\"inLanguage\":\"de-DE\",\"potentialAction\":[{\"@type\":\"ReadAction\",\"target\":[\"https:\/\/biathlonnmnm.yashicadev.cz\/de\/eintrittskarten\/stadion\/\"]}]}]}<\/script>\n<!-- \/ Yoast SEO Premium plugin. -->","_links":{"self":[{"href":"https:\/\/biathlonnmnm.yashicadev.cz\/de\/wp-json\/wp\/v2\/pages\/316"}],"collection":[{"href":"https:\/\/biathlonnmnm.yashicadev.cz\/de\/wp-json\/wp\/v2\/pages"}],"about":[{"href":"https:\/\/biathlonnmnm.yashicadev.cz\/de\/wp-json\/wp\/v2\/types\/page"}],"author":[{"embeddable":true,"href":"https:\/\/biathlonnmnm.yashicadev.cz\/de\/wp-json\/wp\/v2\/users\/8"}],"replies":[{"embeddable":true,"href":"https:\/\/biathlonnmnm.yashicadev.cz\/de\/wp-json\/wp\/v2\/comments?post=316"}],"version-history":[{"count":22,"href":"https:\/\/biathlonnmnm.yashicadev.cz\/de\/wp-json\/wp\/v2\/pages\/316\/revisions"}],"predecessor-version":[{"id":7392,"href":"https:\/\/biathlonnmnm.yashicadev.cz\/de\/wp-json\/wp\/v2\/pages\/316\/revisions\/7392"}],"up":[{"embeddable":true,"href":"https:\/\/biathlonnmnm.yashicadev.cz\/de\/wp-json\/wp\/v2\/pages\/314"}],"wp:attachment":[{"href":"https:\/\/biathlonnmnm.yashicadev.cz\/de\/wp-json\/wp\/v2\/media?parent=316"}],"wp:term":[{"taxonomy":"yst_prominent_words","embeddable":true,"href":"https:\/\/biathlonnmnm.yashicadev.cz\/de\/wp-json\/wp\/v2\/yst_prominent_words?post=316"}],"curies":[{"name":"wp","href":"https:\/\/api.w.org\/{rel}","templated":true}]}}