{"id":318,"date":"2016-11-15T16:11:02","date_gmt":"2016-11-15T16:11:02","guid":{"rendered":"https:\/\/biathlonnmnm.yashicadev.cz\/de\/?page_id=318"},"modified":"2022-09-06T05:38:56","modified_gmt":"2022-09-06T05:38:56","slug":"vip","status":"publish","type":"page","link":"https:\/\/biathlonnmnm.yashicadev.cz\/de\/tickets\/vip\/","title":{"rendered":"VIP Tickets"},"content":{"rendered":"<h4>VIP Tickets<\/h4>\n<p>Sehr geehrte VIP Zuschauer,wir sch\u00e4tzen Ihr Interesse an Biathlon und an BMW IBU Welt Cup Biathlon in Nov\u00e9 M\u011bsto na Morav\u011b, das Vyso\u010dina Ar\u00e9na wieder gastiert. Damit Sie alle spannende Wettk\u00e4mpfe der Biathlonstars bequem verfolgen k\u00f6nnen, bereiten wir f\u00fcr Sie die bestm\u00f6glichen Bedingungen vor.<br \/>\nDie VIP Karte beinhaltet:<\/p>\n<ul>\n<li>beliebiger und wiederholter Zugang des beheizten VIP Zeltes mit komfortabler Ausstattung f\u00fcr Ihr Treffen und Erfrischung<\/li>\n<li>Catering mit freier Wahl an kalten, warmen, alkoholfreien und alkoholischen Getr\u00e4nken<\/li>\n<li>Informationsservice (Start- und Ergebnislisten, Zeitungen rund um die Biathlonwelt)<\/li>\n<li>gro\u00dffl\u00e4chige Flachbildschirme direkt im VIP Zelt<\/li>\n<li>exklusiver Eintritt f\u00fcr die Trib\u00fcne \u201eC\u201c in unmittelbare N\u00e4he des VIP Zeltes<\/li>\n<li>ein ausgesparter Parkplatz auf den VIP Parkfl\u00e4chen (Parkplatz P4, Vlachovick\u00e1 Stra\u00dfe)<\/li>\n<\/ul>\n<p>Wir glauben ganz fest daran, dass wir Ihnen das beste sportliche Erlebnis vorbereiten und Sie bald wieder in Vyso\u010dina Ar\u00e9na ganz herzlich willkommen hei\u00dfen k\u00f6nnen.<\/p>\n<div style=\"overflow-x: auto;\">\n<table style=\"width: 450px;\">\n<tbody>\n<tr style=\"background-color: #023850;\">\n<th style=\"color: white;\">Tag<\/th>\n<th style=\"color: white; text-align: center;\">Datum<\/th>\n<th style=\"color: white; text-align: center;\">VIP<\/th>\n<\/tr>\n<tr>\n<td><strong>Generel<\/strong><\/td>\n<td style=\"text-align: center;\"><strong>2.3. &#8211; 5.3. 2023<\/strong><\/td>\n<td style=\"text-align: center;\"><strong>15000 CZK<\/strong><\/td>\n<\/tr>\n<tr>\n<td>Donnerstag<\/td>\n<td style=\"text-align: center;\">2.3.2023<\/td>\n<td style=\"text-align: center;\">3000 CZK<\/td>\n<\/tr>\n<tr>\n<td>Freitag<\/td>\n<td style=\"text-align: center;\">3.3.2023<\/td>\n<td style=\"text-align: center;\">3000 CZK<\/td>\n<\/tr>\n<tr>\n<td>Samstag<\/td>\n<td style=\"text-align: center;\">4.3.2023<\/td>\n<td style=\"text-align: center;\">5000 CZK<\/td>\n<\/tr>\n<tr>\n<td>Sonntag<\/td>\n<td style=\"text-align: center;\">5.3.2023<\/td>\n<td style=\"text-align: center;\">5000 CZK<\/td>\n<\/tr>\n<\/tbody>\n<\/table>\n<\/div>\n<table style=\"height: 32px; width: 450px; border-collapse: collapse; background-color: #023850;\" border=\"0\">\n<tbody>\n<tr style=\"height: 32px;\">\n<td style=\"width: 42.9835%; height: 32px;\">\n<h4><span style=\"color: #ffffff;\"><a style=\"color: #ffffff;\" href=\"https:\/\/www.ticketlive.cz\/cs\/event\/biatlon-2023\" target=\"_blank\" rel=\"noopener noreferrer\">Ticket online kaufen&nbsp;<\/a><\/span><\/h4>\n<\/td>\n<td style=\"width: 23.0012%; height: 32px;\"><a href=\"https:\/\/www.ticketlive.cz\/cs\/event\/biatlon-2023\" target=\"_blank\" rel=\"noopener noreferrer\"><img decoding=\"async\" loading=\"lazy\" class=\"alignnone wp-image-2027 size-full\" src=\"https:\/\/biathlonnmnm.yashicadev.cz\/wp-content\/uploads\/2018\/10\/logo_ticketlive-e1540466269191.png\" alt=\"\" width=\"163\" height=\"31\"><\/a><\/td>\n<\/tr>\n<\/tbody>\n<\/table>\n<p>Die Eintrittskarte gilt nur in dem Bereich, f\u00fcr den sie gekauft wurde!<\/p>\n<p>Genaue Startzeiten von allen Rennen finden Sie im <a href=\"https:\/\/biathlonnmnm.yashicadev.cz\/de\/programm\/weltcup-programm\/\" target=\"_blank\" rel=\"noopener noreferrer\">Programm<\/a>. Programm\u00e4nderungen vorbehalten.<\/p>\n<p><strong>Falls das Rennen wegen extremen Wetterbedingugnen (dichter Nebel, starker Wind usw.) unmittelbar am Renntag abgesagt wird, gibt es keinen Anspruch auf Schadenersatz. Das Eintrittsgeld wird vom Veranstalter nicht zur\u00fcckerstattet.<br \/>\n<\/strong><\/p>\n<p>Das Eintrittsgeld wird von Veranstalter nur dann zur\u00fcckerstattet, wenn die Rennen langfristig vor dem geplanten Termin abgesagt werden m\u00fcssen (angesichts der schlechten Wetterbedingungen, z.B. Schneemangel).<\/p>\n<p>Jeder Kartenbesitzer ist verpflichtet, die <a href=\"https:\/\/biathlonnmnm.yashicadev.cz\/de\/besucher\/besucherordnung\/\" target=\"_blank\" rel=\"noopener noreferrer\">Besucherordnung<\/a> zu akzeptieren und ist verpflichtet, w\u00e4hrend der ganzen Veranstaltung diese Regel einzuhalten.<\/p>\n<h4>Akkreditierung \u2013 Kulturhaus Nov\u00e9 M\u011bsto na Morav\u011b<\/h4>\n<p>Im Kulturhaus, im B\u00fcro, bekommen Sie Ihre Parkkarte (Parkschein), die Ihnen die Einfahrt und das Parken auf den VIP Parkfl\u00e4chen (Vlachovick\u00e1 Stra\u00dfe) erm\u00f6glicht.<\/p>\n<h5>Kulturhaus Nov\u00e9 M\u011bsto na Morav\u011b<\/h5>\n<p><a class=\"nofancybox\" href=\"https:\/\/biathlonnmnm.yashicadev.cz\/wp-content\/uploads\/2016\/11\/foto_akreditace.jpg\" target=\"_blank\" rel=\"noopener noreferrer\"><img decoding=\"async\" loading=\"lazy\" src=\"https:\/\/biathlonnmnm.yashicadev.cz\/wp-content\/uploads\/2016\/11\/foto_akreditace.jpg\" alt=\"Kulturhaus Nov\u00e9 M\u011bsto na Morav\u011b\" width=\"100%\" height=\"auto\"><\/a><\/p>\n<p><a class=\"nofancybox\" href=\"https:\/\/biathlonnmnm.yashicadev.cz\/wp-content\/uploads\/2016\/11\/obr_189-2048-2048.jpg\" target=\"_blank\" rel=\"noopener noreferrer\"><img decoding=\"async\" loading=\"lazy\" src=\"https:\/\/biathlonnmnm.yashicadev.cz\/wp-content\/uploads\/2016\/11\/obr_189-2048-2048.jpg\" alt=\"Kulturhaus Nov\u00e9 M\u011bsto na Morav\u011b\" width=\"100%\" height=\"auto\"><\/a><\/p>\n<h5>\u00d6ffnungszeiten von Kulturhaus<\/h5>\n<div style=\"overflow-x: auto;\">\n<table style=\"width: 400px;\">\n<tbody>\n<tr style=\"background-color: #023850;\">\n<th style=\"color: white;\">Tag<\/th>\n<th style=\"color: white;\">Datum<\/th>\n<th style=\"color: white;\">\u00d6ffnungszeit<\/th>\n<\/tr>\n<tr>\n<td>Montag<\/td>\n<td>27.2.2023<\/td>\n<td>14:00 &#8211; 19:00<\/td>\n<\/tr>\n<tr>\n<td>Dienstag<\/td>\n<td>28.2.2023<\/td>\n<td>09:00 &#8211; 19:00<\/td>\n<\/tr>\n<tr>\n<td>Mittwoch<\/td>\n<td>1.3.2023<\/td>\n<td>09:00 &#8211; 18:00<\/td>\n<\/tr>\n<tr>\n<td>Donnerstag<\/td>\n<td>2.3.2023<\/td>\n<td>10:00 &#8211; 18:00<\/td>\n<\/tr>\n<tr>\n<td>Freitag<\/td>\n<td>3.3.2023<\/td>\n<td>10:00 &#8211; 18:00<\/td>\n<\/tr>\n<tr>\n<td>Samstag<\/td>\n<td>4.3.2023<\/td>\n<td>09:00 &#8211; 18:00<\/td>\n<\/tr>\n<tr>\n<td>Sonntag<\/td>\n<td>5.3.2023<\/td>\n<td>08:00 &#8211; 14:30<\/td>\n<\/tr>\n<\/tbody>\n<\/table>\n<\/div>\n<h4>Parken<\/h4>\n<p>Einfahrt und Parken sind auf bestimmten Parkpl\u00e4tzen NUR mit der Parkkarte m\u00f6glich. VIP Parkfl\u00e4chen sind aus Vyso\u010dina Ar\u00e9na zu Fu\u00df schnell erreichbar. VIP Parkfl\u00e4chen sind gelb und mit dem Zeichen \u201eP4\u201c gekennzeichnet.Parkkarte wird im Kulturhaus gegen\u00fcber Vorlage einer g\u00fcltigen VIP Karte ausgeh\u00e4ndigt. Parkkarte ist selbstklebend, tr\u00e4gt das Zeichen der genauen Parkfl\u00e4che und die G\u00fcltigkeit an bestimmten Renntagen. Parkkarte muss auf der Frontscheibe noch vor der Einfahrt auf die Parkfl\u00e4che aufgeklebt sein. Parkkarte ist nicht \u00fcbertragbar. Plan der Parkfl\u00e4chen ist in den beiliegenden Karten markiert.Parkfl\u00e4che P1 innen Vyso\u010dina Ar\u00e9na dient ausschlie\u00dflich f\u00fcr \u201eSuper VIP G\u00e4ste\u201c mit Sondereinladung.<\/p>\n<p><a class=\"nofancybox\" href=\"https:\/\/biathlonnmnm.yashicadev.cz\/wp-content\/uploads\/2016\/11\/NMNM_WC2018_parking_entry_plan.jpg\" target=\"_blank\" rel=\"noopener noreferrer\"><img decoding=\"async\" loading=\"lazy\" src=\"https:\/\/biathlonnmnm.yashicadev.cz\/wp-content\/uploads\/2016\/11\/NMNM_WC2018_parking_entry_plan.jpg\" alt=\"Parkov\u00e1n\u00ed a p\u0159\u00edchod\" width=\"100%\" height=\"auto\"><\/a><\/p>\n<h4>Zugang zu Vyso\u010dina Ar\u00e9na<\/h4>\n<p>Aus den Parkfl\u00e4chen \u201eP4\u201c (Vlachovick\u00e1 Stra\u00dfe) ist der Eintritt durch den Haupteingang gesichert. Der Eintritt wird Ihnen nach dem Einscannen der VIP Karte erm\u00f6glicht.<\/p>\n<p><a class=\"nofancybox\" href=\"https:\/\/biathlonnmnm.yashicadev.cz\/wp-content\/uploads\/2016\/11\/obr_203-750-1066-2048-2048.png\" target=\"_blank\" rel=\"noopener noreferrer\"><img decoding=\"async\" loading=\"lazy\" src=\"https:\/\/biathlonnmnm.yashicadev.cz\/wp-content\/uploads\/2016\/11\/obr_203-750-1066-2048-2048.png\" alt=\"P\u0159\u00edchod od parkovi\u0161t\u011b\" width=\"100%\" height=\"auto\"><\/a><\/p>\n<h4>VIP Zone\/Trib\u00fcne \u201eC\u201c\/ VIP Zelt<\/h4>\n<p>VIP Zone befindet sich auf der Trib\u00fcne \u201eC\u201c. Bitte, folgen Sie deswegen den Schildern und Tafeln mit dem Zeichen \u201eVIP\/Tribuna C\u201c.VIP Karte erm\u00f6glicht wiederholten Besuch des VIP Zeltes und auch mehrfache Betreten der Stadionanlage. Alle Ein- und Ausg\u00e4ngen verfolgen immer durch das Einscannen der VIP Karte.<\/p>\n<p><strong>VIP-Zelt ist 2 Stunden vor dem Beginn des ersten Rennens ge\u00f6ffnet und schlie\u00dft eine Stunde nach dem letzten Rennen des Tages.<\/strong><\/p>\n<p><img decoding=\"async\" src=\"https:\/\/biathlonnmnm.yashicadev.cz\/wp-content\/uploads\/2016\/11\/arena_sektory_vizualizace.jpg\"><\/p>\n<p><a class=\"nofancybox\" href=\"https:\/\/biathlonnmnm.yashicadev.cz\/wp-content\/uploads\/2016\/11\/SP-2018-NMNM-VIP-zone.jpg\" target=\"_blank\" rel=\"noopener noreferrer\"><img decoding=\"async\" loading=\"lazy\" src=\"https:\/\/biathlonnmnm.yashicadev.cz\/wp-content\/uploads\/2016\/11\/SP-2018-NMNM-VIP-zone.jpg\" alt=\"VIP sektor\" width=\"100%\" height=\"auto\"><\/a><\/p>\n","protected":false},"excerpt":{"rendered":"<p>VIP Tickets Sehr geehrte VIP Zuschauer,wir sch\u00e4tzen Ihr Interesse an Biathlon und an BMW IBU Welt Cup Biathlon in Nov\u00e9 M\u011bsto na Morav\u011b, das Vyso\u010dina Ar\u00e9na wieder gastiert. Damit Sie alle spannende Wettk\u00e4mpfe der Biathlonstars bequem verfolgen k\u00f6nnen, bereiten wir f\u00fcr Sie die bestm\u00f6glichen Bedingungen vor. Die VIP Karte beinhaltet: beliebiger und wiederholter Zugang des [&hellip;]<\/p>\n","protected":false},"author":8,"featured_media":0,"parent":314,"menu_order":2,"comment_status":"closed","ping_status":"closed","template":"","meta":[],"yst_prominent_words":[],"yoast_head":"<!-- This site is optimized with the Yoast SEO Premium plugin v14.1 - https:\/\/yoast.com\/wordpress\/plugins\/seo\/ -->\n<meta name=\"robots\" content=\"noindex, follow\" \/>\n<meta property=\"og:locale\" content=\"de_DE\" \/>\n<meta property=\"og:type\" content=\"article\" \/>\n<meta property=\"og:title\" content=\"VIP Tickets - Biathlon Nov\u00e9 M\u011bsto na Morav\u011b\" \/>\n<meta property=\"og:description\" content=\"VIP Tickets Sehr geehrte VIP Zuschauer,wir sch\u00e4tzen Ihr Interesse an Biathlon und an BMW IBU Welt Cup Biathlon in Nov\u00e9 M\u011bsto na Morav\u011b, das Vyso\u010dina Ar\u00e9na wieder gastiert. Damit Sie alle spannende Wettk\u00e4mpfe der Biathlonstars bequem verfolgen k\u00f6nnen, bereiten wir f\u00fcr Sie die bestm\u00f6glichen Bedingungen vor. Die VIP Karte beinhaltet: beliebiger und wiederholter Zugang des [&hellip;]\" \/>\n<meta property=\"og:url\" content=\"https:\/\/biathlonnmnm.yashicadev.cz\/de\/eintrittskarten\/vip\/\" \/>\n<meta property=\"og:site_name\" content=\"Biathlon Nov\u00e9 M\u011bsto na Morav\u011b\" \/>\n<meta property=\"article:modified_time\" content=\"2022-09-06T05:38:56+00:00\" \/>\n<meta property=\"og:image\" content=\"https:\/\/biathlonnmnm.yashicadev.cz\/wp-content\/uploads\/2018\/10\/logo_ticketlive-e1540466269191.png\" \/>\n<meta name=\"twitter:card\" content=\"summary_large_image\" \/>\n<script type=\"application\/ld+json\" class=\"yoast-schema-graph\">{\"@context\":\"https:\/\/schema.org\",\"@graph\":[{\"@type\":\"WebSite\",\"@id\":\"https:\/\/biathlonnmnm.yashicadev.cz\/de\/#website\",\"url\":\"https:\/\/biathlonnmnm.yashicadev.cz\/de\/\",\"name\":\"Biathlon Nov\\u00e9 M\\u011bsto na Morav\\u011b\",\"description\":\"Biathlon Nov\\u00e9 M\\u011bsto na Morav\\u011b - Biatlon NMNM\",\"potentialAction\":[{\"@type\":\"SearchAction\",\"target\":\"https:\/\/biathlonnmnm.yashicadev.cz\/de\/?s={search_term_string}\",\"query-input\":\"required name=search_term_string\"}],\"inLanguage\":\"de-DE\"},{\"@type\":\"ImageObject\",\"@id\":\"https:\/\/biathlonnmnm.yashicadev.cz\/de\/eintrittskarten\/vip\/#primaryimage\",\"inLanguage\":\"de-DE\",\"url\":\"https:\/\/biathlonnmnm.yashicadev.cz\/wp-content\/uploads\/2018\/10\/logo_ticketlive-e1540466269191.png\"},{\"@type\":\"WebPage\",\"@id\":\"https:\/\/biathlonnmnm.yashicadev.cz\/de\/eintrittskarten\/vip\/#webpage\",\"url\":\"https:\/\/biathlonnmnm.yashicadev.cz\/de\/eintrittskarten\/vip\/\",\"name\":\"VIP Tickets - Biathlon Nov\\u00e9 M\\u011bsto na Morav\\u011b\",\"isPartOf\":{\"@id\":\"https:\/\/biathlonnmnm.yashicadev.cz\/de\/#website\"},\"primaryImageOfPage\":{\"@id\":\"https:\/\/biathlonnmnm.yashicadev.cz\/de\/eintrittskarten\/vip\/#primaryimage\"},\"datePublished\":\"2016-11-15T16:11:02+00:00\",\"dateModified\":\"2022-09-06T05:38:56+00:00\",\"inLanguage\":\"de-DE\",\"potentialAction\":[{\"@type\":\"ReadAction\",\"target\":[\"https:\/\/biathlonnmnm.yashicadev.cz\/de\/eintrittskarten\/vip\/\"]}]}]}<\/script>\n<!-- \/ Yoast SEO Premium plugin. -->","_links":{"self":[{"href":"https:\/\/biathlonnmnm.yashicadev.cz\/de\/wp-json\/wp\/v2\/pages\/318"}],"collection":[{"href":"https:\/\/biathlonnmnm.yashicadev.cz\/de\/wp-json\/wp\/v2\/pages"}],"about":[{"href":"https:\/\/biathlonnmnm.yashicadev.cz\/de\/wp-json\/wp\/v2\/types\/page"}],"author":[{"embeddable":true,"href":"https:\/\/biathlonnmnm.yashicadev.cz\/de\/wp-json\/wp\/v2\/users\/8"}],"replies":[{"embeddable":true,"href":"https:\/\/biathlonnmnm.yashicadev.cz\/de\/wp-json\/wp\/v2\/comments?post=318"}],"version-history":[{"count":23,"href":"https:\/\/biathlonnmnm.yashicadev.cz\/de\/wp-json\/wp\/v2\/pages\/318\/revisions"}],"predecessor-version":[{"id":6136,"href":"https:\/\/biathlonnmnm.yashicadev.cz\/de\/wp-json\/wp\/v2\/pages\/318\/revisions\/6136"}],"up":[{"embeddable":true,"href":"https:\/\/biathlonnmnm.yashicadev.cz\/de\/wp-json\/wp\/v2\/pages\/314"}],"wp:attachment":[{"href":"https:\/\/biathlonnmnm.yashicadev.cz\/de\/wp-json\/wp\/v2\/media?parent=318"}],"wp:term":[{"taxonomy":"yst_prominent_words","embeddable":true,"href":"https:\/\/biathlonnmnm.yashicadev.cz\/de\/wp-json\/wp\/v2\/yst_prominent_words?post=318"}],"curies":[{"name":"wp","href":"https:\/\/api.w.org\/{rel}","templated":true}]}}