{"id":320,"date":"2016-11-15T16:11:48","date_gmt":"2016-11-15T16:11:48","guid":{"rendered":"https:\/\/biathlonnmnm.yashicadev.cz\/de\/?page_id=320"},"modified":"2023-02-24T12:08:07","modified_gmt":"2023-02-24T12:08:07","slug":"strecke","status":"publish","type":"page","link":"https:\/\/biathlonnmnm.yashicadev.cz\/de\/tickets\/strecke\/","title":{"rendered":"Tickets &#8211; Strecke"},"content":{"rendered":"<p>Vielen Dank f\u00fcr Interesse an BMW IBU Welt Cup Biathlon in Nov\u00e9 M\u011bsto na Morav\u011b.<br>M\u00f6chten Sie die Rennen gleich an der Strecke genie\u00dfen? Und m\u00f6chten Sie nah dran sein und gleich neben der Loipe stehen und die Biathleten aus unmittlerbare N\u00e4he anfeuern?<br>Dann sind die Eintrittskarten f\u00fcr bezahlte Streckenabschnitte die richtige Wahl f\u00fcr Sie. Genie\u00dfen Sie den vollen Komfort mit TV-\u00dcbertragung auf gro\u00dffl\u00e4chiger Videoleiwand.<br>F\u00fcr die jenigen, die das Rennen auch ohne jegliches Service anschauen m\u00f6chten, gibt es Stehpl\u00e4tze in sog. \u201efreien Sektoren\u201c, die kostenfrei sind.<\/p>\n<p>Die Eintrittskarte gilt nur in dem Bereich, f\u00fcr den sie gekauft wurde.<\/p>\n<p>Eine \u00fcbersichtliche Karte mit allen Sektoren siehe unten.<\/p>\n<div style=\"overflow-x: auto;\">\n<table style=\"width: 450px;\">\n<tbody>\n<tr style=\"background-color: #023850;\">\n<th style=\"color: white; width: 244px; text-align: left;\">Dauerkarte<\/th>\n<th style=\"color: white; width: 152px; text-align: center;\">F1, F2, G<\/th>\n<\/tr>\n<tr>\n<td style=\"width: 244px;\">2. &#8211; 5. 3. 2023<\/td>\n<td style=\"width: 152px; text-align: center;\">600 CZK<\/td>\n<\/tr>\n<\/tbody>\n<\/table>\n<\/div>\n<div style=\"overflow-x: auto;\">\n<table style=\"width: 450px;\">\n<tbody>\n<tr style=\"background-color: #023850;\">\n<th style=\"color: white; text-align: left; height: 21px;\">Tageskarte<\/th>\n<th style=\"color: white; height: 21px; text-align: center;\">Tag<\/th>\n<th style=\"color: white; height: 21px; text-align: center;\">F1, F2, G<\/th>\n<\/tr>\n<tr style=\"height: 21px;\">\n<td style=\"height: 21px;\">2. 3. 2023<\/td>\n<td style=\"height: 21px; text-align: center;\">Donnerstag<\/td>\n<td style=\"height: 21px; text-align: center;\">150 CZK<\/td>\n<\/tr>\n<tr style=\"height: 21px;\">\n<td style=\"height: 21px;\">3. 3. 2023<\/td>\n<td style=\"height: 21px; text-align: center;\">Freitag<\/td>\n<td style=\"height: 21px; text-align: center;\">150 CZK<\/td>\n<\/tr>\n<tr style=\"height: 21px;\">\n<td style=\"height: 21px;\">4. 3. 2023<\/td>\n<td style=\"height: 21px; text-align: center;\">Samstag<\/td>\n<td style=\"height: 21px; text-align: center;\">200 CZK<\/td>\n<\/tr>\n<tr style=\"height: 21px;\">\n<td style=\"height: 21px;\">5. 3. 2023<\/td>\n<td style=\"height: 21px; text-align: center;\">Sonntag<\/td>\n<td style=\"height: 21px; text-align: center;\">200 CZK<\/td>\n<\/tr>\n<\/tbody>\n<\/table>\n<\/div>\n<table style=\"height: 32px; width: 422px; border-collapse: collapse; background-color: #023850;\" border=\"0\">\n<tbody>\n<tr style=\"height: 32px;\">\n<td style=\"width: 42.9835%; height: 32px;\">\n<h4><span style=\"color: #ffffff;\"><a style=\"color: #ffffff;\" href=\"https:\/\/www.ticketlive.cz\/cs\/event\/biatlon-2023\" target=\"_blank\" rel=\"noopener noreferrer\">Ticket online kaufen&nbsp;<\/a><\/span><\/h4>\n<\/td>\n<td style=\"width: 23.0012%; height: 32px;\"><a href=\"https:\/\/www.ticketlive.cz\/cs\/event\/biatlon-2023\" target=\"_blank\" rel=\"noopener noreferrer\"><img decoding=\"async\" loading=\"lazy\" class=\"alignnone wp-image-2027 size-full\" src=\"https:\/\/biathlonnmnm.yashicadev.cz\/wp-content\/uploads\/2018\/10\/logo_ticketlive-e1540466269191.png\" alt=\"\" width=\"163\" height=\"31\"><\/a><\/td>\n<\/tr>\n<\/tbody>\n<\/table>\n<p>Die Eintrittskarte gilt nur in dem Bereich, f\u00fcr den sie gekauft wurde!<\/p>\n<p>Genaue Startzeiten von allen Rennen finden Sie im <a href=\"https:\/\/biathlonnmnm.yashicadev.cz\/de\/programm\/weltcup-programm\/\" target=\"_blank\" rel=\"noopener noreferrer\">Programm<\/a>. Programm\u00e4nderungen vorbehalten.<\/p>\n<p><strong>Falls das Rennen wegen extremen Wetterbedingugnen (dichter Nebel, starker Wind usw.) unmittelbar am Renntag abgesagt wird, gibt es keinen Anspruch auf Schadenersatz. Das Eintrittsgeld wird vom Veranstalter nicht zur\u00fcckerstattet.<\/strong><\/p>\n<p><strong>Das Eintrittsgeld wird von Veranstalter nur dann zur\u00fcckerstattet, wenn die Rennen langfristig vor dem geplanten Termin abgesagt werden m\u00fcssen (angesichts der schlechten Wetterbedingungen, z.B. Schneemangel).<br><\/strong><\/p>\n<p>Jeder Kartenbesitzer ist verpflichtet, die <a href=\"https:\/\/biathlonnmnm.yashicadev.cz\/de\/besucher\/besucherordnung\/\" target=\"_blank\" rel=\"noopener noreferrer\">Besucherordnung<\/a> zu akzeptieren und ist verpflichtet, w\u00e4hrend der ganzen Veranstaltung diese Regel einzuhalten.<\/p>\n<p>Eintritt f\u00fcr Kinder bis 120 cm ist 0,1 EUR.&nbsp; Die einzige Bedingung ist die Eintrittskarte f\u00fcr Erwachsene. Jeder Erwachsene kann ein Kind mitnehmen.<\/p>\n<h4>&nbsp;<\/h4>\n<h4>Gro\u00dffl\u00e4chige Videoleiw\u00e4nde<\/h4>\n<p>Gro\u00dffl\u00e4chige Videoleiw\u00e4nde werden in den bezahlten Streckenabschnitten so installiert, dass jeder Zuschauer die bestm\u00f6gliche Sicht und einen guten \u00dcberblick \u00fcber das Renngeschehen hat.<\/p>\n\n\n<figure class=\"wp-block-image size-large\"><img decoding=\"async\" loading=\"lazy\" width=\"725\" height=\"1024\" src=\"https:\/\/biathlonnmnm.yashicadev.cz\/wp-content\/uploads\/2023\/02\/NMNM-WC-2023-Vysocina-Arena-CZ-EN-1-725x1024.png\" alt=\"\" class=\"wp-image-6504\" srcset=\"https:\/\/biathlonnmnm.yashicadev.cz\/wp-content\/uploads\/2023\/02\/NMNM-WC-2023-Vysocina-Arena-CZ-EN-1-725x1024.png 725w, https:\/\/biathlonnmnm.yashicadev.cz\/wp-content\/uploads\/2023\/02\/NMNM-WC-2023-Vysocina-Arena-CZ-EN-1-212x300.png 212w, https:\/\/biathlonnmnm.yashicadev.cz\/wp-content\/uploads\/2023\/02\/NMNM-WC-2023-Vysocina-Arena-CZ-EN-1-768x1085.png 768w, https:\/\/biathlonnmnm.yashicadev.cz\/wp-content\/uploads\/2023\/02\/NMNM-WC-2023-Vysocina-Arena-CZ-EN-1-1087x1536.png 1087w, https:\/\/biathlonnmnm.yashicadev.cz\/wp-content\/uploads\/2023\/02\/NMNM-WC-2023-Vysocina-Arena-CZ-EN-1-35x50.png 35w, https:\/\/biathlonnmnm.yashicadev.cz\/wp-content\/uploads\/2023\/02\/NMNM-WC-2023-Vysocina-Arena-CZ-EN-1-1203x1700.png 1203w, https:\/\/biathlonnmnm.yashicadev.cz\/wp-content\/uploads\/2023\/02\/NMNM-WC-2023-Vysocina-Arena-CZ-EN-1.png 1241w\" sizes=\"(max-width: 725px) 100vw, 725px\" \/><\/figure>\n","protected":false},"excerpt":{"rendered":"<p>Vielen Dank f\u00fcr Interesse an BMW IBU Welt Cup Biathlon in Nov\u00e9 M\u011bsto na Morav\u011b.M\u00f6chten Sie die Rennen gleich an der Strecke genie\u00dfen? Und m\u00f6chten Sie nah dran sein und gleich neben der Loipe stehen und die Biathleten aus unmittlerbare N\u00e4he anfeuern?Dann sind die Eintrittskarten f\u00fcr bezahlte Streckenabschnitte die richtige Wahl f\u00fcr Sie. Genie\u00dfen Sie [&hellip;]<\/p>\n","protected":false},"author":8,"featured_media":0,"parent":314,"menu_order":3,"comment_status":"closed","ping_status":"closed","template":"","meta":[],"yst_prominent_words":[],"yoast_head":"<!-- This site is optimized with the Yoast SEO Premium plugin v14.1 - https:\/\/yoast.com\/wordpress\/plugins\/seo\/ -->\n<meta name=\"robots\" content=\"noindex, follow\" \/>\n<meta property=\"og:locale\" content=\"de_DE\" \/>\n<meta property=\"og:type\" content=\"article\" \/>\n<meta property=\"og:title\" content=\"Tickets - Strecke - Biathlon Nov\u00e9 M\u011bsto na Morav\u011b\" \/>\n<meta property=\"og:description\" content=\"Vielen Dank f\u00fcr Interesse an BMW IBU Welt Cup Biathlon in Nov\u00e9 M\u011bsto na Morav\u011b.M\u00f6chten Sie die Rennen gleich an der Strecke genie\u00dfen? Und m\u00f6chten Sie nah dran sein und gleich neben der Loipe stehen und die Biathleten aus unmittlerbare N\u00e4he anfeuern?Dann sind die Eintrittskarten f\u00fcr bezahlte Streckenabschnitte die richtige Wahl f\u00fcr Sie. Genie\u00dfen Sie [&hellip;]\" \/>\n<meta property=\"og:url\" content=\"https:\/\/biathlonnmnm.yashicadev.cz\/de\/tickets\/strecke\/\" \/>\n<meta property=\"og:site_name\" content=\"Biathlon Nov\u00e9 M\u011bsto na Morav\u011b\" \/>\n<meta property=\"article:modified_time\" content=\"2023-02-24T12:08:07+00:00\" \/>\n<meta property=\"og:image\" content=\"https:\/\/biathlonnmnm.yashicadev.cz\/wp-content\/uploads\/2018\/10\/logo_ticketlive-e1540466269191.png\" \/>\n<meta name=\"twitter:card\" content=\"summary_large_image\" \/>\n<script type=\"application\/ld+json\" class=\"yoast-schema-graph\">{\"@context\":\"https:\/\/schema.org\",\"@graph\":[{\"@type\":\"WebSite\",\"@id\":\"https:\/\/biathlonnmnm.yashicadev.cz\/de\/#website\",\"url\":\"https:\/\/biathlonnmnm.yashicadev.cz\/de\/\",\"name\":\"Biathlon Nov\\u00e9 M\\u011bsto na Morav\\u011b\",\"description\":\"Biathlon Nov\\u00e9 M\\u011bsto na Morav\\u011b - Biatlon NMNM\",\"potentialAction\":[{\"@type\":\"SearchAction\",\"target\":\"https:\/\/biathlonnmnm.yashicadev.cz\/de\/?s={search_term_string}\",\"query-input\":\"required name=search_term_string\"}],\"inLanguage\":\"de-DE\"},{\"@type\":\"ImageObject\",\"@id\":\"https:\/\/biathlonnmnm.yashicadev.cz\/de\/tickets\/strecke\/#primaryimage\",\"inLanguage\":\"de-DE\",\"url\":\"https:\/\/biathlonnmnm.yashicadev.cz\/wp-content\/uploads\/2018\/10\/logo_ticketlive-e1540466269191.png\"},{\"@type\":\"WebPage\",\"@id\":\"https:\/\/biathlonnmnm.yashicadev.cz\/de\/tickets\/strecke\/#webpage\",\"url\":\"https:\/\/biathlonnmnm.yashicadev.cz\/de\/tickets\/strecke\/\",\"name\":\"Tickets - Strecke - Biathlon Nov\\u00e9 M\\u011bsto na Morav\\u011b\",\"isPartOf\":{\"@id\":\"https:\/\/biathlonnmnm.yashicadev.cz\/de\/#website\"},\"primaryImageOfPage\":{\"@id\":\"https:\/\/biathlonnmnm.yashicadev.cz\/de\/tickets\/strecke\/#primaryimage\"},\"datePublished\":\"2016-11-15T16:11:48+00:00\",\"dateModified\":\"2023-02-24T12:08:07+00:00\",\"inLanguage\":\"de-DE\",\"potentialAction\":[{\"@type\":\"ReadAction\",\"target\":[\"https:\/\/biathlonnmnm.yashicadev.cz\/de\/tickets\/strecke\/\"]}]}]}<\/script>\n<!-- \/ Yoast SEO Premium plugin. -->","_links":{"self":[{"href":"https:\/\/biathlonnmnm.yashicadev.cz\/de\/wp-json\/wp\/v2\/pages\/320"}],"collection":[{"href":"https:\/\/biathlonnmnm.yashicadev.cz\/de\/wp-json\/wp\/v2\/pages"}],"about":[{"href":"https:\/\/biathlonnmnm.yashicadev.cz\/de\/wp-json\/wp\/v2\/types\/page"}],"author":[{"embeddable":true,"href":"https:\/\/biathlonnmnm.yashicadev.cz\/de\/wp-json\/wp\/v2\/users\/8"}],"replies":[{"embeddable":true,"href":"https:\/\/biathlonnmnm.yashicadev.cz\/de\/wp-json\/wp\/v2\/comments?post=320"}],"version-history":[{"count":26,"href":"https:\/\/biathlonnmnm.yashicadev.cz\/de\/wp-json\/wp\/v2\/pages\/320\/revisions"}],"predecessor-version":[{"id":6807,"href":"https:\/\/biathlonnmnm.yashicadev.cz\/de\/wp-json\/wp\/v2\/pages\/320\/revisions\/6807"}],"up":[{"embeddable":true,"href":"https:\/\/biathlonnmnm.yashicadev.cz\/de\/wp-json\/wp\/v2\/pages\/314"}],"wp:attachment":[{"href":"https:\/\/biathlonnmnm.yashicadev.cz\/de\/wp-json\/wp\/v2\/media?parent=320"}],"wp:term":[{"taxonomy":"yst_prominent_words","embeddable":true,"href":"https:\/\/biathlonnmnm.yashicadev.cz\/de\/wp-json\/wp\/v2\/yst_prominent_words?post=320"}],"curies":[{"name":"wp","href":"https:\/\/api.w.org\/{rel}","templated":true}]}}