{"id":1093,"date":"2023-10-17T09:21:05","date_gmt":"2023-10-17T09:21:05","guid":{"rendered":"https:\/\/biathlonnmnm.yashicadev.cz\/en\/?page_id=1093"},"modified":"2024-01-08T18:40:42","modified_gmt":"2024-01-08T18:40:42","slug":"caravans","status":"publish","type":"page","link":"https:\/\/biathlonnmnm.yashicadev.cz\/en\/info-for-visitors\/caravans\/","title":{"rendered":"Caravans"},"content":{"rendered":"<p>Caravan parking area is located in Mar\u0161ovice village (within walking distance of the Vyso\u010dina Arena =&gt; 1.5 km).<\/p>\n<p><strong>All available slots from February 16th to 18th are already taken.<\/strong><\/p>\n<p>Services offered:<\/p>\n<ul>\n<li>60 parking spaces, electrical connenctions for 50 caravans (10A each)<\/li>\n<li>Restaurant Mar\u0161ovsk\u00e1 Rychta<\/li>\n<li>Grocery store in Nov\u00e9 M\u011bsto na Morav\u011b, Lidl, Penny and Billa<\/li>\n<li>Stable toilets and showers 50-100 m from the caravan park<\/li>\n<li>The possibility of exchanging the PB bottles according to the valid price list within the range of<br \/>\napprox. 500 m<\/li>\n<\/ul>\n<p>Price for parking:<\/p>\n<ul>\n<li>caravan parking \/ car 14 EUR day\/night K\u010d 350,&#8211;<\/li>\n<li>adults + youth over 16 years in. 10 EUR day\/night K\u010d 250,&#8211;<\/li>\n<li>children under 15 years in. 4 EUR day\/night K\u010d 100,&#8211;<\/li>\n<li>children under 3 years FREE<\/li>\n<li>electric connection 10 EUR day\/night K\u010d 250,&#8211;<\/li>\n<li>pets 4 EUR day\/night K\u010d 100,&#8211;<\/li>\n<li>high speed WI-FI FREE<\/li>\n<li>toilet and shower FREE<\/li>\n<\/ul>\n<p>The price of the entire stay is payable upon arrival by cash or by card.<\/p>\n<p>Caravan parking places shall be reserved at:<br \/>\nJana ONDR\u00c1\u010cKOV\u00c1, mobile +420 778 447 970, e-mail <a href=\"mailto:janicka.jesterka@gmail.com\">janicka.jesterka@gmail.com<\/a><\/p>\n<p>Your orders shall include the following:<\/p>\n<ul>\n<li>Date of the arrival and departure<\/li>\n<li>Caravan lenght<\/li>\n<li>Number of persons (adults, children)<\/li>\n<li>Whether you are interested in the electric connection<\/li>\n<li>Alternatively, add your other requests<\/li>\n<\/ul>\n","protected":false},"excerpt":{"rendered":"<p>Caravan parking area is located in Mar\u0161ovice village (within walking distance of the Vyso\u010dina Arena =&gt; 1.5 km). All available slots from February 16th to 18th are already taken. Services offered: 60 parking spaces, electrical connenctions for 50 caravans (10A each) Restaurant Mar\u0161ovsk\u00e1 Rychta Grocery store in Nov\u00e9 M\u011bsto na Morav\u011b, Lidl, Penny and Billa [&hellip;]<\/p>\n","protected":false},"author":4,"featured_media":0,"parent":248,"menu_order":1,"comment_status":"closed","ping_status":"closed","template":"","meta":[],"yst_prominent_words":[],"yoast_head":"<!-- This site is optimized with the Yoast SEO Premium plugin v14.1 - https:\/\/yoast.com\/wordpress\/plugins\/seo\/ -->\n<meta name=\"robots\" content=\"noindex, follow\" \/>\n<meta property=\"og:locale\" content=\"en_US\" \/>\n<meta property=\"og:type\" content=\"article\" \/>\n<meta property=\"og:title\" content=\"Caravans - BMW IBU Sv\u011btov\u00fd poh\u00e1r v biatlonu NMNM 2020\" \/>\n<meta property=\"og:description\" content=\"Caravan parking area is located in Mar\u0161ovice village (within walking distance of the Vyso\u010dina Arena =&gt; 1.5 km). All available slots from February 16th to 18th are already taken. Services offered: 60 parking spaces, electrical connenctions for 50 caravans (10A each) Restaurant Mar\u0161ovsk\u00e1 Rychta Grocery store in Nov\u00e9 M\u011bsto na Morav\u011b, Lidl, Penny and Billa [&hellip;]\" \/>\n<meta property=\"og:url\" content=\"https:\/\/biathlonnmnm.yashicadev.cz\/en\/info-for-visitors\/caravans\/\" \/>\n<meta property=\"og:site_name\" content=\"BMW IBU Sv\u011btov\u00fd poh\u00e1r v biatlonu NMNM 2020\" \/>\n<meta property=\"article:modified_time\" content=\"2024-01-08T18:40:42+00:00\" \/>\n<meta name=\"twitter:card\" content=\"summary_large_image\" \/>\n<script type=\"application\/ld+json\" class=\"yoast-schema-graph\">{\"@context\":\"https:\/\/schema.org\",\"@graph\":[{\"@type\":\"WebSite\",\"@id\":\"https:\/\/biathlonnmnm.yashicadev.cz\/en\/#website\",\"url\":\"https:\/\/biathlonnmnm.yashicadev.cz\/en\/\",\"name\":\"BMW IBU Sv\\u011btov\\u00fd poh\\u00e1r v biatlonu NMNM 2020\",\"description\":\"SP v biatlonu NMNM 5. - 8. 3. 2020\",\"potentialAction\":[{\"@type\":\"SearchAction\",\"target\":\"https:\/\/biathlonnmnm.yashicadev.cz\/en\/?s={search_term_string}\",\"query-input\":\"required name=search_term_string\"}],\"inLanguage\":\"en-US\"},{\"@type\":\"WebPage\",\"@id\":\"https:\/\/biathlonnmnm.yashicadev.cz\/en\/info-for-visitors\/caravans\/#webpage\",\"url\":\"https:\/\/biathlonnmnm.yashicadev.cz\/en\/info-for-visitors\/caravans\/\",\"name\":\"Caravans - BMW IBU Sv\\u011btov\\u00fd poh\\u00e1r v biatlonu NMNM 2020\",\"isPartOf\":{\"@id\":\"https:\/\/biathlonnmnm.yashicadev.cz\/en\/#website\"},\"datePublished\":\"2023-10-17T09:21:05+00:00\",\"dateModified\":\"2024-01-08T18:40:42+00:00\",\"inLanguage\":\"en-US\",\"potentialAction\":[{\"@type\":\"ReadAction\",\"target\":[\"https:\/\/biathlonnmnm.yashicadev.cz\/en\/info-for-visitors\/caravans\/\"]}]}]}<\/script>\n<!-- \/ Yoast SEO Premium plugin. -->","_links":{"self":[{"href":"https:\/\/biathlonnmnm.yashicadev.cz\/en\/wp-json\/wp\/v2\/pages\/1093"}],"collection":[{"href":"https:\/\/biathlonnmnm.yashicadev.cz\/en\/wp-json\/wp\/v2\/pages"}],"about":[{"href":"https:\/\/biathlonnmnm.yashicadev.cz\/en\/wp-json\/wp\/v2\/types\/page"}],"author":[{"embeddable":true,"href":"https:\/\/biathlonnmnm.yashicadev.cz\/en\/wp-json\/wp\/v2\/users\/4"}],"replies":[{"embeddable":true,"href":"https:\/\/biathlonnmnm.yashicadev.cz\/en\/wp-json\/wp\/v2\/comments?post=1093"}],"version-history":[{"count":8,"href":"https:\/\/biathlonnmnm.yashicadev.cz\/en\/wp-json\/wp\/v2\/pages\/1093\/revisions"}],"predecessor-version":[{"id":7762,"href":"https:\/\/biathlonnmnm.yashicadev.cz\/en\/wp-json\/wp\/v2\/pages\/1093\/revisions\/7762"}],"up":[{"embeddable":true,"href":"https:\/\/biathlonnmnm.yashicadev.cz\/en\/wp-json\/wp\/v2\/pages\/248"}],"wp:attachment":[{"href":"https:\/\/biathlonnmnm.yashicadev.cz\/en\/wp-json\/wp\/v2\/media?parent=1093"}],"wp:term":[{"taxonomy":"yst_prominent_words","embeddable":true,"href":"https:\/\/biathlonnmnm.yashicadev.cz\/en\/wp-json\/wp\/v2\/yst_prominent_words?post=1093"}],"curies":[{"name":"wp","href":"https:\/\/api.w.org\/{rel}","templated":true}]}}