{"id":1097,"date":"2016-11-24T16:34:01","date_gmt":"2016-11-24T16:34:01","guid":{"rendered":"https:\/\/biathlonnmnm.yashicadev.cz\/en\/info-for-visitors\/doprava\/"},"modified":"2023-02-27T07:41:00","modified_gmt":"2023-02-27T07:41:00","slug":"doprava","status":"publish","type":"page","link":"https:\/\/biathlonnmnm.yashicadev.cz\/en\/info-for-visitors\/doprava\/","title":{"rendered":"Shuttle service"},"content":{"rendered":"<p>A shuttle bus service will be provided to transport visitors from more distant parking areas to the Vyso\u010dina Arena and back. Shuttle transport will be provided from \u017d\u010f\u00e1r to S\u00e1zavou and from the direction of T\u0159i Studn\u011b.<\/p>\n<h4>\u00a0<\/h4>\n<h4>Connections between \u017d\u010f\u00e1r nad S\u00e1zavou and Vyso\u010dina Arena<br \/>(Medin terminus)<\/h4>\n<ul>\n<li>Line 1 = train station boarding point (in front of the A U T O . . . s.r.o. store)<br \/>Line 2 = boarding point at OC Halva shopping centre<\/li>\n<\/ul>\n<p>Exact location of boarding points: <a href=\"https:\/\/mapy.cz\/s\/jogobusufa\" target=\"_blank\" rel=\"noopener\">https:\/\/mapy.cz\/s\/nokurufocu<\/a><\/p>\n<p><strong>Departure times of the first shuttles from \u017d\u010f\u00e1r to Vyso\u010dina Arena:<\/strong><\/p>\n<p>2. &amp; 3. March (THu, FR) &#8211; 12:30<br \/>4. March (SAT) &#8211; 10:00<br \/>5. March (SUN) &#8211; 08:00<\/p>\n<p><em>Note: Departure intervals as needed or after the bus is full. Don&#8217;t leave the transportation to the venue to the last minute. The standard traveling time of the shuttle from \u017d\u010f\u00e1r is 15 minutes, but with regard to the heavy traffic in the time before the competitions, it is necessary to count on double length of the traveling time.<\/em><\/p>\n<div class=\"FFpbKc\">\n<div class=\"nidPne\">\n<div data-show-delay-ms=\"250\" data-append-to-body=\"true\" data-propagate-tooltip-mouseover-events=\"true\" data-anchor-corner=\"bottom-left\" data-enable-skip-handler=\"false\" data-popup-corner=\"top-left\">\n<div>\n<div class=\"scLCMd\">\n<div id=\"itamenu\">\n<div class=\"goog-container goog-container-vertical\" tabindex=\"-1\">\u00a0<\/div>\n<\/div>\n<\/div>\n<\/div>\n<\/div>\n<\/div>\n<\/div>\n<div class=\"QcsUad BDJ8fb\">\n<div class=\"usGWQd\" aria-live=\"polite\">\n<div class=\"KkbLmb\">\n<div class=\"lRu31\">\n<div class=\"QcsUad BDJ8fb\">\n<div class=\"XL3Kf\">\n<div class=\"a8FIud X0rvP L6rCcb\">\n<div data-show-delay-ms=\"250\" data-append-to-body=\"false\" data-propagate-tooltip-mouseover-events=\"true\" data-anchor-corner=\"bottom-end\" data-enable-skip-handler=\"false\" data-popup-corner=\"top-end\">\n<div>\u00a0<\/div>\n<\/div>\n<\/div>\n<\/div>\n<div class=\"usGWQd\" aria-live=\"polite\">\n<div class=\"KkbLmb\">\n<div class=\"lRu31\"><strong><span class=\"HwtZe\" lang=\"en\"><span class=\"jCAhz ChMk0b\"><span class=\"ryNqvb\">Departures of the last shuttle from Vyso\u010dina Arena to \u017d\u010f\u00e1r nad S\u00e1zavou:<\/span><\/span><\/span><\/strong><\/div>\n<\/div>\n<\/div>\n<\/div>\n<\/div>\n<\/div>\n<\/div>\n<\/div>\n<p>2. &amp; 3. March (THu, FR) &#8211; 20:30<br \/>4. March (SAT) &#8211; 19:00<br \/>5. March (SUN) &#8211; 18:00<\/p>\n<h4>\u00a0<\/h4>\n<h4>Connection between Fry\u0161ava and Vyso\u010dina Arena<br \/>(Snow storage terminus)<\/h4>\n<ul>\n<li>Line 3 = boarding points Fry\u0161ava \/ T\u0159i Studn\u011b \/ Vlachovice<\/li>\n<\/ul>\n<p>Exact location of boarding points: <a href=\"https:\/\/mapy.cz\/s\/cakalejugo\" target=\"_blank\" rel=\"noopener\">https:\/\/mapy.cz\/s\/cakalejugo<\/a><\/p>\n<p>\u00a0<\/p>\n<p><strong>Departure times of the first shuttles from Fry\u0161ava towards Vyso\u010dina Arena:<\/strong><\/p>\n<p>2. &amp; 3. March (THu, FR) &#8211; 13:30<br \/>4. March (SAT) &#8211; 11:00<br \/>5. March (SUN) &#8211; 09:00<\/p>\n<p>\u00a0<\/p>\n<p><strong><span class=\"HwtZe\" lang=\"en\"><span class=\"jCAhz ChMk0b\"><span class=\"ryNqvb\">Departures of the last shuttle from<\/span><\/span><\/span> Vyso\u010dina Arena to Fry\u0161ava:<\/strong><\/p>\n<p>2. &amp; 3. March (THu, FR) &#8211; 20:30<br \/>4. March (SAT) &#8211; 19:00<br \/>5. March (SUN) &#8211; 18:00<\/p>\n<p>\u00a0<\/p>\n<p><em>Note: Departure intervals as needed or after the bus is full. Don&#8217;t leave the transportation to the venue to the last minute. The standard traveling time of the shuttle from Fry\u0161ava is 15 minutes, but with regard to the heavy traffic in the time before the competitions, it is necessary to count on 25-minute traveling time.<\/em><\/p>\n<p>*******<\/p>\n\n\n<p><\/p>\n\n\n\n<p><\/p>\n","protected":false},"excerpt":{"rendered":"<p>A shuttle bus service will be provided to transport visitors from more distant parking areas to the Vyso\u010dina Arena and back. Shuttle transport will be provided from \u017d\u010f\u00e1r to S\u00e1zavou and from the direction of T\u0159i Studn\u011b. \u00a0 Connections between \u017d\u010f\u00e1r nad S\u00e1zavou and Vyso\u010dina Arena(Medin terminus) Line 1 = train station boarding point (in [&hellip;]<\/p>\n","protected":false},"author":4,"featured_media":0,"parent":248,"menu_order":4,"comment_status":"closed","ping_status":"closed","template":"","meta":[],"yst_prominent_words":[],"yoast_head":"<!-- This site is optimized with the Yoast SEO Premium plugin v14.1 - https:\/\/yoast.com\/wordpress\/plugins\/seo\/ -->\n<meta name=\"robots\" content=\"noindex, follow\" \/>\n<meta property=\"og:locale\" content=\"en_US\" \/>\n<meta property=\"og:type\" content=\"article\" \/>\n<meta property=\"og:title\" content=\"Shuttle service - BMW IBU Sv\u011btov\u00fd poh\u00e1r v biatlonu NMNM 2020\" \/>\n<meta property=\"og:description\" content=\"A shuttle bus service will be provided to transport visitors from more distant parking areas to the Vyso\u010dina Arena and back. Shuttle transport will be provided from \u017d\u010f\u00e1r to S\u00e1zavou and from the direction of T\u0159i Studn\u011b. \u00a0 Connections between \u017d\u010f\u00e1r nad S\u00e1zavou and Vyso\u010dina Arena(Medin terminus) Line 1 = train station boarding point (in [&hellip;]\" \/>\n<meta property=\"og:url\" content=\"https:\/\/biathlonnmnm.yashicadev.cz\/en\/info-for-visitors\/doprava\/\" \/>\n<meta property=\"og:site_name\" content=\"BMW IBU Sv\u011btov\u00fd poh\u00e1r v biatlonu NMNM 2020\" \/>\n<meta property=\"article:modified_time\" content=\"2023-02-27T07:41:00+00:00\" \/>\n<meta name=\"twitter:card\" content=\"summary_large_image\" \/>\n<script type=\"application\/ld+json\" class=\"yoast-schema-graph\">{\"@context\":\"https:\/\/schema.org\",\"@graph\":[{\"@type\":\"WebSite\",\"@id\":\"https:\/\/biathlonnmnm.yashicadev.cz\/en\/#website\",\"url\":\"https:\/\/biathlonnmnm.yashicadev.cz\/en\/\",\"name\":\"BMW IBU Sv\\u011btov\\u00fd poh\\u00e1r v biatlonu NMNM 2020\",\"description\":\"SP v biatlonu NMNM 5. - 8. 3. 2020\",\"potentialAction\":[{\"@type\":\"SearchAction\",\"target\":\"https:\/\/biathlonnmnm.yashicadev.cz\/en\/?s={search_term_string}\",\"query-input\":\"required name=search_term_string\"}],\"inLanguage\":\"en-US\"},{\"@type\":\"WebPage\",\"@id\":\"https:\/\/biathlonnmnm.yashicadev.cz\/en\/info-for-visitors\/doprava\/#webpage\",\"url\":\"https:\/\/biathlonnmnm.yashicadev.cz\/en\/info-for-visitors\/doprava\/\",\"name\":\"Shuttle service - BMW IBU Sv\\u011btov\\u00fd poh\\u00e1r v biatlonu NMNM 2020\",\"isPartOf\":{\"@id\":\"https:\/\/biathlonnmnm.yashicadev.cz\/en\/#website\"},\"datePublished\":\"2016-11-24T16:34:01+00:00\",\"dateModified\":\"2023-02-27T07:41:00+00:00\",\"inLanguage\":\"en-US\",\"potentialAction\":[{\"@type\":\"ReadAction\",\"target\":[\"https:\/\/biathlonnmnm.yashicadev.cz\/en\/info-for-visitors\/doprava\/\"]}]}]}<\/script>\n<!-- \/ Yoast SEO Premium plugin. -->","_links":{"self":[{"href":"https:\/\/biathlonnmnm.yashicadev.cz\/en\/wp-json\/wp\/v2\/pages\/1097"}],"collection":[{"href":"https:\/\/biathlonnmnm.yashicadev.cz\/en\/wp-json\/wp\/v2\/pages"}],"about":[{"href":"https:\/\/biathlonnmnm.yashicadev.cz\/en\/wp-json\/wp\/v2\/types\/page"}],"author":[{"embeddable":true,"href":"https:\/\/biathlonnmnm.yashicadev.cz\/en\/wp-json\/wp\/v2\/users\/4"}],"replies":[{"embeddable":true,"href":"https:\/\/biathlonnmnm.yashicadev.cz\/en\/wp-json\/wp\/v2\/comments?post=1097"}],"version-history":[{"count":10,"href":"https:\/\/biathlonnmnm.yashicadev.cz\/en\/wp-json\/wp\/v2\/pages\/1097\/revisions"}],"predecessor-version":[{"id":6831,"href":"https:\/\/biathlonnmnm.yashicadev.cz\/en\/wp-json\/wp\/v2\/pages\/1097\/revisions\/6831"}],"up":[{"embeddable":true,"href":"https:\/\/biathlonnmnm.yashicadev.cz\/en\/wp-json\/wp\/v2\/pages\/248"}],"wp:attachment":[{"href":"https:\/\/biathlonnmnm.yashicadev.cz\/en\/wp-json\/wp\/v2\/media?parent=1097"}],"wp:term":[{"taxonomy":"yst_prominent_words","embeddable":true,"href":"https:\/\/biathlonnmnm.yashicadev.cz\/en\/wp-json\/wp\/v2\/yst_prominent_words?post=1097"}],"curies":[{"name":"wp","href":"https:\/\/api.w.org\/{rel}","templated":true}]}}