{"id":1112,"date":"2016-11-29T14:06:32","date_gmt":"2016-11-29T14:06:32","guid":{"rendered":"https:\/\/biathlonnmnm.yashicadev.cz\/en\/?page_id=1112"},"modified":"2023-05-10T08:55:55","modified_gmt":"2023-05-10T08:55:55","slug":"wc-programme","status":"publish","type":"page","link":"https:\/\/biathlonnmnm.yashicadev.cz\/en\/schedule\/wc-programme\/","title":{"rendered":"Programme"},"content":{"rendered":"<h5>BMW IBU World Cup Biathlon NMNM 2023<\/h5>\n<p>Vyso\u010dina Arena, Nov\u00e9 M\u011bsto na Morav\u011b | 27. 2. &#8211; 5. 3. 2023<\/p>\n<div style=\"overflow-x: auto;\">\n<table style=\"width: 700px;\">\n<tbody>\n<tr style=\"background-color: #023850;\">\n<th style=\"color: white; height: 21px; width: 106.8125px;\">Day<\/th>\n<th style=\"color: white; height: 21px; width: 153.96875px;\">&nbsp;<\/th>\n<th style=\"color: white; text-align: center; height: 21px; width: 155.359375px;\">Start time<\/th>\n<th style=\"color: white; height: 21px; width: 271.875px; text-align: left;\">Discipline<\/th>\n<\/tr>\n<tr style=\"height: 21px;\">\n<td style=\"height: 21px; width: 106.8125px;\">Thursday<\/td>\n<td style=\"height: 21px; width: 153.96875px;\">2nd March 2023<\/td>\n<td style=\"text-align: center; height: 21px; width: 155.359375px;\">16:10<\/td>\n<td style=\"height: 21px; width: 271.875px; text-align: left;\">Sprint Men<\/td>\n<\/tr>\n<tr>\n<td style=\"width: 106.8125px;\">Friday<\/td>\n<td style=\"width: 153.96875px;\">3rd March 2023<\/td>\n<td style=\"text-align: center; width: 155.359375px;\">16:10<\/td>\n<td style=\"height: 21px; width: 271.875px; text-align: left;\">Sprint Women<\/td>\n<\/tr>\n<tr style=\"height: 21px;\">\n<td style=\"height: 21px; width: 106.8125px;\">Saturday<\/td>\n<td style=\"height: 21px; width: 153.96875px;\">4th March 2023<\/td>\n<td style=\"text-align: center; height: 21px; width: 155.359375px;\">13:50<\/td>\n<td style=\"height: 21px; width: 271.875px; text-align: left;\">Pursuit Men<\/td>\n<\/tr>\n<tr>\n<td style=\"width: 106.8125px;\">&nbsp;<\/td>\n<td style=\"width: 153.96875px;\">&nbsp;<\/td>\n<td style=\"text-align: center; width: 155.359375px;\">15:45<\/td>\n<td style=\"height: 21px; width: 271.875px; text-align: left;\">Pursuit Women<\/td>\n<\/tr>\n<tr>\n<td style=\"width: 106.8125px;\">Sunday<\/td>\n<td style=\"width: 153.96875px;\">5th March 2023<\/td>\n<td style=\"text-align: center; width: 155.359375px;\">11:30<\/td>\n<td style=\"width: 271.875px; text-align: left;\">Mixed relay (W+M)<\/td>\n<\/tr>\n<tr>\n<td style=\"width: 106.8125px;\">&nbsp;<\/td>\n<td style=\"width: 153.96875px;\">&nbsp;<\/td>\n<td style=\"text-align: center; width: 155.359375px;\">15:15<\/td>\n<td style=\"width: 271.875px; text-align: left;\">Single mixed relay (W+M)<\/td>\n<\/tr>\n<\/tbody>\n<\/table>\n<\/div>\n<div style=\"overflow-x: auto;\">&nbsp;<\/div>\n\n\n<p><\/p>\n","protected":false},"excerpt":{"rendered":"<p>BMW IBU World Cup Biathlon NMNM 2023 Vyso\u010dina Arena, Nov\u00e9 M\u011bsto na Morav\u011b | 27. 2. &#8211; 5. 3. 2023 Day &nbsp; Start time Discipline Thursday 2nd March 2023 16:10 Sprint Men Friday 3rd March 2023 16:10 Sprint Women Saturday 4th March 2023 13:50 Pursuit Men &nbsp; &nbsp; 15:45 Pursuit Women Sunday 5th March 2023 [&hellip;]<\/p>\n","protected":false},"author":4,"featured_media":0,"parent":263,"menu_order":1,"comment_status":"closed","ping_status":"closed","template":"","meta":[],"yst_prominent_words":[],"yoast_head":"<!-- This site is optimized with the Yoast SEO Premium plugin v14.1 - https:\/\/yoast.com\/wordpress\/plugins\/seo\/ -->\n<meta name=\"robots\" content=\"noindex, follow\" \/>\n<meta property=\"og:locale\" content=\"en_US\" \/>\n<meta property=\"og:type\" content=\"article\" \/>\n<meta property=\"og:title\" content=\"Programme - BMW IBU Sv\u011btov\u00fd poh\u00e1r v biatlonu NMNM 2020\" \/>\n<meta property=\"og:description\" content=\"BMW IBU World Cup Biathlon NMNM 2023 Vyso\u010dina Arena, Nov\u00e9 M\u011bsto na Morav\u011b | 27. 2. &#8211; 5. 3. 2023 Day &nbsp; Start time Discipline Thursday 2nd March 2023 16:10 Sprint Men Friday 3rd March 2023 16:10 Sprint Women Saturday 4th March 2023 13:50 Pursuit Men &nbsp; &nbsp; 15:45 Pursuit Women Sunday 5th March 2023 [&hellip;]\" \/>\n<meta property=\"og:url\" content=\"https:\/\/biathlonnmnm.yashicadev.cz\/en\/schedule\/wc-programme\/\" \/>\n<meta property=\"og:site_name\" content=\"BMW IBU Sv\u011btov\u00fd poh\u00e1r v biatlonu NMNM 2020\" \/>\n<meta property=\"article:modified_time\" content=\"2023-05-10T08:55:55+00:00\" \/>\n<meta name=\"twitter:card\" content=\"summary_large_image\" \/>\n<script type=\"application\/ld+json\" class=\"yoast-schema-graph\">{\"@context\":\"https:\/\/schema.org\",\"@graph\":[{\"@type\":\"WebSite\",\"@id\":\"https:\/\/biathlonnmnm.yashicadev.cz\/en\/#website\",\"url\":\"https:\/\/biathlonnmnm.yashicadev.cz\/en\/\",\"name\":\"BMW IBU Sv\\u011btov\\u00fd poh\\u00e1r v biatlonu NMNM 2020\",\"description\":\"SP v biatlonu NMNM 5. - 8. 3. 2020\",\"potentialAction\":[{\"@type\":\"SearchAction\",\"target\":\"https:\/\/biathlonnmnm.yashicadev.cz\/en\/?s={search_term_string}\",\"query-input\":\"required name=search_term_string\"}],\"inLanguage\":\"en-US\"},{\"@type\":\"WebPage\",\"@id\":\"https:\/\/biathlonnmnm.yashicadev.cz\/en\/schedule\/wc-programme\/#webpage\",\"url\":\"https:\/\/biathlonnmnm.yashicadev.cz\/en\/schedule\/wc-programme\/\",\"name\":\"Programme - BMW IBU Sv\\u011btov\\u00fd poh\\u00e1r v biatlonu NMNM 2020\",\"isPartOf\":{\"@id\":\"https:\/\/biathlonnmnm.yashicadev.cz\/en\/#website\"},\"datePublished\":\"2016-11-29T14:06:32+00:00\",\"dateModified\":\"2023-05-10T08:55:55+00:00\",\"inLanguage\":\"en-US\",\"potentialAction\":[{\"@type\":\"ReadAction\",\"target\":[\"https:\/\/biathlonnmnm.yashicadev.cz\/en\/schedule\/wc-programme\/\"]}]}]}<\/script>\n<!-- \/ Yoast SEO Premium plugin. -->","_links":{"self":[{"href":"https:\/\/biathlonnmnm.yashicadev.cz\/en\/wp-json\/wp\/v2\/pages\/1112"}],"collection":[{"href":"https:\/\/biathlonnmnm.yashicadev.cz\/en\/wp-json\/wp\/v2\/pages"}],"about":[{"href":"https:\/\/biathlonnmnm.yashicadev.cz\/en\/wp-json\/wp\/v2\/types\/page"}],"author":[{"embeddable":true,"href":"https:\/\/biathlonnmnm.yashicadev.cz\/en\/wp-json\/wp\/v2\/users\/4"}],"replies":[{"embeddable":true,"href":"https:\/\/biathlonnmnm.yashicadev.cz\/en\/wp-json\/wp\/v2\/comments?post=1112"}],"version-history":[{"count":31,"href":"https:\/\/biathlonnmnm.yashicadev.cz\/en\/wp-json\/wp\/v2\/pages\/1112\/revisions"}],"predecessor-version":[{"id":7383,"href":"https:\/\/biathlonnmnm.yashicadev.cz\/en\/wp-json\/wp\/v2\/pages\/1112\/revisions\/7383"}],"up":[{"embeddable":true,"href":"https:\/\/biathlonnmnm.yashicadev.cz\/en\/wp-json\/wp\/v2\/pages\/263"}],"wp:attachment":[{"href":"https:\/\/biathlonnmnm.yashicadev.cz\/en\/wp-json\/wp\/v2\/media?parent=1112"}],"wp:term":[{"taxonomy":"yst_prominent_words","embeddable":true,"href":"https:\/\/biathlonnmnm.yashicadev.cz\/en\/wp-json\/wp\/v2\/yst_prominent_words?post=1112"}],"curies":[{"name":"wp","href":"https:\/\/api.w.org\/{rel}","templated":true}]}}