{"id":1653,"date":"2016-12-12T15:47:55","date_gmt":"2016-12-12T15:47:55","guid":{"rendered":"https:\/\/biathlonnmnm.yashicadev.cz\/en\/info-for-visitors\/parkovani-2\/"},"modified":"2018-12-23T07:03:04","modified_gmt":"2018-12-23T07:03:04","slug":"current-parking","status":"publish","type":"page","link":"https:\/\/biathlonnmnm.yashicadev.cz\/en\/info-for-visitors\/current-parking\/","title":{"rendered":"Current parking"},"content":{"rendered":"<p><strong><\/p>\n<p style=\"color:red;\">23.12.<br \/> \u2013 closed car park at the hospital (P7)<br \/>\u2013 limited parking capacity in the northwest of the city (P15)<\/p>\n<p><\/strong><\/p>\n<p>We&#8217;d like to make it essier your arrival and parking in Nov\u00e9 Mesto, we have prepared a page, where you can find a current status of capacity of parking spaces. You can find information about current traffic conditions <a href=\"https:\/\/www.waze.com\/cs\/livemap?lat=49.56303&amp;lon=16.06514&amp;zoom=14\" target=\"_blank\" rel=\"noopener\">here<\/a>. Before your arrival we recommend you visit this page and adjust the direction to open parking spaces.<\/p>\n<p><span style=\"color: #999999; font-size: 0.8rem;\">Note:\u00a0Plan has an informative character. In the immediate vicinity of the area observe traffic signs and follow the instructions of organizers and police.<\/span><\/p>\n<p>&nbsp;<\/p>\n<p style=\"text-align: center;\"><strong><a href=\"https:\/\/biathlonnmnm.yashicadev.cz\/parking\/\" target=\"_blank\" rel=\"noopener\">Vyso\u010dina arena &#8211; Map of parking places (Show map in full resolution)<\/a><\/strong><a href=\"https:\/\/biathlonnmnm.yashicadev.cz\/parking\/\" target=\"_blank\" rel=\"noopener\"><\/a><\/p>\n<p><iframe style=\"width: 100%; height: 650px;\" src=\"https:\/\/biathlonnmnm.yashicadev.cz\/parking\/\"><\/iframe><\/p>\n","protected":false},"excerpt":{"rendered":"<p>23.12. \u2013 closed car park at the hospital (P7)\u2013 limited parking capacity in the northwest of the city (P15) We&#8217;d like to make it essier your arrival and parking in Nov\u00e9 Mesto, we have prepared a page, where you can find a current status of capacity of parking spaces. You can find information about current [&hellip;]<\/p>\n","protected":false},"author":1,"featured_media":0,"parent":248,"menu_order":3,"comment_status":"closed","ping_status":"closed","template":"","meta":[],"yst_prominent_words":[],"yoast_head":"<!-- This site is optimized with the Yoast SEO Premium plugin v14.1 - https:\/\/yoast.com\/wordpress\/plugins\/seo\/ -->\n<meta name=\"robots\" content=\"noindex, follow\" \/>\n<meta property=\"og:locale\" content=\"en_US\" \/>\n<meta property=\"og:type\" content=\"article\" \/>\n<meta property=\"og:title\" content=\"Current parking - BMW IBU Sv\u011btov\u00fd poh\u00e1r v biatlonu NMNM 2020\" \/>\n<meta property=\"og:description\" content=\"23.12. \u2013 closed car park at the hospital (P7)\u2013 limited parking capacity in the northwest of the city (P15) We&#8217;d like to make it essier your arrival and parking in Nov\u00e9 Mesto, we have prepared a page, where you can find a current status of capacity of parking spaces. You can find information about current [&hellip;]\" \/>\n<meta property=\"og:url\" content=\"https:\/\/biathlonnmnm.yashicadev.cz\/en\/info-for-visitors\/current-parking\/\" \/>\n<meta property=\"og:site_name\" content=\"BMW IBU Sv\u011btov\u00fd poh\u00e1r v biatlonu NMNM 2020\" \/>\n<meta property=\"article:modified_time\" content=\"2018-12-23T07:03:04+00:00\" \/>\n<meta name=\"twitter:card\" content=\"summary_large_image\" \/>\n<script type=\"application\/ld+json\" class=\"yoast-schema-graph\">{\"@context\":\"https:\/\/schema.org\",\"@graph\":[{\"@type\":\"WebSite\",\"@id\":\"https:\/\/biathlonnmnm.yashicadev.cz\/en\/#website\",\"url\":\"https:\/\/biathlonnmnm.yashicadev.cz\/en\/\",\"name\":\"BMW IBU Sv\\u011btov\\u00fd poh\\u00e1r v biatlonu NMNM 2020\",\"description\":\"SP v biatlonu NMNM 5. - 8. 3. 2020\",\"potentialAction\":[{\"@type\":\"SearchAction\",\"target\":\"https:\/\/biathlonnmnm.yashicadev.cz\/en\/?s={search_term_string}\",\"query-input\":\"required name=search_term_string\"}],\"inLanguage\":\"en-US\"},{\"@type\":\"WebPage\",\"@id\":\"https:\/\/biathlonnmnm.yashicadev.cz\/en\/info-for-visitors\/current-parking\/#webpage\",\"url\":\"https:\/\/biathlonnmnm.yashicadev.cz\/en\/info-for-visitors\/current-parking\/\",\"name\":\"Current parking - BMW IBU Sv\\u011btov\\u00fd poh\\u00e1r v biatlonu NMNM 2020\",\"isPartOf\":{\"@id\":\"https:\/\/biathlonnmnm.yashicadev.cz\/en\/#website\"},\"datePublished\":\"2016-12-12T15:47:55+00:00\",\"dateModified\":\"2018-12-23T07:03:04+00:00\",\"inLanguage\":\"en-US\",\"potentialAction\":[{\"@type\":\"ReadAction\",\"target\":[\"https:\/\/biathlonnmnm.yashicadev.cz\/en\/info-for-visitors\/current-parking\/\"]}]}]}<\/script>\n<!-- \/ Yoast SEO Premium plugin. -->","_links":{"self":[{"href":"https:\/\/biathlonnmnm.yashicadev.cz\/en\/wp-json\/wp\/v2\/pages\/1653"}],"collection":[{"href":"https:\/\/biathlonnmnm.yashicadev.cz\/en\/wp-json\/wp\/v2\/pages"}],"about":[{"href":"https:\/\/biathlonnmnm.yashicadev.cz\/en\/wp-json\/wp\/v2\/types\/page"}],"author":[{"embeddable":true,"href":"https:\/\/biathlonnmnm.yashicadev.cz\/en\/wp-json\/wp\/v2\/users\/1"}],"replies":[{"embeddable":true,"href":"https:\/\/biathlonnmnm.yashicadev.cz\/en\/wp-json\/wp\/v2\/comments?post=1653"}],"version-history":[{"count":6,"href":"https:\/\/biathlonnmnm.yashicadev.cz\/en\/wp-json\/wp\/v2\/pages\/1653\/revisions"}],"predecessor-version":[{"id":2646,"href":"https:\/\/biathlonnmnm.yashicadev.cz\/en\/wp-json\/wp\/v2\/pages\/1653\/revisions\/2646"}],"up":[{"embeddable":true,"href":"https:\/\/biathlonnmnm.yashicadev.cz\/en\/wp-json\/wp\/v2\/pages\/248"}],"wp:attachment":[{"href":"https:\/\/biathlonnmnm.yashicadev.cz\/en\/wp-json\/wp\/v2\/media?parent=1653"}],"wp:term":[{"taxonomy":"yst_prominent_words","embeddable":true,"href":"https:\/\/biathlonnmnm.yashicadev.cz\/en\/wp-json\/wp\/v2\/yst_prominent_words?post=1653"}],"curies":[{"name":"wp","href":"https:\/\/api.w.org\/{rel}","templated":true}]}}