{"id":239,"date":"2016-11-15T14:08:35","date_gmt":"2016-11-15T14:08:35","guid":{"rendered":"https:\/\/biathlonnmnm.yashicadev.cz\/en\/?page_id=239"},"modified":"2022-09-02T15:26:03","modified_gmt":"2022-09-02T15:26:03","slug":"vip","status":"publish","type":"page","link":"https:\/\/biathlonnmnm.yashicadev.cz\/en\/tickets\/vip\/","title":{"rendered":"VIP TICKETS"},"content":{"rendered":"<h4>VIP\u00a0TICKETS<\/h4>\n<p>Dear VIP guests, we greatly appreciate your respect for biathlon and this important biathlon competition, which again hosts the Vyso\u010dina Arena in Nov\u00e9 M\u011bsto na Morav\u011b. Our goal is to create the best possible conditions for you to enjoy the sporting achievements of the world\u2019s best biathletes. Owning the VIP ticket offers you the following:<\/p>\n<ul>\n<li>Arbitrary and repeated visit of the heated VIP tent comfortably equipped so that you can enjoy your refreshment and all social meetings<\/li>\n<li>Throughout the lifetime of the tickets you\u2019ll have unlimited catering with a free choice of hot\/cold alcoholic and non-alcoholic beverages<\/li>\n<li>You\u2019ll have organized media and informational service \u2013 printed start and result lists, reports from happening inside the sport, large screens showing the sport action directly inside the VIP tent<\/li>\n<li>Moderated meetings with prominent sports personalities.<\/li>\n<li>Entrance to VIP dedicated stands C next to the VIP tent.<\/li>\n<li>Dedicated parking on the VIP parking grounds in the proximity of the Vyso\u010dina Arena (P4 parking grounds on the Vlachovick\u00e1 road)<\/li>\n<\/ul>\n<p>Please read the instructions below. These have been written in order to provide you with detailed organizational information so that your visit to the Vyso\u010dina Arena is running smooth.<\/p>\n<h4>Tickets<\/h4>\n<div style=\"overflow-x: auto;\">\n<table style=\"width: 450px;\">\n<tbody>\n<tr style=\"background-color: #023850;\">\n<th style=\"color: white;\">Day<\/th>\n<th style=\"color: white;\">Date<\/th>\n<th style=\"color: white;\">VIP<\/th>\n<\/tr>\n<tr>\n<td><strong>General<\/strong><\/td>\n<td><strong>2.\u20135.3. 2023<\/strong><\/td>\n<td><strong>15000 CZK<\/strong><\/td>\n<\/tr>\n<tr>\n<td>Thursday<\/td>\n<td>2.3.2023<\/td>\n<td>3000\u00a0CZK<\/td>\n<\/tr>\n<tr>\n<td>Friday<\/td>\n<td>3.3.2023<\/td>\n<td>3000 CZK<\/td>\n<\/tr>\n<tr>\n<td>Saturday<\/td>\n<td>4.3.2023<\/td>\n<td>5000 CZK<\/td>\n<\/tr>\n<tr>\n<td>Sunday<\/td>\n<td>5.3.2023<\/td>\n<td>5000 CZK<\/td>\n<\/tr>\n<\/tbody>\n<\/table>\n<\/div>\n<table style=\"height: 32px; width: 450px; border-collapse: collapse; background-color: #023850;\" border=\"0\">\n<tbody>\n<tr style=\"height: 32px;\">\n<td style=\"width: 42.9835%; height: 32px;\">\n<h4><span style=\"color: #ffffff;\"><a style=\"color: #ffffff;\" href=\"https:\/\/www.ticketlive.cz\/cs\/event\/biatlon-2023\" target=\"_blank\" rel=\"noopener noreferrer\">Buy tickets online<\/a><\/span><\/h4>\n<\/td>\n<td style=\"width: 23.0012%; height: 32px;\"><a href=\"https:\/\/www.ticketlive.cz\/cs\/event\/biatlon-2023\" target=\"_blank\" rel=\"noopener noreferrer\"><img decoding=\"async\" loading=\"lazy\" class=\"alignnone wp-image-2027 size-full\" src=\"https:\/\/biathlonnmnm.yashicadev.cz\/wp-content\/uploads\/2018\/10\/logo_ticketlive-e1540466269191.png\" alt=\"\" width=\"163\" height=\"31\" \/><\/a><\/td>\n<\/tr>\n<\/tbody>\n<\/table>\n<p>The ticket is only valid for a sector, which it has been purchased for!<\/p>\n<p>Exact start times listed <a href=\"https:\/\/biathlonnmnm.yashicadev.cz\/en\/schedule\/wc-programme\/\">the programme section<\/a>. Change of Programme is reserved.<\/p>\n<p><strong>In case of cancellation of the event on the actual day of the race due to extreme weather conditions (fog, strong winds, etc.) the organizer reserves the right NOT\u00a0TO refund the ticket fee.<\/strong><\/p>\n<p><strong>Tickets will be refunded only in case\u00a0the event is cancelled long time in advance in response to adverse climate conditions\u00a0(ex. lack of snow).<\/strong><\/p>\n<p>All visitors shall respect the <a href=\"https:\/\/biathlonnmnm.yashicadev.cz\/navstevni-rad\/\">Visitor rules of the Vyso\u010dina Arena<\/a>.<\/p>\n<h4><\/h4>\n<h4>Accreditation office \/ Logistic centre<\/h4>\n<p>Parking cards allowing for drive-in onto designated parking areas along the Vlachovick\u00e1 street will be distributed via the World Cup Logistics centre inside the Kulturn\u00ed d\u016fm (Cultural house) in Nov\u00e9 M\u011bsto na Morav\u011b.<\/p>\n<h5>Cultural house\u00a0Nov\u00e9 M\u011bsto na Morav\u011b<\/h5>\n<p><a class=\"nofancybox\" href=\"https:\/\/biathlonnmnm.yashicadev.cz\/wp-content\/uploads\/2016\/11\/foto_akreditace.jpg\" target=\"_blank\" rel=\"noopener noreferrer\"><img decoding=\"async\" loading=\"lazy\" src=\"https:\/\/biathlonnmnm.yashicadev.cz\/wp-content\/uploads\/2016\/11\/foto_akreditace.jpg\" alt=\"Kulturn\u00ed d\u016fm Nov\u00e9 M\u011bsto na Morav\u011b\" width=\"100%\" height=\"auto\" \/><\/a><\/p>\n<p><a class=\"nofancybox\" href=\"https:\/\/biathlonnmnm.yashicadev.cz\/wp-content\/uploads\/2016\/11\/obr_189-2048-2048.jpg\" target=\"_blank\" rel=\"noopener noreferrer\"><img decoding=\"async\" loading=\"lazy\" src=\"https:\/\/biathlonnmnm.yashicadev.cz\/wp-content\/uploads\/2016\/11\/obr_189-2048-2048.jpg\" alt=\"Kulturn\u00ed d\u016fm Nov\u00e9 m\u011bsto na Morav\u011b\" width=\"100%\" height=\"auto\" \/><\/a><\/p>\n<h5>Opening hours of the Logistics centre<\/h5>\n<table style=\"width: 400px;\">\n<tbody>\n<tr style=\"background-color: #023850;\">\n<th style=\"color: white;\">Day<\/th>\n<th style=\"color: white;\">Date<\/th>\n<th style=\"color: white;\">Time<\/th>\n<\/tr>\n<tr>\n<td>Monday<\/td>\n<td>27.2.2023<\/td>\n<td>14:00 &#8211; 19:00<\/td>\n<\/tr>\n<tr>\n<td>Tuesday<\/td>\n<td>28.2.2023<\/td>\n<td>09:00 &#8211; 19:00<\/td>\n<\/tr>\n<tr>\n<td>Wednesday<\/td>\n<td>1.3.2023<\/td>\n<td>09:00 &#8211; 18:00<\/td>\n<\/tr>\n<tr>\n<td>Thursday<\/td>\n<td>2.3.2023<\/td>\n<td>10:00 &#8211; 18:00<\/td>\n<\/tr>\n<tr>\n<td>Friday<\/td>\n<td>3.3.2023<\/td>\n<td>10:00 &#8211; 18:00<\/td>\n<\/tr>\n<tr>\n<td>Saturday<\/td>\n<td>4.3.2023<\/td>\n<td>09:00 &#8211; 18:00<\/td>\n<\/tr>\n<tr>\n<td>Sunday<\/td>\n<td>5.3.2023<\/td>\n<td>08:00 &#8211; 14:30<\/td>\n<\/tr>\n<\/tbody>\n<\/table>\n<h4>Parking<\/h4>\n<ul>\n<li>Parking on VIP reserved areas as well as driving into other restricted areas is allowed only with a valid parking card. The parking area designated for VIP guests is situated by the Vlachovick\u00e1 road, within walking distance from the Vyso\u010dina Arena. The parking area is marked on the plan in yellow colour with the P4 signage.<\/li>\n<li>Parking cards will be distributed via the World Cup Logistics centre inside the Kulturn\u00ed d\u016fm (Cultural house) in Nov\u00e9 M\u011bsto na Morav\u011b after presenting a valid VIP ticket. The parking cards are performed as stickers, are signed with the tag of the respected parking area and also indicate the date of validity. The parking cards must be stuck to the windscreen prior to entering all zones with restricted traffic (no entry zone on the Vlachovick\u00e1 road) and shall not be transferred. Location of the parking place as well as the areas with restricted traffic is marked on the attached plans.<\/li>\n<\/ul>\n<p><a class=\"nofancybox\" href=\"https:\/\/biathlonnmnm.yashicadev.cz\/wp-content\/uploads\/2016\/11\/NMNM_WC2018_parking_entry_plan.jpg\" target=\"_blank\" rel=\"noopener noreferrer\"><img decoding=\"async\" loading=\"lazy\" src=\"https:\/\/biathlonnmnm.yashicadev.cz\/wp-content\/uploads\/2016\/11\/NMNM_WC2018_parking_entry_plan.jpg\" alt=\"Parkov\u00e1n\u00ed a p\u0159\u00edchod\" width=\"100%\" height=\"auto\" \/><\/a><\/p>\n<h4>Entry into the Vyso\u010dina Arena<\/h4>\n<p>Z parkovac\u00ed plochy na ulici Vlachovick\u00e1 (\u017elut\u00e1 P4) je vstup zaji\u0161t\u011bn hlavn\u00edm turniketem do Vyso\u010dina Areny. Opr\u00e1vn\u011bn\u00ed vstupu je kontrolov\u00e1no na\u010dten\u00edm k\u00f3du va\u0161\u00ed VIP vstupenky.<\/p>\n<p><a class=\"nofancybox\" href=\"https:\/\/biathlonnmnm.yashicadev.cz\/wp-content\/uploads\/2016\/11\/obr_203-750-1066-2048-2048.png\" target=\"_blank\" rel=\"noopener noreferrer\"><img decoding=\"async\" loading=\"lazy\" src=\"https:\/\/biathlonnmnm.yashicadev.cz\/wp-content\/uploads\/2016\/11\/obr_203-750-1066-2048-2048.png\" alt=\"P\u0159\u00edchod od parkovi\u0161t\u011b\" width=\"100%\" height=\"auto\" \/><\/a><\/p>\n<h4>VIP zone \/ Stands C \/ VIP tent<\/h4>\n<p>VIP zone is located on grandstands C, please follow the VIP \/ stands C signage. The VIP accreditation allows for repeated entry to the VIP tent and the dedicated stands C as well as repeated entry in &amp; out of the arena. Except for the last exit of the VIP zone on the day, all entries must be registered by scanning the barcode of the ticket.<\/p>\n<p><strong>VIP tent opens 2 hours before the start of the first race and closes one hour after the last race of the day.<\/strong><\/p>\n<p><a class=\"nofancybox\" href=\"https:\/\/biathlonnmnm.yashicadev.cz\/wp-content\/uploads\/2016\/11\/arena_sektory_vizualizace.jpg\" target=\"_blank\" rel=\"noopener noreferrer\"><img decoding=\"async\" loading=\"lazy\" class=\"alignleft wp-image-286\" src=\"https:\/\/biathlonnmnm.yashicadev.cz\/wp-content\/uploads\/2016\/11\/arena_sektory_vizualizace.jpg\" width=\"100%\" height=\"auto\" \/><\/a><\/p>\n<p><a class=\"nofancybox\" href=\"https:\/\/biathlonnmnm.yashicadev.cz\/wp-content\/uploads\/2016\/11\/SP-2018-NMNM-VIP-zone.jpg\" target=\"_blank\" rel=\"noopener noreferrer\"><img decoding=\"async\" loading=\"lazy\" src=\"https:\/\/biathlonnmnm.yashicadev.cz\/wp-content\/uploads\/2016\/11\/SP-2018-NMNM-VIP-zone.jpg\" alt=\"VIP sektor\" width=\"100%\" height=\"auto\" \/><\/a><\/p>\n","protected":false},"excerpt":{"rendered":"<p>VIP\u00a0TICKETS Dear VIP guests, we greatly appreciate your respect for biathlon and this important biathlon competition, which again hosts the Vyso\u010dina Arena in Nov\u00e9 M\u011bsto na Morav\u011b. Our goal is to create the best possible conditions for you to enjoy the sporting achievements of the world\u2019s best biathletes. Owning the VIP ticket offers you the [&hellip;]<\/p>\n","protected":false},"author":8,"featured_media":0,"parent":246,"menu_order":2,"comment_status":"closed","ping_status":"closed","template":"","meta":[],"yst_prominent_words":[],"yoast_head":"<!-- This site is optimized with the Yoast SEO Premium plugin v14.1 - https:\/\/yoast.com\/wordpress\/plugins\/seo\/ -->\n<meta name=\"robots\" content=\"noindex, follow\" \/>\n<meta property=\"og:locale\" content=\"en_US\" \/>\n<meta property=\"og:type\" content=\"article\" \/>\n<meta property=\"og:title\" content=\"VIP TICKETS - BMW IBU Sv\u011btov\u00fd poh\u00e1r v biatlonu NMNM 2020\" \/>\n<meta property=\"og:description\" content=\"VIP\u00a0TICKETS Dear VIP guests, we greatly appreciate your respect for biathlon and this important biathlon competition, which again hosts the Vyso\u010dina Arena in Nov\u00e9 M\u011bsto na Morav\u011b. Our goal is to create the best possible conditions for you to enjoy the sporting achievements of the world\u2019s best biathletes. Owning the VIP ticket offers you the [&hellip;]\" \/>\n<meta property=\"og:url\" content=\"https:\/\/biathlonnmnm.yashicadev.cz\/en\/tickets-stadium-stadium\/vip\/\" \/>\n<meta property=\"og:site_name\" content=\"BMW IBU Sv\u011btov\u00fd poh\u00e1r v biatlonu NMNM 2020\" \/>\n<meta property=\"article:modified_time\" content=\"2022-09-02T15:26:03+00:00\" \/>\n<meta property=\"og:image\" content=\"https:\/\/biathlonnmnm.yashicadev.cz\/wp-content\/uploads\/2018\/10\/logo_ticketlive-e1540466269191.png\" \/>\n<meta name=\"twitter:card\" content=\"summary_large_image\" \/>\n<script type=\"application\/ld+json\" class=\"yoast-schema-graph\">{\"@context\":\"https:\/\/schema.org\",\"@graph\":[{\"@type\":\"WebSite\",\"@id\":\"https:\/\/biathlonnmnm.yashicadev.cz\/en\/#website\",\"url\":\"https:\/\/biathlonnmnm.yashicadev.cz\/en\/\",\"name\":\"BMW IBU Sv\\u011btov\\u00fd poh\\u00e1r v biatlonu NMNM 2020\",\"description\":\"SP v biatlonu NMNM 5. - 8. 3. 2020\",\"potentialAction\":[{\"@type\":\"SearchAction\",\"target\":\"https:\/\/biathlonnmnm.yashicadev.cz\/en\/?s={search_term_string}\",\"query-input\":\"required name=search_term_string\"}],\"inLanguage\":\"en-US\"},{\"@type\":\"ImageObject\",\"@id\":\"https:\/\/biathlonnmnm.yashicadev.cz\/en\/tickets-stadium-stadium\/vip\/#primaryimage\",\"inLanguage\":\"en-US\",\"url\":\"https:\/\/biathlonnmnm.yashicadev.cz\/wp-content\/uploads\/2018\/10\/logo_ticketlive-e1540466269191.png\"},{\"@type\":\"WebPage\",\"@id\":\"https:\/\/biathlonnmnm.yashicadev.cz\/en\/tickets-stadium-stadium\/vip\/#webpage\",\"url\":\"https:\/\/biathlonnmnm.yashicadev.cz\/en\/tickets-stadium-stadium\/vip\/\",\"name\":\"VIP TICKETS - BMW IBU Sv\\u011btov\\u00fd poh\\u00e1r v biatlonu NMNM 2020\",\"isPartOf\":{\"@id\":\"https:\/\/biathlonnmnm.yashicadev.cz\/en\/#website\"},\"primaryImageOfPage\":{\"@id\":\"https:\/\/biathlonnmnm.yashicadev.cz\/en\/tickets-stadium-stadium\/vip\/#primaryimage\"},\"datePublished\":\"2016-11-15T14:08:35+00:00\",\"dateModified\":\"2022-09-02T15:26:03+00:00\",\"inLanguage\":\"en-US\",\"potentialAction\":[{\"@type\":\"ReadAction\",\"target\":[\"https:\/\/biathlonnmnm.yashicadev.cz\/en\/tickets-stadium-stadium\/vip\/\"]}]}]}<\/script>\n<!-- \/ Yoast SEO Premium plugin. -->","_links":{"self":[{"href":"https:\/\/biathlonnmnm.yashicadev.cz\/en\/wp-json\/wp\/v2\/pages\/239"}],"collection":[{"href":"https:\/\/biathlonnmnm.yashicadev.cz\/en\/wp-json\/wp\/v2\/pages"}],"about":[{"href":"https:\/\/biathlonnmnm.yashicadev.cz\/en\/wp-json\/wp\/v2\/types\/page"}],"author":[{"embeddable":true,"href":"https:\/\/biathlonnmnm.yashicadev.cz\/en\/wp-json\/wp\/v2\/users\/8"}],"replies":[{"embeddable":true,"href":"https:\/\/biathlonnmnm.yashicadev.cz\/en\/wp-json\/wp\/v2\/comments?post=239"}],"version-history":[{"count":22,"href":"https:\/\/biathlonnmnm.yashicadev.cz\/en\/wp-json\/wp\/v2\/pages\/239\/revisions"}],"predecessor-version":[{"id":6123,"href":"https:\/\/biathlonnmnm.yashicadev.cz\/en\/wp-json\/wp\/v2\/pages\/239\/revisions\/6123"}],"up":[{"embeddable":true,"href":"https:\/\/biathlonnmnm.yashicadev.cz\/en\/wp-json\/wp\/v2\/pages\/246"}],"wp:attachment":[{"href":"https:\/\/biathlonnmnm.yashicadev.cz\/en\/wp-json\/wp\/v2\/media?parent=239"}],"wp:term":[{"taxonomy":"yst_prominent_words","embeddable":true,"href":"https:\/\/biathlonnmnm.yashicadev.cz\/en\/wp-json\/wp\/v2\/yst_prominent_words?post=239"}],"curies":[{"name":"wp","href":"https:\/\/api.w.org\/{rel}","templated":true}]}}