{"id":246,"date":"2016-11-15T14:16:36","date_gmt":"2016-11-15T14:16:36","guid":{"rendered":"https:\/\/biathlonnmnm.yashicadev.cz\/en\/?page_id=246"},"modified":"2023-09-01T20:41:42","modified_gmt":"2023-09-01T20:41:42","slug":"tickets","status":"publish","type":"page","link":"https:\/\/biathlonnmnm.yashicadev.cz\/en\/tickets\/","title":{"rendered":"Tickets"},"content":{"rendered":"\n<p>Nov\u00e9 M\u011bsto na Morav\u011b will host the BMW IBU World Championships Biathlon from 7 to 18 February 2024. Secure your tickets early and be there!<\/p>\n\n\n\n<h2>Ticket types<\/h2>\n\n\n\n<ul>\n<li><a rel=\"noreferrer noopener\" href=\"https:\/\/biathlonnmnm.enigoo.cz\/app\/msbiathlon2024nmnmpass\" target=\"_blank\"><strong>Championships Pass<\/strong><\/a><strong>: <\/strong>For the biggest biathlon Gourmets, guarantees entry to all 9 competition days of the World Championships.<\/li>\n\n\n\n<li><a href=\"https:\/\/biathlonnmnm.enigoo.cz\/app\/msbiathlon2024nmnmpackage\"><strong>Packages<\/strong><\/a><strong>: <\/strong>For those who wish to enjoy a biathlon weekend or even a whole competition week.<\/li>\n\n\n\n<li><a rel=\"noreferrer noopener\" href=\"https:\/\/biathlonnmnm.enigoo.cz\/app\/msbiathlon2024nmnmsingl\" target=\"_blank\"><strong>One-day tickets<\/strong><\/a><strong>: <\/strong>For those who want to watch a specific competition(s). Most of the one-day tickets are already on sale. We plan to release the remaining tickets later depending on the number of packages sold.<\/li>\n<\/ul>\n\n\n\n<div class=\"is-layout-flex wp-block-buttons\">\n<div class=\"wp-block-button has-custom-font-size has-small-font-size\"><a class=\"wp-block-button__link has-text-color wp-element-button\" href=\"https:\/\/biathlonnmnm.enigoo.cz\/app\/msbiathlon2024nmnmpackage\" style=\"border-radius:0px;color:#d1a34c\" target=\"_blank\" rel=\"noreferrer noopener\"><strong>PACKAGES<\/strong><\/a><\/div>\n\n\n\n<div class=\"wp-block-button has-custom-font-size has-small-font-size\"><a class=\"wp-block-button__link has-text-color wp-element-button\" href=\"https:\/\/biathlonnmnm.enigoo.cz\/app\/msbiathlon2024nmnmpass\" style=\"border-radius:0px;color:#d1a34c\" target=\"_blank\" rel=\"noreferrer noopener\"><strong>CHAMPIONSHIPS PASS<\/strong><\/a><\/div>\n\n\n\n<div class=\"wp-block-button has-custom-font-size has-small-font-size\"><a class=\"wp-block-button__link has-text-color wp-element-button\" href=\"https:\/\/biathlonnmnm.enigoo.cz\/app\/msbiathlon2024nmnmsingl\" style=\"border-radius:0px;color:#d1a34c\" target=\"_blank\" rel=\"noreferrer noopener\"><strong>ONE-DAY TICKETS<\/strong><\/a><\/div>\n\n\n\n<div class=\"wp-block-button has-custom-font-size has-small-font-size\"><a class=\"wp-block-button__link has-text-color wp-element-button\" href=\"https:\/\/biathlonnmnm.enigoo.cz\/app\/msbiathlon2024nmnmvip\" style=\"border-radius:0px;color:#d1a34c\" target=\"_blank\" rel=\"noreferrer noopener\"><strong>VIP<\/strong><\/a><\/div>\n<\/div>\n\n\n\n<p><\/p>\n\n\n\n<h2>Which sector to choose?<\/h2>\n\n\n\n<ul>\n<li><strong>Grandstands B, C and D: <\/strong>From here you will have a perfect overview of the stadium. You will have the shooting range, the start and the finish line in the palm of your hand. You will also get the first-hand experience of the legendary thunderous atmosphere of the Vyso\u010dina Arena.<\/li>\n\n\n\n<li><strong>Grandstands E1 and E2: <\/strong>Here you will also be an inseparable part of the legendary Nov\u00e9 M\u011bsto cauldron. You will see the biathletes skiing through the stadium, you will see the shooting in detail on the giant screens. In addition, the E1 stands will be newly built as permanent and will offer much more comfortable facilities.<\/li>\n\n\n\n<li><strong>Grandstands F1, F2 and G: <\/strong>Steep climb towards the tunnels (G) and above the tunnels (F1 and F2) towards the TV split time. The most challenging part of the course where the biathletes need your loud support the most.<\/li>\n\n\n\n<li><strong>Grandstands H: <\/strong>The final climb towards the stadium. With the newly designed grandstands layout, you will be now able to witness decisive gold medal battles from super close distance.<\/li>\n\n\n\n<li>There will be big screens showing the race action in front of all the spectator sectors to make sure you don\u2019t miss a single moment of each competition.<\/li>\n<\/ul>\n\n\n\n<p><em>We changed the order of the grandstands marking in the stadium so that they go naturally in alphabetical order. The original grandstands A is now grandstands C, the original grandstands C is now grandstands A (VIP).<\/em><\/p>\n\n\n\n<figure class=\"wp-block-image size-large\"><img decoding=\"async\" loading=\"lazy\" width=\"1024\" height=\"576\" src=\"http:\/\/biathlonnmnm.yashicadev.cz\/wp-content\/uploads\/2023\/05\/plan_tribuny_2023-1024x576.jpg\" alt=\"\" class=\"wp-image-7408\" srcset=\"https:\/\/biathlonnmnm.yashicadev.cz\/wp-content\/uploads\/2023\/05\/plan_tribuny_2023-1024x576.jpg 1024w, https:\/\/biathlonnmnm.yashicadev.cz\/wp-content\/uploads\/2023\/05\/plan_tribuny_2023-300x169.jpg 300w, https:\/\/biathlonnmnm.yashicadev.cz\/wp-content\/uploads\/2023\/05\/plan_tribuny_2023-768x432.jpg 768w, https:\/\/biathlonnmnm.yashicadev.cz\/wp-content\/uploads\/2023\/05\/plan_tribuny_2023-1536x864.jpg 1536w, https:\/\/biathlonnmnm.yashicadev.cz\/wp-content\/uploads\/2023\/05\/plan_tribuny_2023-85x48.jpg 85w, https:\/\/biathlonnmnm.yashicadev.cz\/wp-content\/uploads\/2023\/05\/plan_tribuny_2023-1700x956.jpg 1700w, https:\/\/biathlonnmnm.yashicadev.cz\/wp-content\/uploads\/2023\/05\/plan_tribuny_2023.jpg 1920w\" sizes=\"(max-width: 1024px) 100vw, 1024px\" \/><\/figure>\n\n\n\n<h2>Special tickets<\/h2>\n\n\n\n<ul>\n<li><strong>Children up to 120 cm <\/strong>have a ticket for 1 CZK. Valid for all sectors except VIP. When buying tickets, just switch from &#8220;Basic admission&#8221; to &#8220;Child up to 120 cm&#8221; in the basket of the selected ticket. Each child needs to be accompanied by one adult for security reasons.&nbsp;&nbsp;<\/li>\n\n\n\n<li><strong>Holders of ZTP\/P (disabled persons with guide) cards <\/strong>buy their tickets for the regular price + they have the right to get a free ticket for their guide. Wheelchair users can use the wheelchair accessible platform on grandstands D. These places are marked with a wheelchair symbol in the sales application and are limited in number.<\/li>\n<\/ul>\n\n\n\n<h2>VIP tickets<\/h2>\n\n\n\n<ul>\n<li>One of the largest sporting events in the history of the Czech Republic is a great opportunity for social or business meetings.<\/li>\n\n\n\n<li>Throughout the event you will have access to a heated VIP tent with first-class catering and a free selection of alcoholic and non-alcoholic beverages.<\/li>\n\n\n\n<li>You can follow the competitions from the adjacent Grandstand A (VIP) with a perfect view of the entire stadium and the shooting range.<\/li>\n\n\n\n<li>Children up to 3 years of age (inclusive) are admitted free of charge without any seat entitlement.<\/li>\n\n\n\n<li><a href=\"https:\/\/biathlonnmnm.enigoo.cz\/app\/msbiathlon2024nmnmvip\">VIP season tickets for the entire championship<\/a>, <a href=\"https:\/\/biathlonnmnm.enigoo.cz\/app\/msbiathlon2024nmnmvip\">multi-day VIP packages<\/a> and <a href=\"https:\/\/biathlonnmnm.enigoo.cz\/app\/msbiathlon2024nmnmvip\">one-day VIP tickets<\/a> are available.<\/li>\n<\/ul>\n\n\n\n<h2>Ticket information<\/h2>\n\n\n\n<ul>\n<li>The tickets for the BMW IBU World Championships 2024 are sold in cooperation with the Enigoo company. We recommend you to buy the tickets solely through the links published on the official event\u2019s website biathlonnmnm.cz.<\/li>\n\n\n\n<li>The organizer reserves the right not to refund the entry fee in case the competition day gets cancelled in short notice due to extreme weather conditions (fog, strong wind, etc.).<\/li>\n\n\n\n<li>Entry fees will only be refunded if the competition is cancelled long time before the scheduled date due to adverse weather conditions (e.g. lack of snow).<\/li>\n<\/ul>\n\n\n\n<p>For any outstanding questions about the WCH tickets, please email info@enigoo.cz or call the Enigoo customer line +420 461 049 232.<\/p>\n","protected":false},"excerpt":{"rendered":"<p>Nov\u00e9 M\u011bsto na Morav\u011b will host the BMW IBU World Championships Biathlon from 7 to 18 February 2024. Secure your tickets early and be there! Ticket types Which sector to choose? We changed the order of the grandstands marking in the stadium so that they go naturally in alphabetical order. The original grandstands A is [&hellip;]<\/p>\n","protected":false},"author":8,"featured_media":0,"parent":0,"menu_order":36,"comment_status":"closed","ping_status":"closed","template":"","meta":[],"yst_prominent_words":[],"yoast_head":"<!-- This site is optimized with the Yoast SEO Premium plugin v14.1 - https:\/\/yoast.com\/wordpress\/plugins\/seo\/ -->\n<meta name=\"robots\" content=\"noindex, follow\" \/>\n<meta property=\"og:locale\" content=\"en_US\" \/>\n<meta property=\"og:type\" content=\"article\" \/>\n<meta property=\"og:title\" content=\"Tickets - BMW IBU Sv\u011btov\u00fd poh\u00e1r v biatlonu NMNM 2020\" \/>\n<meta property=\"og:description\" content=\"Nov\u00e9 M\u011bsto na Morav\u011b will host the BMW IBU World Championships Biathlon from 7 to 18 February 2024. Secure your tickets early and be there! Ticket types Which sector to choose? We changed the order of the grandstands marking in the stadium so that they go naturally in alphabetical order. The original grandstands A is [&hellip;]\" \/>\n<meta property=\"og:url\" content=\"https:\/\/biathlonnmnm.yashicadev.cz\/en\/tickets\/\" \/>\n<meta property=\"og:site_name\" content=\"BMW IBU Sv\u011btov\u00fd poh\u00e1r v biatlonu NMNM 2020\" \/>\n<meta property=\"article:modified_time\" content=\"2023-09-01T20:41:42+00:00\" \/>\n<meta property=\"og:image\" content=\"http:\/\/biathlonnmnm.yashicadev.cz\/wp-content\/uploads\/2023\/05\/plan_tribuny_2023-1024x576.jpg\" \/>\n<meta name=\"twitter:card\" content=\"summary_large_image\" \/>\n<script type=\"application\/ld+json\" class=\"yoast-schema-graph\">{\"@context\":\"https:\/\/schema.org\",\"@graph\":[{\"@type\":\"WebSite\",\"@id\":\"https:\/\/biathlonnmnm.yashicadev.cz\/en\/#website\",\"url\":\"https:\/\/biathlonnmnm.yashicadev.cz\/en\/\",\"name\":\"BMW IBU Sv\\u011btov\\u00fd poh\\u00e1r v biatlonu NMNM 2020\",\"description\":\"SP v biatlonu NMNM 5. - 8. 3. 2020\",\"potentialAction\":[{\"@type\":\"SearchAction\",\"target\":\"https:\/\/biathlonnmnm.yashicadev.cz\/en\/?s={search_term_string}\",\"query-input\":\"required name=search_term_string\"}],\"inLanguage\":\"en-US\"},{\"@type\":\"ImageObject\",\"@id\":\"https:\/\/biathlonnmnm.yashicadev.cz\/en\/tickets\/#primaryimage\",\"inLanguage\":\"en-US\",\"url\":\"http:\/\/biathlonnmnm.yashicadev.cz\/wp-content\/uploads\/2023\/05\/plan_tribuny_2023-1024x576.jpg\"},{\"@type\":\"WebPage\",\"@id\":\"https:\/\/biathlonnmnm.yashicadev.cz\/en\/tickets\/#webpage\",\"url\":\"https:\/\/biathlonnmnm.yashicadev.cz\/en\/tickets\/\",\"name\":\"Tickets - BMW IBU Sv\\u011btov\\u00fd poh\\u00e1r v biatlonu NMNM 2020\",\"isPartOf\":{\"@id\":\"https:\/\/biathlonnmnm.yashicadev.cz\/en\/#website\"},\"primaryImageOfPage\":{\"@id\":\"https:\/\/biathlonnmnm.yashicadev.cz\/en\/tickets\/#primaryimage\"},\"datePublished\":\"2016-11-15T14:16:36+00:00\",\"dateModified\":\"2023-09-01T20:41:42+00:00\",\"inLanguage\":\"en-US\",\"potentialAction\":[{\"@type\":\"ReadAction\",\"target\":[\"https:\/\/biathlonnmnm.yashicadev.cz\/en\/tickets\/\"]}]}]}<\/script>\n<!-- \/ Yoast SEO Premium plugin. -->","_links":{"self":[{"href":"https:\/\/biathlonnmnm.yashicadev.cz\/en\/wp-json\/wp\/v2\/pages\/246"}],"collection":[{"href":"https:\/\/biathlonnmnm.yashicadev.cz\/en\/wp-json\/wp\/v2\/pages"}],"about":[{"href":"https:\/\/biathlonnmnm.yashicadev.cz\/en\/wp-json\/wp\/v2\/types\/page"}],"author":[{"embeddable":true,"href":"https:\/\/biathlonnmnm.yashicadev.cz\/en\/wp-json\/wp\/v2\/users\/8"}],"replies":[{"embeddable":true,"href":"https:\/\/biathlonnmnm.yashicadev.cz\/en\/wp-json\/wp\/v2\/comments?post=246"}],"version-history":[{"count":8,"href":"https:\/\/biathlonnmnm.yashicadev.cz\/en\/wp-json\/wp\/v2\/pages\/246\/revisions"}],"predecessor-version":[{"id":7571,"href":"https:\/\/biathlonnmnm.yashicadev.cz\/en\/wp-json\/wp\/v2\/pages\/246\/revisions\/7571"}],"wp:attachment":[{"href":"https:\/\/biathlonnmnm.yashicadev.cz\/en\/wp-json\/wp\/v2\/media?parent=246"}],"wp:term":[{"taxonomy":"yst_prominent_words","embeddable":true,"href":"https:\/\/biathlonnmnm.yashicadev.cz\/en\/wp-json\/wp\/v2\/yst_prominent_words?post=246"}],"curies":[{"name":"wp","href":"https:\/\/api.w.org\/{rel}","templated":true}]}}