{"id":250,"date":"2016-11-15T13:19:04","date_gmt":"2016-11-15T13:19:04","guid":{"rendered":"https:\/\/biathlonnmnm.yashicadev.cz\/en\/?page_id=250"},"modified":"2023-04-20T11:57:38","modified_gmt":"2023-04-20T11:57:38","slug":"stadium","status":"publish","type":"page","link":"https:\/\/biathlonnmnm.yashicadev.cz\/en\/tickets\/stadium\/","title":{"rendered":"Stadium Tickets"},"content":{"rendered":"\n<p>Fans who have visited previous World Cups in Nov\u00e9 M\u011bsto na Morav\u011b will be able to purchase tickets for the World Championships on a priority basis. They will receive information on priority ticket purchase by e-mail.<\/p>\n\n\n\n<p>The pre-sale of tickets for the World Championships will now take place in cooperation with the Enigoo company. The starting date of the public pre-sale will be published on the biathlonnmnm.cz website in near time.<\/p>\n","protected":false},"excerpt":{"rendered":"<p>Fans who have visited previous World Cups in Nov\u00e9 M\u011bsto na Morav\u011b will be able to purchase tickets for the World Championships on a priority basis. They will receive information on priority ticket purchase by e-mail. The pre-sale of tickets for the World Championships will now take place in cooperation with the Enigoo company. The [&hellip;]<\/p>\n","protected":false},"author":8,"featured_media":0,"parent":246,"menu_order":1,"comment_status":"closed","ping_status":"closed","template":"","meta":[],"yst_prominent_words":[],"yoast_head":"<!-- This site is optimized with the Yoast SEO Premium plugin v14.1 - https:\/\/yoast.com\/wordpress\/plugins\/seo\/ -->\n<meta name=\"robots\" content=\"noindex, follow\" \/>\n<meta property=\"og:locale\" content=\"en_US\" \/>\n<meta property=\"og:type\" content=\"article\" \/>\n<meta property=\"og:title\" content=\"Stadium Tickets - BMW IBU Sv\u011btov\u00fd poh\u00e1r v biatlonu NMNM 2020\" \/>\n<meta property=\"og:description\" content=\"Fans who have visited previous World Cups in Nov\u00e9 M\u011bsto na Morav\u011b will be able to purchase tickets for the World Championships on a priority basis. They will receive information on priority ticket purchase by e-mail. The pre-sale of tickets for the World Championships will now take place in cooperation with the Enigoo company. The [&hellip;]\" \/>\n<meta property=\"og:url\" content=\"https:\/\/biathlonnmnm.yashicadev.cz\/en\/tickets\/stadium\/\" \/>\n<meta property=\"og:site_name\" content=\"BMW IBU Sv\u011btov\u00fd poh\u00e1r v biatlonu NMNM 2020\" \/>\n<meta property=\"article:modified_time\" content=\"2023-04-20T11:57:38+00:00\" \/>\n<meta name=\"twitter:card\" content=\"summary_large_image\" \/>\n<script type=\"application\/ld+json\" class=\"yoast-schema-graph\">{\"@context\":\"https:\/\/schema.org\",\"@graph\":[{\"@type\":\"WebSite\",\"@id\":\"https:\/\/biathlonnmnm.yashicadev.cz\/en\/#website\",\"url\":\"https:\/\/biathlonnmnm.yashicadev.cz\/en\/\",\"name\":\"BMW IBU Sv\\u011btov\\u00fd poh\\u00e1r v biatlonu NMNM 2020\",\"description\":\"SP v biatlonu NMNM 5. - 8. 3. 2020\",\"potentialAction\":[{\"@type\":\"SearchAction\",\"target\":\"https:\/\/biathlonnmnm.yashicadev.cz\/en\/?s={search_term_string}\",\"query-input\":\"required name=search_term_string\"}],\"inLanguage\":\"en-US\"},{\"@type\":\"WebPage\",\"@id\":\"https:\/\/biathlonnmnm.yashicadev.cz\/en\/tickets\/stadium\/#webpage\",\"url\":\"https:\/\/biathlonnmnm.yashicadev.cz\/en\/tickets\/stadium\/\",\"name\":\"Stadium Tickets - BMW IBU Sv\\u011btov\\u00fd poh\\u00e1r v biatlonu NMNM 2020\",\"isPartOf\":{\"@id\":\"https:\/\/biathlonnmnm.yashicadev.cz\/en\/#website\"},\"datePublished\":\"2016-11-15T13:19:04+00:00\",\"dateModified\":\"2023-04-20T11:57:38+00:00\",\"inLanguage\":\"en-US\",\"potentialAction\":[{\"@type\":\"ReadAction\",\"target\":[\"https:\/\/biathlonnmnm.yashicadev.cz\/en\/tickets\/stadium\/\"]}]}]}<\/script>\n<!-- \/ Yoast SEO Premium plugin. -->","_links":{"self":[{"href":"https:\/\/biathlonnmnm.yashicadev.cz\/en\/wp-json\/wp\/v2\/pages\/250"}],"collection":[{"href":"https:\/\/biathlonnmnm.yashicadev.cz\/en\/wp-json\/wp\/v2\/pages"}],"about":[{"href":"https:\/\/biathlonnmnm.yashicadev.cz\/en\/wp-json\/wp\/v2\/types\/page"}],"author":[{"embeddable":true,"href":"https:\/\/biathlonnmnm.yashicadev.cz\/en\/wp-json\/wp\/v2\/users\/8"}],"replies":[{"embeddable":true,"href":"https:\/\/biathlonnmnm.yashicadev.cz\/en\/wp-json\/wp\/v2\/comments?post=250"}],"version-history":[{"count":41,"href":"https:\/\/biathlonnmnm.yashicadev.cz\/en\/wp-json\/wp\/v2\/pages\/250\/revisions"}],"predecessor-version":[{"id":7324,"href":"https:\/\/biathlonnmnm.yashicadev.cz\/en\/wp-json\/wp\/v2\/pages\/250\/revisions\/7324"}],"up":[{"embeddable":true,"href":"https:\/\/biathlonnmnm.yashicadev.cz\/en\/wp-json\/wp\/v2\/pages\/246"}],"wp:attachment":[{"href":"https:\/\/biathlonnmnm.yashicadev.cz\/en\/wp-json\/wp\/v2\/media?parent=250"}],"wp:term":[{"taxonomy":"yst_prominent_words","embeddable":true,"href":"https:\/\/biathlonnmnm.yashicadev.cz\/en\/wp-json\/wp\/v2\/yst_prominent_words?post=250"}],"curies":[{"name":"wp","href":"https:\/\/api.w.org\/{rel}","templated":true}]}}