{"id":252,"date":"2016-11-15T14:40:53","date_gmt":"2016-11-15T14:40:53","guid":{"rendered":"https:\/\/biathlonnmnm.yashicadev.cz\/en\/?page_id=252"},"modified":"2023-02-24T08:45:40","modified_gmt":"2023-02-24T08:45:40","slug":"course","status":"publish","type":"page","link":"https:\/\/biathlonnmnm.yashicadev.cz\/en\/tickets\/course\/","title":{"rendered":"Course tickets"},"content":{"rendered":"<p><strong>Thank you for your interest in the BMW IBU World Cup Biathlon NMNM 2023. Do you who wish to follow the racing along the tracks with maximum comfort, commentary, live TV pictures on the big screen while having the guarantee that every single course goes through the section which you selected to cheer for your favourite biathletes? Then we recommend that you buy a ticket to one of the paid sectors along the tracks.<\/strong><\/p>\n<p>Those of you who want to come and cheer for the world&#8217;s best biathletes while requiring nothing of the above, you can enjoy the WC races for free in one of the so-called&nbsp;&#8220;free sectors&#8221; along the track.<\/p>\n<p>The overview map below features individual course sectors.<\/p>\n<div style=\"overflow-x: auto;\">\n<table style=\"width: 400px;\">\n<tbody>\n<tr style=\"background-color: #023850;\">\n<th style=\"color: white; width: 261px; text-align: left;\">4-day ticket<\/th>\n<th style=\"color: white; width: 136px; text-align: center;\">F1, F2, G<\/th>\n<\/tr>\n<tr>\n<td style=\"width: 261px;\">2. &#8211; 8. 3. 2023 (4 days)<\/td>\n<td style=\"width: 136px; text-align: center;\">600 CZK<\/td>\n<\/tr>\n<\/tbody>\n<\/table>\n<\/div>\n<div style=\"overflow-x: auto;\">\n<table style=\"width: 400px;\">\n<tbody>\n<tr style=\"background-color: #023850;\">\n<th style=\"color: white;\">1-day ticket<\/th>\n<th style=\"color: white; text-align: center;\">Day<\/th>\n<th style=\"color: white;\">F1, F2, G<\/th>\n<\/tr>\n<tr>\n<td>2. 3. 2023<\/td>\n<td style=\"text-align: center;\">Thursday<\/td>\n<td style=\"text-align: center;\">150 CZK<\/td>\n<\/tr>\n<tr>\n<td>3. 3. 2023<\/td>\n<td style=\"text-align: center;\">Friday<\/td>\n<td style=\"text-align: center;\">150 CZK<\/td>\n<\/tr>\n<tr>\n<td>4. 3. 2023<\/td>\n<td style=\"text-align: center;\">Saturday<\/td>\n<td style=\"text-align: center;\">200 CZK<\/td>\n<\/tr>\n<tr>\n<td>5. 3. 2023<\/td>\n<td style=\"text-align: center;\">Sunday<\/td>\n<td style=\"text-align: center;\">200 CZK<\/td>\n<\/tr>\n<\/tbody>\n<\/table>\n<\/div>\n<table style=\"height: 32px; width: 450px; border-collapse: collapse; background-color: #023850;\" border=\"0\">\n<tbody>\n<tr style=\"height: 32px;\">\n<td style=\"width: 42.9835%; height: 32px;\">\n<h4><span style=\"color: #ffffff;\"><a style=\"color: #ffffff;\" href=\"https:\/\/www.ticketlive.cz\/cs\/event\/biatlon-2023\" target=\"_blank\" rel=\"noopener noreferrer\">Buy tickets online<\/a><\/span><\/h4>\n<\/td>\n<td style=\"width: 23.0012%; height: 32px;\"><a href=\"https:\/\/www.ticketlive.cz\/cs\/event\/biatlon-2023\" target=\"_blank\" rel=\"noopener noreferrer\"><img decoding=\"async\" loading=\"lazy\" class=\"alignnone wp-image-2027 size-full\" src=\"https:\/\/biathlonnmnm.yashicadev.cz\/wp-content\/uploads\/2018\/10\/logo_ticketlive-e1540466269191.png\" alt=\"\" width=\"163\" height=\"31\"><\/a><\/td>\n<\/tr>\n<\/tbody>\n<\/table>\n<p>The ticket is only valid for sector, which it has been purchased for!<\/p>\n<p>Exact start times listed <a href=\"https:\/\/biathlonnmnm.yashicadev.cz\/en\/schedule\/wc-programme\/\">the programme section<\/a>. Change of Programme is reserved.<\/p>\n<p><strong>In case of cancellation of the event on the actual day of the race due to extreme weather conditions (fog, strong winds, etc.) the organizer reserves the right NOT&nbsp;TO refund the ticket fee.<\/strong><\/p>\n<p><strong>Tickets will be refunded only in case&nbsp;the event is cancelled long time in advance in response to adverse climate conditions&nbsp;(ex. lack of snow).<\/strong><\/p>\n<p>All visitors shall respect the <a href=\"https:\/\/biathlonnmnm.yashicadev.cz\/navstevni-rad\/\">Visitor rules of the Vyso\u010dina Arena<\/a>.<\/p>\n<p>All children with body height less than 120 cm need to present a <strong>ticket for 0,1 EUR<\/strong>, which shall be registered throught the ticketing system (follow instructions when buying a regular adult ticket).&nbsp;<\/p>\n<h5>&nbsp;<\/h5>\n<h5>Large screens<\/h5>\n<p>Large screens will be placed in the stadium and along the tracks (in paid sectors) so that all spectators have the best overview of the developments and progress of the racing.<\/p>\n\n\n<figure class=\"wp-block-image size-large\"><img decoding=\"async\" loading=\"lazy\" width=\"725\" height=\"1024\" src=\"https:\/\/biathlonnmnm.yashicadev.cz\/wp-content\/uploads\/2023\/02\/NMNM-WC-2023-Vysocina-Arena-CZ-EN-1-725x1024.png\" alt=\"\" class=\"wp-image-6503\" srcset=\"https:\/\/biathlonnmnm.yashicadev.cz\/wp-content\/uploads\/2023\/02\/NMNM-WC-2023-Vysocina-Arena-CZ-EN-1-725x1024.png 725w, https:\/\/biathlonnmnm.yashicadev.cz\/wp-content\/uploads\/2023\/02\/NMNM-WC-2023-Vysocina-Arena-CZ-EN-1-212x300.png 212w, https:\/\/biathlonnmnm.yashicadev.cz\/wp-content\/uploads\/2023\/02\/NMNM-WC-2023-Vysocina-Arena-CZ-EN-1-768x1085.png 768w, https:\/\/biathlonnmnm.yashicadev.cz\/wp-content\/uploads\/2023\/02\/NMNM-WC-2023-Vysocina-Arena-CZ-EN-1-1087x1536.png 1087w, https:\/\/biathlonnmnm.yashicadev.cz\/wp-content\/uploads\/2023\/02\/NMNM-WC-2023-Vysocina-Arena-CZ-EN-1-35x50.png 35w, https:\/\/biathlonnmnm.yashicadev.cz\/wp-content\/uploads\/2023\/02\/NMNM-WC-2023-Vysocina-Arena-CZ-EN-1-1203x1700.png 1203w, https:\/\/biathlonnmnm.yashicadev.cz\/wp-content\/uploads\/2023\/02\/NMNM-WC-2023-Vysocina-Arena-CZ-EN-1.png 1241w\" sizes=\"(max-width: 725px) 100vw, 725px\" \/><\/figure>\n","protected":false},"excerpt":{"rendered":"<p>Thank you for your interest in the BMW IBU World Cup Biathlon NMNM 2023. Do you who wish to follow the racing along the tracks with maximum comfort, commentary, live TV pictures on the big screen while having the guarantee that every single course goes through the section which you selected to cheer for your [&hellip;]<\/p>\n","protected":false},"author":8,"featured_media":0,"parent":246,"menu_order":3,"comment_status":"closed","ping_status":"closed","template":"","meta":[],"yst_prominent_words":[],"yoast_head":"<!-- This site is optimized with the Yoast SEO Premium plugin v14.1 - https:\/\/yoast.com\/wordpress\/plugins\/seo\/ -->\n<meta name=\"robots\" content=\"noindex, follow\" \/>\n<meta property=\"og:locale\" content=\"en_US\" \/>\n<meta property=\"og:type\" content=\"article\" \/>\n<meta property=\"og:title\" content=\"Course tickets - BMW IBU Sv\u011btov\u00fd poh\u00e1r v biatlonu NMNM 2020\" \/>\n<meta property=\"og:description\" content=\"Thank you for your interest in the BMW IBU World Cup Biathlon NMNM 2023. Do you who wish to follow the racing along the tracks with maximum comfort, commentary, live TV pictures on the big screen while having the guarantee that every single course goes through the section which you selected to cheer for your [&hellip;]\" \/>\n<meta property=\"og:url\" content=\"https:\/\/biathlonnmnm.yashicadev.cz\/en\/tickets\/course\/\" \/>\n<meta property=\"og:site_name\" content=\"BMW IBU Sv\u011btov\u00fd poh\u00e1r v biatlonu NMNM 2020\" \/>\n<meta property=\"article:modified_time\" content=\"2023-02-24T08:45:40+00:00\" \/>\n<meta property=\"og:image\" content=\"https:\/\/biathlonnmnm.yashicadev.cz\/wp-content\/uploads\/2018\/10\/logo_ticketlive-e1540466269191.png\" \/>\n<meta name=\"twitter:card\" content=\"summary_large_image\" \/>\n<script type=\"application\/ld+json\" class=\"yoast-schema-graph\">{\"@context\":\"https:\/\/schema.org\",\"@graph\":[{\"@type\":\"WebSite\",\"@id\":\"https:\/\/biathlonnmnm.yashicadev.cz\/en\/#website\",\"url\":\"https:\/\/biathlonnmnm.yashicadev.cz\/en\/\",\"name\":\"BMW IBU Sv\\u011btov\\u00fd poh\\u00e1r v biatlonu NMNM 2020\",\"description\":\"SP v biatlonu NMNM 5. - 8. 3. 2020\",\"potentialAction\":[{\"@type\":\"SearchAction\",\"target\":\"https:\/\/biathlonnmnm.yashicadev.cz\/en\/?s={search_term_string}\",\"query-input\":\"required name=search_term_string\"}],\"inLanguage\":\"en-US\"},{\"@type\":\"ImageObject\",\"@id\":\"https:\/\/biathlonnmnm.yashicadev.cz\/en\/tickets\/course\/#primaryimage\",\"inLanguage\":\"en-US\",\"url\":\"https:\/\/biathlonnmnm.yashicadev.cz\/wp-content\/uploads\/2018\/10\/logo_ticketlive-e1540466269191.png\"},{\"@type\":\"WebPage\",\"@id\":\"https:\/\/biathlonnmnm.yashicadev.cz\/en\/tickets\/course\/#webpage\",\"url\":\"https:\/\/biathlonnmnm.yashicadev.cz\/en\/tickets\/course\/\",\"name\":\"Course tickets - BMW IBU Sv\\u011btov\\u00fd poh\\u00e1r v biatlonu NMNM 2020\",\"isPartOf\":{\"@id\":\"https:\/\/biathlonnmnm.yashicadev.cz\/en\/#website\"},\"primaryImageOfPage\":{\"@id\":\"https:\/\/biathlonnmnm.yashicadev.cz\/en\/tickets\/course\/#primaryimage\"},\"datePublished\":\"2016-11-15T14:40:53+00:00\",\"dateModified\":\"2023-02-24T08:45:40+00:00\",\"inLanguage\":\"en-US\",\"potentialAction\":[{\"@type\":\"ReadAction\",\"target\":[\"https:\/\/biathlonnmnm.yashicadev.cz\/en\/tickets\/course\/\"]}]}]}<\/script>\n<!-- \/ Yoast SEO Premium plugin. -->","_links":{"self":[{"href":"https:\/\/biathlonnmnm.yashicadev.cz\/en\/wp-json\/wp\/v2\/pages\/252"}],"collection":[{"href":"https:\/\/biathlonnmnm.yashicadev.cz\/en\/wp-json\/wp\/v2\/pages"}],"about":[{"href":"https:\/\/biathlonnmnm.yashicadev.cz\/en\/wp-json\/wp\/v2\/types\/page"}],"author":[{"embeddable":true,"href":"https:\/\/biathlonnmnm.yashicadev.cz\/en\/wp-json\/wp\/v2\/users\/8"}],"replies":[{"embeddable":true,"href":"https:\/\/biathlonnmnm.yashicadev.cz\/en\/wp-json\/wp\/v2\/comments?post=252"}],"version-history":[{"count":25,"href":"https:\/\/biathlonnmnm.yashicadev.cz\/en\/wp-json\/wp\/v2\/pages\/252\/revisions"}],"predecessor-version":[{"id":6805,"href":"https:\/\/biathlonnmnm.yashicadev.cz\/en\/wp-json\/wp\/v2\/pages\/252\/revisions\/6805"}],"up":[{"embeddable":true,"href":"https:\/\/biathlonnmnm.yashicadev.cz\/en\/wp-json\/wp\/v2\/pages\/246"}],"wp:attachment":[{"href":"https:\/\/biathlonnmnm.yashicadev.cz\/en\/wp-json\/wp\/v2\/media?parent=252"}],"wp:term":[{"taxonomy":"yst_prominent_words","embeddable":true,"href":"https:\/\/biathlonnmnm.yashicadev.cz\/en\/wp-json\/wp\/v2\/yst_prominent_words?post=252"}],"curies":[{"name":"wp","href":"https:\/\/api.w.org\/{rel}","templated":true}]}}