{"id":254,"date":"2016-11-15T14:21:41","date_gmt":"2016-11-15T14:21:41","guid":{"rendered":"https:\/\/biathlonnmnm.yashicadev.cz\/en\/?page_id=254"},"modified":"2024-01-04T15:28:02","modified_gmt":"2024-01-04T15:28:02","slug":"parking","status":"publish","type":"page","link":"https:\/\/biathlonnmnm.yashicadev.cz\/en\/info-for-visitors\/parking\/","title":{"rendered":"Parking"},"content":{"rendered":"\n<h3>PARKING<\/h3>\n\n\n\n<p><strong>Before approaching the vicinity of the venue, check <a href=\"https:\/\/www.mapujme.cz\/nmnmparking\/map.html\">the current availability of parking spaces<\/a>. Do not attempt to drive onto already occupied areas to avoid unnecessary delays upon arrival at the venue.<\/strong><\/p>\n\n\n\n<p>*****<\/p>\n\n\n\n<h4>Arrival by car<\/h4>\n\n\n\n<p>For regular visitors and spectators, the following parking areas are prepared:<\/p>\n\n\n\n<ul>\n<li><strong>Nov\u00e9 M\u011bsto na Morav\u011b<\/strong>\n<ul>\n<li><strong>In favorable weather conditions<\/strong>, the meadow near the Nov\u00e9 M\u011bsto na Morav\u011b hospital, the meadow near Ji\u0159\u00edkovice, and the meadow in Mar\u0161ovice. In <strong>unfavorable conditions<\/strong>, use the road no. I\/19 &#8211; see <a href=\"https:\/\/biathlonnmnm.yashicadev.cz\/wp-content\/uploads\/2024\/01\/Artboard-1.png\">parking plan below<\/a>.<br><\/li>\n<\/ul>\n<\/li>\n\n\n\n<li><strong>\u017d\u010f\u00e1r nad S\u00e1zavou<\/strong>\n<ul>\n<li>(reserved parking at the sports hall and in the speed skating area, free parking in municipal parking lots; (<em><strong>in case of unfavorable conditions, parking on Novom\u011bstsk\u00e1 street will also be allowed<\/strong><\/em>) &#8211; see ZR <a href=\"https:\/\/biathlonnmnm.yashicadev.cz\/wp-content\/uploads\/2024\/01\/Artboard-1-2.png\">parking plan<\/a> below.<\/li>\n<\/ul>\n<\/li>\n<\/ul>\n\n\n\n<p><\/p>\n\n\n\n<p><em>* All parking areas in NMNM are within walking distance to the stadium. Parking areas in \u017d\u010f\u00e1r are within walking distance to shuttle bus stops. In the case of the wet weather option with parking on road no. I\/19 in Nov\u00e9 M\u011bsto na Morav\u011b and Novom\u011bstsk\u00e1 street in \u017d\u010f\u00e1r nad S\u00e1zavou, shuttle transport will be provided to the Nov\u00e9 M\u011bsto na Morav\u011b hospital.&nbsp;<\/em><\/p>\n\n\n\n<p><\/p>\n\n\n\n<h4>Bus Transportation for Fans<\/h4>\n\n\n\n<p>For those of you utilizing travel agency offerings or traveling to the World Championships by organized bus, a parking lot for FAN BUSES will be available in Mar\u0161ovice at the JCZ \/ Moreau Agri area or on Nezvalova street near the Nov\u00e9 M\u011bsto na Morav\u011b train station.<\/p>\n\n\n\n<p><\/p>\n\n\n\n<h4>Arrival of Guests<\/h4>\n\n\n\n<p>If you have received an invitation from the organizers for a personal viewing of the competitions and participation in the World Cup, your journey must first lead to accreditation. The accreditation office is located in the logistics center \u2013 Cultural House Nov\u00e9 M\u011bsto na Morav\u011b. Here, you will receive accreditation and a parking card, allowing you to park in reserved parking areas near the Vyso\u010dina venue \u2013 Vlachovick\u00e1 street.<\/p>\n\n\n\n<p><\/p>\n\n\n\n<h4>Parking in Favorable Weather Conditions &#8211; frozen meadows<\/h4>\n\n\n\n<p>In case of favorable weather conditions, we will use the grassy area above the Nov\u00e9 M\u011bsto na Morav\u011b hospital, \u017d\u010f\u00e1rsk\u00e1 street, for parking. You will be informed about parking options through mobile traffic signs and guided by organizers. However, we can confirm this parking option only in clear weather conditions in the last days before the World Cup.<\/p>\n\n\n\n<p><\/p>\n\n\n\n<h4><img decoding=\"async\" loading=\"lazy\" src=\"https:\/\/biathlonnmnm.yashicadev.cz\/wp-content\/uploads\/2024\/01\/Artboard-1.png\" alt=\"\" width=\"709\" height=\"972\"><\/h4>\n\n\n\n<figure class=\"wp-block-image\"><img decoding=\"async\" loading=\"lazy\" width=\"851\" height=\"1020\" src=\"https:\/\/biathlonnmnm.yashicadev.cz\/wp-content\/uploads\/2024\/01\/Artboard-1-2.png\" alt=\"\" class=\"wp-image-7739\" srcset=\"https:\/\/biathlonnmnm.yashicadev.cz\/wp-content\/uploads\/2024\/01\/Artboard-1-2.png 851w, https:\/\/biathlonnmnm.yashicadev.cz\/wp-content\/uploads\/2024\/01\/Artboard-1-2-250x300.png 250w, https:\/\/biathlonnmnm.yashicadev.cz\/wp-content\/uploads\/2024\/01\/Artboard-1-2-768x921.png 768w, https:\/\/biathlonnmnm.yashicadev.cz\/wp-content\/uploads\/2024\/01\/Artboard-1-2-42x50.png 42w\" sizes=\"(max-width: 851px) 100vw, 851px\" \/><\/figure>\n","protected":false},"excerpt":{"rendered":"<p>PARKING Before approaching the vicinity of the venue, check the current availability of parking spaces. Do not attempt to drive onto already occupied areas to avoid unnecessary delays upon arrival at the venue. ***** Arrival by car For regular visitors and spectators, the following parking areas are prepared: * All parking areas in NMNM are [&hellip;]<\/p>\n","protected":false},"author":8,"featured_media":0,"parent":248,"menu_order":2,"comment_status":"closed","ping_status":"closed","template":"","meta":[],"yst_prominent_words":[],"yoast_head":"<!-- This site is optimized with the Yoast SEO Premium plugin v14.1 - https:\/\/yoast.com\/wordpress\/plugins\/seo\/ -->\n<meta name=\"robots\" content=\"noindex, follow\" \/>\n<meta property=\"og:locale\" content=\"en_US\" \/>\n<meta property=\"og:type\" content=\"article\" \/>\n<meta property=\"og:title\" content=\"Parking - BMW IBU Sv\u011btov\u00fd poh\u00e1r v biatlonu NMNM 2020\" \/>\n<meta property=\"og:description\" content=\"PARKING Before approaching the vicinity of the venue, check the current availability of parking spaces. Do not attempt to drive onto already occupied areas to avoid unnecessary delays upon arrival at the venue. ***** Arrival by car For regular visitors and spectators, the following parking areas are prepared: * All parking areas in NMNM are [&hellip;]\" \/>\n<meta property=\"og:url\" content=\"https:\/\/biathlonnmnm.yashicadev.cz\/en\/info-for-visitors\/parking\/\" \/>\n<meta property=\"og:site_name\" content=\"BMW IBU Sv\u011btov\u00fd poh\u00e1r v biatlonu NMNM 2020\" \/>\n<meta property=\"article:modified_time\" content=\"2024-01-04T15:28:02+00:00\" \/>\n<meta property=\"og:image\" content=\"https:\/\/biathlonnmnm.yashicadev.cz\/wp-content\/uploads\/2024\/01\/Artboard-1.png\" \/>\n<meta name=\"twitter:card\" content=\"summary_large_image\" \/>\n<script type=\"application\/ld+json\" class=\"yoast-schema-graph\">{\"@context\":\"https:\/\/schema.org\",\"@graph\":[{\"@type\":\"WebSite\",\"@id\":\"https:\/\/biathlonnmnm.yashicadev.cz\/en\/#website\",\"url\":\"https:\/\/biathlonnmnm.yashicadev.cz\/en\/\",\"name\":\"BMW IBU Sv\\u011btov\\u00fd poh\\u00e1r v biatlonu NMNM 2020\",\"description\":\"SP v biatlonu NMNM 5. - 8. 3. 2020\",\"potentialAction\":[{\"@type\":\"SearchAction\",\"target\":\"https:\/\/biathlonnmnm.yashicadev.cz\/en\/?s={search_term_string}\",\"query-input\":\"required name=search_term_string\"}],\"inLanguage\":\"en-US\"},{\"@type\":\"ImageObject\",\"@id\":\"https:\/\/biathlonnmnm.yashicadev.cz\/en\/info-for-visitors\/parking\/#primaryimage\",\"inLanguage\":\"en-US\",\"url\":\"https:\/\/biathlonnmnm.yashicadev.cz\/wp-content\/uploads\/2024\/01\/Artboard-1.png\"},{\"@type\":\"WebPage\",\"@id\":\"https:\/\/biathlonnmnm.yashicadev.cz\/en\/info-for-visitors\/parking\/#webpage\",\"url\":\"https:\/\/biathlonnmnm.yashicadev.cz\/en\/info-for-visitors\/parking\/\",\"name\":\"Parking - BMW IBU Sv\\u011btov\\u00fd poh\\u00e1r v biatlonu NMNM 2020\",\"isPartOf\":{\"@id\":\"https:\/\/biathlonnmnm.yashicadev.cz\/en\/#website\"},\"primaryImageOfPage\":{\"@id\":\"https:\/\/biathlonnmnm.yashicadev.cz\/en\/info-for-visitors\/parking\/#primaryimage\"},\"datePublished\":\"2016-11-15T14:21:41+00:00\",\"dateModified\":\"2024-01-04T15:28:02+00:00\",\"inLanguage\":\"en-US\",\"potentialAction\":[{\"@type\":\"ReadAction\",\"target\":[\"https:\/\/biathlonnmnm.yashicadev.cz\/en\/info-for-visitors\/parking\/\"]}]}]}<\/script>\n<!-- \/ Yoast SEO Premium plugin. -->","_links":{"self":[{"href":"https:\/\/biathlonnmnm.yashicadev.cz\/en\/wp-json\/wp\/v2\/pages\/254"}],"collection":[{"href":"https:\/\/biathlonnmnm.yashicadev.cz\/en\/wp-json\/wp\/v2\/pages"}],"about":[{"href":"https:\/\/biathlonnmnm.yashicadev.cz\/en\/wp-json\/wp\/v2\/types\/page"}],"author":[{"embeddable":true,"href":"https:\/\/biathlonnmnm.yashicadev.cz\/en\/wp-json\/wp\/v2\/users\/8"}],"replies":[{"embeddable":true,"href":"https:\/\/biathlonnmnm.yashicadev.cz\/en\/wp-json\/wp\/v2\/comments?post=254"}],"version-history":[{"count":10,"href":"https:\/\/biathlonnmnm.yashicadev.cz\/en\/wp-json\/wp\/v2\/pages\/254\/revisions"}],"predecessor-version":[{"id":7752,"href":"https:\/\/biathlonnmnm.yashicadev.cz\/en\/wp-json\/wp\/v2\/pages\/254\/revisions\/7752"}],"up":[{"embeddable":true,"href":"https:\/\/biathlonnmnm.yashicadev.cz\/en\/wp-json\/wp\/v2\/pages\/248"}],"wp:attachment":[{"href":"https:\/\/biathlonnmnm.yashicadev.cz\/en\/wp-json\/wp\/v2\/media?parent=254"}],"wp:term":[{"taxonomy":"yst_prominent_words","embeddable":true,"href":"https:\/\/biathlonnmnm.yashicadev.cz\/en\/wp-json\/wp\/v2\/yst_prominent_words?post=254"}],"curies":[{"name":"wp","href":"https:\/\/api.w.org\/{rel}","templated":true}]}}