{"id":259,"date":"2016-11-15T14:29:24","date_gmt":"2016-11-15T14:29:24","guid":{"rendered":"https:\/\/biathlonnmnm.yashicadev.cz\/en\/?page_id=259"},"modified":"2023-02-28T19:03:56","modified_gmt":"2023-02-28T19:03:56","slug":"tracks","status":"publish","type":"page","link":"https:\/\/biathlonnmnm.yashicadev.cz\/en\/schedule\/tracks\/","title":{"rendered":"Courses"},"content":{"rendered":"<h5>BMW IBU World Cup Biathlon NMNM 2023<\/h5>\n<p>Vyso\u010dina Arena, Nov\u00e9 M\u011bsto na Morav\u011b | 27. 2. &#8211; 5. 3. 2023<\/p>\n<div style=\"overflow-x: auto;\">\n<table style=\"width: 700px;\">\n<tbody>\n<tr style=\"background-color: #023850;\">\n<th style=\"color: white; height: 21px; width: 78px;\">Day<\/th>\n<th style=\"color: white; height: 21px; width: 123px;\">&nbsp;<\/th>\n<th style=\"color: white; text-align: center; height: 21px; width: 67px;\">Start<\/th>\n<th style=\"color: white; height: 21px; width: 130px; text-align: left;\">Competition<\/th>\n<th style=\"color: white; height: 21px; width: 129px; text-align: left;\">Course<\/th>\n<th style=\"color: white; width: 181px; height: 21px; text-align: left;\">Loop<\/th>\n<\/tr>\n<tr style=\"height: 21px;\">\n<td style=\"height: 21px; width: 78px;\">Thursday<\/td>\n<td style=\"height: 21px; width: 123px;\">2nd March 2023<\/td>\n<td style=\"text-align: center; height: 21px; width: 67px;\">16:10<\/td>\n<td style=\"height: 21px; width: 130px; text-align: left;\">Sprint Men<\/td>\n<td style=\"height: 21px; width: 129px; text-align: left;\">10 km\/PS<\/td>\n<td style=\"width: 181px; height: 21px; text-align: left;\"><span style=\"color: #333399;\"><span style=\"color: #000000;\">3x<\/span> <\/span><strong><span style=\"color: #333399;\">3 300 m<\/span><\/strong><\/td>\n<\/tr>\n<tr style=\"height: 24px;\">\n<td style=\"width: 78px; height: 24px;\">Friday<\/td>\n<td style=\"width: 123px; height: 24px;\">3rd March 2023<\/td>\n<td style=\"text-align: center; width: 67px; height: 24px;\">16:10<\/td>\n<td style=\"height: 24px; width: 130px; text-align: left;\">Sprint Women<\/td>\n<td style=\"height: 24px; width: 129px; text-align: left;\">7,5 km\/PS<\/td>\n<td style=\"width: 181px; height: 24px; text-align: left;\"><span style=\"color: #99cc00;\"><span style=\"color: #000000;\">3x<\/span> <\/span><strong><span style=\"color: #99cc00;\">2 500 m<\/span><\/strong><\/td>\n<\/tr>\n<tr style=\"height: 21px;\">\n<td style=\"height: 21px; width: 78px;\">Saturday<\/td>\n<td style=\"height: 21px; width: 123px;\">4th March 2023<\/td>\n<td style=\"text-align: center; height: 21px; width: 67px;\">13:50<\/td>\n<td style=\"height: 21px; width: 130px; text-align: left;\">Pursuit Men<\/td>\n<td style=\"height: 21px; width: 129px; text-align: left;\">12,5 km\/PPSS<\/td>\n<td style=\"width: 181px; height: 21px; text-align: left;\"><span style=\"color: #99cc00;\"><span style=\"color: #000000;\">5x<\/span> <\/span><strong><span style=\"color: #99cc00;\">2 500 m<\/span><\/strong><\/td>\n<\/tr>\n<tr style=\"height: 24px;\">\n<td style=\"width: 78px; height: 24px;\">&nbsp;<\/td>\n<td style=\"width: 123px; height: 24px;\">&nbsp;<\/td>\n<td style=\"text-align: center; width: 67px; height: 24px;\">15:45<\/td>\n<td style=\"height: 24px; width: 130px; text-align: left;\">Pursuit Women<\/td>\n<td style=\"height: 24px; width: 129px; text-align: left;\">10 km\/PPSS<\/td>\n<td style=\"width: 181px; height: 24px; text-align: left;\"><span style=\"color: #000000;\">5x <\/span><strong><span style=\"color: #ff0000;\">2 000 m<\/span><\/strong><\/td>\n<\/tr>\n<tr style=\"height: 24px;\">\n<td style=\"width: 78px; height: 24px;\">Sunday<\/td>\n<td style=\"height: 24px; width: 123px;\">5th March 2023<\/td>\n<td style=\"text-align: center; width: 67px; height: 24px;\">11:30<\/td>\n<td style=\"width: 130px; height: 24px; text-align: left;\">Mixed Relay (W+M)<\/td>\n<td style=\"width: 129px; height: 24px; text-align: left;\">4&#215;6 km\/PS<\/td>\n<td style=\"width: 181px; height: 24px; text-align: left;\"><span style=\"color: #000000;\">3x <\/span><strong><span style=\"color: #ff0000;\">2 000 m<\/span><\/strong><\/td>\n<\/tr>\n<tr style=\"height: 44px;\">\n<td style=\"width: 78px; height: 44px; vertical-align: top;\">&nbsp;<\/td>\n<td style=\"width: 123px; height: 44px;\">&nbsp;<\/td>\n<td style=\"text-align: center; width: 67px; height: 44px; vertical-align: top;\">15:15<\/td>\n<td style=\"width: 130px; height: 44px; text-align: left; vertical-align: top;\">Single Mixed Relay (W+M)<\/td>\n<td style=\"width: 129px; height: 44px; text-align: left; vertical-align: top;\">6 km + 7,5 km\/PS<\/td>\n<td style=\"width: 181px; height: 44px; text-align: left; vertical-align: top;\"><span style=\"color: #000000;\">4x <\/span><strong><span style=\"color: #ff6600;\">1 500 m <\/span><\/strong><span style=\"color: #000000;\">(W)<\/span><strong><span style=\"color: #ff6600;\"><br><\/span><\/strong><span style=\"color: #000000;\">5x <\/span><strong><span style=\"color: #ff6600;\">1 500 m <\/span><\/strong><span style=\"color: #000000;\">(M)<\/span><\/td>\n<\/tr>\n<\/tbody>\n<\/table>\n<\/div>\n\n\n<figure class=\"wp-block-image size-large\"><img decoding=\"async\" loading=\"lazy\" width=\"722\" height=\"1024\" src=\"https:\/\/biathlonnmnm.yashicadev.cz\/wp-content\/uploads\/2022\/10\/NMNM-courses-WC-2023-SPR-M-722x1024.jpg\" alt=\"\" class=\"wp-image-6167\" srcset=\"https:\/\/biathlonnmnm.yashicadev.cz\/wp-content\/uploads\/2022\/10\/NMNM-courses-WC-2023-SPR-M-722x1024.jpg 722w, https:\/\/biathlonnmnm.yashicadev.cz\/wp-content\/uploads\/2022\/10\/NMNM-courses-WC-2023-SPR-M-211x300.jpg 211w, https:\/\/biathlonnmnm.yashicadev.cz\/wp-content\/uploads\/2022\/10\/NMNM-courses-WC-2023-SPR-M-768x1090.jpg 768w, https:\/\/biathlonnmnm.yashicadev.cz\/wp-content\/uploads\/2022\/10\/NMNM-courses-WC-2023-SPR-M-35x50.jpg 35w, https:\/\/biathlonnmnm.yashicadev.cz\/wp-content\/uploads\/2022\/10\/NMNM-courses-WC-2023-SPR-M.jpg 874w\" sizes=\"(max-width: 722px) 100vw, 722px\" \/><\/figure>\n\n\n\n<figure class=\"wp-block-image size-large\"><img decoding=\"async\" loading=\"lazy\" width=\"722\" height=\"1024\" src=\"https:\/\/biathlonnmnm.yashicadev.cz\/wp-content\/uploads\/2023\/02\/NMNM-courses-WC-2023-updated-onsite3-722x1024.jpg\" alt=\"\" class=\"wp-image-6919\" srcset=\"https:\/\/biathlonnmnm.yashicadev.cz\/wp-content\/uploads\/2023\/02\/NMNM-courses-WC-2023-updated-onsite3-722x1024.jpg 722w, https:\/\/biathlonnmnm.yashicadev.cz\/wp-content\/uploads\/2023\/02\/NMNM-courses-WC-2023-updated-onsite3-211x300.jpg 211w, https:\/\/biathlonnmnm.yashicadev.cz\/wp-content\/uploads\/2023\/02\/NMNM-courses-WC-2023-updated-onsite3-768x1090.jpg 768w, https:\/\/biathlonnmnm.yashicadev.cz\/wp-content\/uploads\/2023\/02\/NMNM-courses-WC-2023-updated-onsite3-35x50.jpg 35w, https:\/\/biathlonnmnm.yashicadev.cz\/wp-content\/uploads\/2023\/02\/NMNM-courses-WC-2023-updated-onsite3.jpg 874w\" sizes=\"(max-width: 722px) 100vw, 722px\" \/><\/figure>\n\n\n\n<figure class=\"wp-block-image size-large\"><img decoding=\"async\" loading=\"lazy\" width=\"722\" height=\"1024\" src=\"https:\/\/biathlonnmnm.yashicadev.cz\/wp-content\/uploads\/2023\/02\/NMNM-courses-WC-2023-updated-onsite4-722x1024.jpg\" alt=\"\" class=\"wp-image-6922\" srcset=\"https:\/\/biathlonnmnm.yashicadev.cz\/wp-content\/uploads\/2023\/02\/NMNM-courses-WC-2023-updated-onsite4-722x1024.jpg 722w, https:\/\/biathlonnmnm.yashicadev.cz\/wp-content\/uploads\/2023\/02\/NMNM-courses-WC-2023-updated-onsite4-211x300.jpg 211w, https:\/\/biathlonnmnm.yashicadev.cz\/wp-content\/uploads\/2023\/02\/NMNM-courses-WC-2023-updated-onsite4-768x1090.jpg 768w, https:\/\/biathlonnmnm.yashicadev.cz\/wp-content\/uploads\/2023\/02\/NMNM-courses-WC-2023-updated-onsite4-35x50.jpg 35w, https:\/\/biathlonnmnm.yashicadev.cz\/wp-content\/uploads\/2023\/02\/NMNM-courses-WC-2023-updated-onsite4.jpg 874w\" sizes=\"(max-width: 722px) 100vw, 722px\" \/><\/figure>\n\n\n\n<figure class=\"wp-block-image size-large\"><img decoding=\"async\" loading=\"lazy\" width=\"722\" height=\"1024\" src=\"https:\/\/biathlonnmnm.yashicadev.cz\/wp-content\/uploads\/2023\/02\/NMNM-courses-WC-2023-updated-onsite5-722x1024.jpg\" alt=\"\" class=\"wp-image-6925\" srcset=\"https:\/\/biathlonnmnm.yashicadev.cz\/wp-content\/uploads\/2023\/02\/NMNM-courses-WC-2023-updated-onsite5-722x1024.jpg 722w, https:\/\/biathlonnmnm.yashicadev.cz\/wp-content\/uploads\/2023\/02\/NMNM-courses-WC-2023-updated-onsite5-211x300.jpg 211w, https:\/\/biathlonnmnm.yashicadev.cz\/wp-content\/uploads\/2023\/02\/NMNM-courses-WC-2023-updated-onsite5-768x1090.jpg 768w, https:\/\/biathlonnmnm.yashicadev.cz\/wp-content\/uploads\/2023\/02\/NMNM-courses-WC-2023-updated-onsite5-35x50.jpg 35w, https:\/\/biathlonnmnm.yashicadev.cz\/wp-content\/uploads\/2023\/02\/NMNM-courses-WC-2023-updated-onsite5.jpg 874w\" sizes=\"(max-width: 722px) 100vw, 722px\" \/><\/figure>\n\n\n\n<figure class=\"wp-block-image size-large\"><img decoding=\"async\" loading=\"lazy\" width=\"722\" height=\"1024\" src=\"https:\/\/biathlonnmnm.yashicadev.cz\/wp-content\/uploads\/2023\/02\/NMNM-courses-WC-2023-updated-onsite6-722x1024.jpg\" alt=\"\" class=\"wp-image-6928\" srcset=\"https:\/\/biathlonnmnm.yashicadev.cz\/wp-content\/uploads\/2023\/02\/NMNM-courses-WC-2023-updated-onsite6-722x1024.jpg 722w, https:\/\/biathlonnmnm.yashicadev.cz\/wp-content\/uploads\/2023\/02\/NMNM-courses-WC-2023-updated-onsite6-211x300.jpg 211w, https:\/\/biathlonnmnm.yashicadev.cz\/wp-content\/uploads\/2023\/02\/NMNM-courses-WC-2023-updated-onsite6-768x1090.jpg 768w, https:\/\/biathlonnmnm.yashicadev.cz\/wp-content\/uploads\/2023\/02\/NMNM-courses-WC-2023-updated-onsite6-35x50.jpg 35w, https:\/\/biathlonnmnm.yashicadev.cz\/wp-content\/uploads\/2023\/02\/NMNM-courses-WC-2023-updated-onsite6.jpg 874w\" sizes=\"(max-width: 722px) 100vw, 722px\" \/><\/figure>\n\n\n\n<figure class=\"wp-block-image size-large\"><img decoding=\"async\" loading=\"lazy\" width=\"722\" height=\"1024\" src=\"https:\/\/biathlonnmnm.yashicadev.cz\/wp-content\/uploads\/2022\/10\/NMNM-courses-WC-2023-SMR-722x1024.jpg\" alt=\"\" class=\"wp-image-6182\" srcset=\"https:\/\/biathlonnmnm.yashicadev.cz\/wp-content\/uploads\/2022\/10\/NMNM-courses-WC-2023-SMR-722x1024.jpg 722w, https:\/\/biathlonnmnm.yashicadev.cz\/wp-content\/uploads\/2022\/10\/NMNM-courses-WC-2023-SMR-211x300.jpg 211w, https:\/\/biathlonnmnm.yashicadev.cz\/wp-content\/uploads\/2022\/10\/NMNM-courses-WC-2023-SMR-768x1090.jpg 768w, https:\/\/biathlonnmnm.yashicadev.cz\/wp-content\/uploads\/2022\/10\/NMNM-courses-WC-2023-SMR-35x50.jpg 35w, https:\/\/biathlonnmnm.yashicadev.cz\/wp-content\/uploads\/2022\/10\/NMNM-courses-WC-2023-SMR.jpg 874w\" sizes=\"(max-width: 722px) 100vw, 722px\" \/><\/figure>\n","protected":false},"excerpt":{"rendered":"<p>BMW IBU World Cup Biathlon NMNM 2023 Vyso\u010dina Arena, Nov\u00e9 M\u011bsto na Morav\u011b | 27. 2. &#8211; 5. 3. 2023 Day &nbsp; Start Competition Course Loop Thursday 2nd March 2023 16:10 Sprint Men 10 km\/PS 3x 3 300 m Friday 3rd March 2023 16:10 Sprint Women 7,5 km\/PS 3x 2 500 m Saturday 4th March [&hellip;]<\/p>\n","protected":false},"author":8,"featured_media":0,"parent":263,"menu_order":6,"comment_status":"closed","ping_status":"closed","template":"","meta":[],"yst_prominent_words":[],"yoast_head":"<!-- This site is optimized with the Yoast SEO Premium plugin v14.1 - https:\/\/yoast.com\/wordpress\/plugins\/seo\/ -->\n<meta name=\"robots\" content=\"noindex, follow\" \/>\n<meta property=\"og:locale\" content=\"en_US\" \/>\n<meta property=\"og:type\" content=\"article\" \/>\n<meta property=\"og:title\" content=\"Courses - BMW IBU Sv\u011btov\u00fd poh\u00e1r v biatlonu NMNM 2020\" \/>\n<meta property=\"og:description\" content=\"BMW IBU World Cup Biathlon NMNM 2023 Vyso\u010dina Arena, Nov\u00e9 M\u011bsto na Morav\u011b | 27. 2. &#8211; 5. 3. 2023 Day &nbsp; Start Competition Course Loop Thursday 2nd March 2023 16:10 Sprint Men 10 km\/PS 3x 3 300 m Friday 3rd March 2023 16:10 Sprint Women 7,5 km\/PS 3x 2 500 m Saturday 4th March [&hellip;]\" \/>\n<meta property=\"og:url\" content=\"https:\/\/biathlonnmnm.yashicadev.cz\/en\/schedule\/tracks\/\" \/>\n<meta property=\"og:site_name\" content=\"BMW IBU Sv\u011btov\u00fd poh\u00e1r v biatlonu NMNM 2020\" \/>\n<meta property=\"article:modified_time\" content=\"2023-02-28T19:03:56+00:00\" \/>\n<meta property=\"og:image\" content=\"https:\/\/biathlonnmnm.yashicadev.cz\/wp-content\/uploads\/2022\/10\/NMNM-courses-WC-2023-SPR-M-722x1024.jpg\" \/>\n<meta name=\"twitter:card\" content=\"summary_large_image\" \/>\n<script type=\"application\/ld+json\" class=\"yoast-schema-graph\">{\"@context\":\"https:\/\/schema.org\",\"@graph\":[{\"@type\":\"WebSite\",\"@id\":\"https:\/\/biathlonnmnm.yashicadev.cz\/en\/#website\",\"url\":\"https:\/\/biathlonnmnm.yashicadev.cz\/en\/\",\"name\":\"BMW IBU Sv\\u011btov\\u00fd poh\\u00e1r v biatlonu NMNM 2020\",\"description\":\"SP v biatlonu NMNM 5. - 8. 3. 2020\",\"potentialAction\":[{\"@type\":\"SearchAction\",\"target\":\"https:\/\/biathlonnmnm.yashicadev.cz\/en\/?s={search_term_string}\",\"query-input\":\"required name=search_term_string\"}],\"inLanguage\":\"en-US\"},{\"@type\":\"ImageObject\",\"@id\":\"https:\/\/biathlonnmnm.yashicadev.cz\/en\/schedule\/tracks\/#primaryimage\",\"inLanguage\":\"en-US\",\"url\":\"https:\/\/biathlonnmnm.yashicadev.cz\/wp-content\/uploads\/2022\/10\/NMNM-courses-WC-2023-SPR-M-722x1024.jpg\"},{\"@type\":\"WebPage\",\"@id\":\"https:\/\/biathlonnmnm.yashicadev.cz\/en\/schedule\/tracks\/#webpage\",\"url\":\"https:\/\/biathlonnmnm.yashicadev.cz\/en\/schedule\/tracks\/\",\"name\":\"Courses - BMW IBU Sv\\u011btov\\u00fd poh\\u00e1r v biatlonu NMNM 2020\",\"isPartOf\":{\"@id\":\"https:\/\/biathlonnmnm.yashicadev.cz\/en\/#website\"},\"primaryImageOfPage\":{\"@id\":\"https:\/\/biathlonnmnm.yashicadev.cz\/en\/schedule\/tracks\/#primaryimage\"},\"datePublished\":\"2016-11-15T14:29:24+00:00\",\"dateModified\":\"2023-02-28T19:03:56+00:00\",\"inLanguage\":\"en-US\",\"potentialAction\":[{\"@type\":\"ReadAction\",\"target\":[\"https:\/\/biathlonnmnm.yashicadev.cz\/en\/schedule\/tracks\/\"]}]}]}<\/script>\n<!-- \/ Yoast SEO Premium plugin. -->","_links":{"self":[{"href":"https:\/\/biathlonnmnm.yashicadev.cz\/en\/wp-json\/wp\/v2\/pages\/259"}],"collection":[{"href":"https:\/\/biathlonnmnm.yashicadev.cz\/en\/wp-json\/wp\/v2\/pages"}],"about":[{"href":"https:\/\/biathlonnmnm.yashicadev.cz\/en\/wp-json\/wp\/v2\/types\/page"}],"author":[{"embeddable":true,"href":"https:\/\/biathlonnmnm.yashicadev.cz\/en\/wp-json\/wp\/v2\/users\/8"}],"replies":[{"embeddable":true,"href":"https:\/\/biathlonnmnm.yashicadev.cz\/en\/wp-json\/wp\/v2\/comments?post=259"}],"version-history":[{"count":20,"href":"https:\/\/biathlonnmnm.yashicadev.cz\/en\/wp-json\/wp\/v2\/pages\/259\/revisions"}],"predecessor-version":[{"id":6933,"href":"https:\/\/biathlonnmnm.yashicadev.cz\/en\/wp-json\/wp\/v2\/pages\/259\/revisions\/6933"}],"up":[{"embeddable":true,"href":"https:\/\/biathlonnmnm.yashicadev.cz\/en\/wp-json\/wp\/v2\/pages\/263"}],"wp:attachment":[{"href":"https:\/\/biathlonnmnm.yashicadev.cz\/en\/wp-json\/wp\/v2\/media?parent=259"}],"wp:term":[{"taxonomy":"yst_prominent_words","embeddable":true,"href":"https:\/\/biathlonnmnm.yashicadev.cz\/en\/wp-json\/wp\/v2\/yst_prominent_words?post=259"}],"curies":[{"name":"wp","href":"https:\/\/api.w.org\/{rel}","templated":true}]}}