{"id":263,"date":"2016-11-15T14:31:32","date_gmt":"2016-11-15T14:31:32","guid":{"rendered":"https:\/\/biathlonnmnm.yashicadev.cz\/en\/?page_id=263"},"modified":"2023-05-11T15:47:30","modified_gmt":"2023-05-11T15:47:30","slug":"schedule","status":"publish","type":"page","link":"https:\/\/biathlonnmnm.yashicadev.cz\/en\/schedule\/","title":{"rendered":"Programme"},"content":{"rendered":"\n<h2>BMW IBU WORLD CHAMPIONSHIPS 2024<\/h2>\n\n\n\n<h4>Wednesday 7 February<\/h4>\n\n\n\n<p><strong>17:20<\/strong>\u00a0\u2013 Mixed Relay<\/p>\n\n\n\n<h4>Friday 9 February<\/h4>\n\n\n\n<p><strong>17:20<\/strong>\u00a0\u2013 Sprint Women<\/p>\n\n\n\n<h4>Saturday 10 February<\/h4>\n\n\n\n<p><strong>17:05<\/strong>\u00a0\u2013 Sprint Men<\/p>\n\n\n\n<h4>Sunday 11 February<\/h4>\n\n\n\n<p><strong>14:30<\/strong>\u00a0\u2013 Pursuit Women<br><strong>17:05<\/strong>\u00a0\u2013 Pursuit Men<\/p>\n\n\n\n<h4>Tuesday 13 February<\/h4>\n\n\n\n<p><strong>17:10<\/strong>\u00a0\u2013 Individual Women<\/p>\n\n\n\n<h4>Wednesday 14 February<\/h4>\n\n\n\n<p><strong>17:20<\/strong>\u00a0\u2013 Individual Men<\/p>\n\n\n\n<h4>Thursday 15 February<\/h4>\n\n\n\n<p><strong>18:00<\/strong>\u00a0\u2013 Single Mixed Relay<\/p>\n\n\n\n<h4>Saturday 17 February<\/h4>\n\n\n\n<p><strong>13:45<\/strong>\u00a0\u2013 Relay Women<br><strong>16:30<\/strong>\u00a0\u2013 Relay Men<\/p>\n\n\n\n<h4>Sunday 18 February<\/h4>\n\n\n\n<p><strong>14:15<\/strong>\u00a0\u2013 Mass Start Women<br><strong>16:30<\/strong>\u00a0\u2013 Mass Start Men<\/p>\n","protected":false},"excerpt":{"rendered":"<p>BMW IBU WORLD CHAMPIONSHIPS 2024 Wednesday 7 February 17:20\u00a0\u2013 Mixed Relay Friday 9 February 17:20\u00a0\u2013 Sprint Women Saturday 10 February 17:05\u00a0\u2013 Sprint Men Sunday 11 February 14:30\u00a0\u2013 Pursuit Women17:05\u00a0\u2013 Pursuit Men Tuesday 13 February 17:10\u00a0\u2013 Individual Women Wednesday 14 February 17:20\u00a0\u2013 Individual Men Thursday 15 February 18:00\u00a0\u2013 Single Mixed Relay Saturday 17 February 13:45\u00a0\u2013 Relay [&hellip;]<\/p>\n","protected":false},"author":8,"featured_media":0,"parent":0,"menu_order":23,"comment_status":"closed","ping_status":"closed","template":"","meta":[],"yst_prominent_words":[],"yoast_head":"<!-- This site is optimized with the Yoast SEO Premium plugin v14.1 - https:\/\/yoast.com\/wordpress\/plugins\/seo\/ -->\n<meta name=\"robots\" content=\"noindex, follow\" \/>\n<meta property=\"og:locale\" content=\"en_US\" \/>\n<meta property=\"og:type\" content=\"article\" \/>\n<meta property=\"og:title\" content=\"Programme - BMW IBU Sv\u011btov\u00fd poh\u00e1r v biatlonu NMNM 2020\" \/>\n<meta property=\"og:description\" content=\"BMW IBU WORLD CHAMPIONSHIPS 2024 Wednesday 7 February 17:20\u00a0\u2013 Mixed Relay Friday 9 February 17:20\u00a0\u2013 Sprint Women Saturday 10 February 17:05\u00a0\u2013 Sprint Men Sunday 11 February 14:30\u00a0\u2013 Pursuit Women17:05\u00a0\u2013 Pursuit Men Tuesday 13 February 17:10\u00a0\u2013 Individual Women Wednesday 14 February 17:20\u00a0\u2013 Individual Men Thursday 15 February 18:00\u00a0\u2013 Single Mixed Relay Saturday 17 February 13:45\u00a0\u2013 Relay [&hellip;]\" \/>\n<meta property=\"og:url\" content=\"https:\/\/biathlonnmnm.yashicadev.cz\/en\/schedule\/\" \/>\n<meta property=\"og:site_name\" content=\"BMW IBU Sv\u011btov\u00fd poh\u00e1r v biatlonu NMNM 2020\" \/>\n<meta property=\"article:modified_time\" content=\"2023-05-11T15:47:30+00:00\" \/>\n<meta name=\"twitter:card\" content=\"summary_large_image\" \/>\n<script type=\"application\/ld+json\" class=\"yoast-schema-graph\">{\"@context\":\"https:\/\/schema.org\",\"@graph\":[{\"@type\":\"WebSite\",\"@id\":\"https:\/\/biathlonnmnm.yashicadev.cz\/en\/#website\",\"url\":\"https:\/\/biathlonnmnm.yashicadev.cz\/en\/\",\"name\":\"BMW IBU Sv\\u011btov\\u00fd poh\\u00e1r v biatlonu NMNM 2020\",\"description\":\"SP v biatlonu NMNM 5. - 8. 3. 2020\",\"potentialAction\":[{\"@type\":\"SearchAction\",\"target\":\"https:\/\/biathlonnmnm.yashicadev.cz\/en\/?s={search_term_string}\",\"query-input\":\"required name=search_term_string\"}],\"inLanguage\":\"en-US\"},{\"@type\":\"WebPage\",\"@id\":\"https:\/\/biathlonnmnm.yashicadev.cz\/en\/schedule\/#webpage\",\"url\":\"https:\/\/biathlonnmnm.yashicadev.cz\/en\/schedule\/\",\"name\":\"Programme - BMW IBU Sv\\u011btov\\u00fd poh\\u00e1r v biatlonu NMNM 2020\",\"isPartOf\":{\"@id\":\"https:\/\/biathlonnmnm.yashicadev.cz\/en\/#website\"},\"datePublished\":\"2016-11-15T14:31:32+00:00\",\"dateModified\":\"2023-05-11T15:47:30+00:00\",\"inLanguage\":\"en-US\",\"potentialAction\":[{\"@type\":\"ReadAction\",\"target\":[\"https:\/\/biathlonnmnm.yashicadev.cz\/en\/schedule\/\"]}]}]}<\/script>\n<!-- \/ Yoast SEO Premium plugin. -->","_links":{"self":[{"href":"https:\/\/biathlonnmnm.yashicadev.cz\/en\/wp-json\/wp\/v2\/pages\/263"}],"collection":[{"href":"https:\/\/biathlonnmnm.yashicadev.cz\/en\/wp-json\/wp\/v2\/pages"}],"about":[{"href":"https:\/\/biathlonnmnm.yashicadev.cz\/en\/wp-json\/wp\/v2\/types\/page"}],"author":[{"embeddable":true,"href":"https:\/\/biathlonnmnm.yashicadev.cz\/en\/wp-json\/wp\/v2\/users\/8"}],"replies":[{"embeddable":true,"href":"https:\/\/biathlonnmnm.yashicadev.cz\/en\/wp-json\/wp\/v2\/comments?post=263"}],"version-history":[{"count":6,"href":"https:\/\/biathlonnmnm.yashicadev.cz\/en\/wp-json\/wp\/v2\/pages\/263\/revisions"}],"predecessor-version":[{"id":7436,"href":"https:\/\/biathlonnmnm.yashicadev.cz\/en\/wp-json\/wp\/v2\/pages\/263\/revisions\/7436"}],"wp:attachment":[{"href":"https:\/\/biathlonnmnm.yashicadev.cz\/en\/wp-json\/wp\/v2\/media?parent=263"}],"wp:term":[{"taxonomy":"yst_prominent_words","embeddable":true,"href":"https:\/\/biathlonnmnm.yashicadev.cz\/en\/wp-json\/wp\/v2\/yst_prominent_words?post=263"}],"curies":[{"name":"wp","href":"https:\/\/api.w.org\/{rel}","templated":true}]}}