{"id":4138,"date":"2020-09-09T10:13:36","date_gmt":"2020-09-09T10:13:36","guid":{"rendered":"https:\/\/biathlonnmnm.yashicadev.cz\/?page_id=4138"},"modified":"2023-02-03T11:53:36","modified_gmt":"2023-02-03T11:53:36","slug":"404-2","status":"publish","type":"page","link":"https:\/\/biathlonnmnm.yashicadev.cz\/en\/404-2\/","title":{"rendered":"404"},"content":{"rendered":"\n<p>We&#8217;re sorry, but the page you are looking for cannot be displayed.<\/p>\n","protected":false},"excerpt":{"rendered":"<p>We&#8217;re sorry, but the page you are looking for cannot be displayed.<\/p>\n","protected":false},"author":8,"featured_media":0,"parent":0,"menu_order":1,"comment_status":"closed","ping_status":"closed","template":"","meta":[],"yst_prominent_words":[],"yoast_head":"<!-- This site is optimized with the Yoast SEO Premium plugin v14.1 - https:\/\/yoast.com\/wordpress\/plugins\/seo\/ -->\n<meta name=\"robots\" content=\"noindex, follow\" \/>\n<meta property=\"og:locale\" content=\"en_US\" \/>\n<meta property=\"og:type\" content=\"article\" \/>\n<meta property=\"og:title\" content=\"404 - BMW IBU Sv\u011btov\u00fd poh\u00e1r v biatlonu NMNM 2020\" \/>\n<meta property=\"og:description\" content=\"We&#8217;re sorry, but the page you are looking for cannot be displayed.\" \/>\n<meta property=\"og:url\" content=\"https:\/\/biathlonnmnm.yashicadev.cz\/404-2\/\" \/>\n<meta property=\"og:site_name\" content=\"BMW IBU Sv\u011btov\u00fd poh\u00e1r v biatlonu NMNM 2020\" \/>\n<meta property=\"article:modified_time\" content=\"2023-02-03T11:53:36+00:00\" \/>\n<meta name=\"twitter:card\" content=\"summary_large_image\" \/>\n<script type=\"application\/ld+json\" class=\"yoast-schema-graph\">{\"@context\":\"https:\/\/schema.org\",\"@graph\":[{\"@type\":\"WebSite\",\"@id\":\"https:\/\/biathlonnmnm.yashicadev.cz\/en\/#website\",\"url\":\"https:\/\/biathlonnmnm.yashicadev.cz\/en\/\",\"name\":\"BMW IBU Sv\\u011btov\\u00fd poh\\u00e1r v biatlonu NMNM 2020\",\"description\":\"SP v biatlonu NMNM 5. - 8. 3. 2020\",\"potentialAction\":[{\"@type\":\"SearchAction\",\"target\":\"https:\/\/biathlonnmnm.yashicadev.cz\/en\/?s={search_term_string}\",\"query-input\":\"required name=search_term_string\"}],\"inLanguage\":\"en-US\"},{\"@type\":\"WebPage\",\"@id\":\"https:\/\/biathlonnmnm.yashicadev.cz\/404-2\/#webpage\",\"url\":\"https:\/\/biathlonnmnm.yashicadev.cz\/404-2\/\",\"name\":\"404 - BMW IBU Sv\\u011btov\\u00fd poh\\u00e1r v biatlonu NMNM 2020\",\"isPartOf\":{\"@id\":\"https:\/\/biathlonnmnm.yashicadev.cz\/en\/#website\"},\"datePublished\":\"2020-09-09T10:13:36+00:00\",\"dateModified\":\"2023-02-03T11:53:36+00:00\",\"inLanguage\":\"en-US\",\"potentialAction\":[{\"@type\":\"ReadAction\",\"target\":[\"https:\/\/biathlonnmnm.yashicadev.cz\/404-2\/\"]}]}]}<\/script>\n<!-- \/ Yoast SEO Premium plugin. -->","_links":{"self":[{"href":"https:\/\/biathlonnmnm.yashicadev.cz\/en\/wp-json\/wp\/v2\/pages\/4138"}],"collection":[{"href":"https:\/\/biathlonnmnm.yashicadev.cz\/en\/wp-json\/wp\/v2\/pages"}],"about":[{"href":"https:\/\/biathlonnmnm.yashicadev.cz\/en\/wp-json\/wp\/v2\/types\/page"}],"author":[{"embeddable":true,"href":"https:\/\/biathlonnmnm.yashicadev.cz\/en\/wp-json\/wp\/v2\/users\/8"}],"replies":[{"embeddable":true,"href":"https:\/\/biathlonnmnm.yashicadev.cz\/en\/wp-json\/wp\/v2\/comments?post=4138"}],"version-history":[{"count":1,"href":"https:\/\/biathlonnmnm.yashicadev.cz\/en\/wp-json\/wp\/v2\/pages\/4138\/revisions"}],"predecessor-version":[{"id":4139,"href":"https:\/\/biathlonnmnm.yashicadev.cz\/en\/wp-json\/wp\/v2\/pages\/4138\/revisions\/4139"}],"wp:attachment":[{"href":"https:\/\/biathlonnmnm.yashicadev.cz\/en\/wp-json\/wp\/v2\/media?parent=4138"}],"wp:term":[{"taxonomy":"yst_prominent_words","embeddable":true,"href":"https:\/\/biathlonnmnm.yashicadev.cz\/en\/wp-json\/wp\/v2\/yst_prominent_words?post=4138"}],"curies":[{"name":"wp","href":"https:\/\/api.w.org\/{rel}","templated":true}]}}